{"id":451,"date":"2013-06-21T11:08:22","date_gmt":"2013-06-21T09:08:22","guid":{"rendered":"http:\/\/www.granulati.it\/it\/?page_id=451"},"modified":"2026-03-12T11:32:07","modified_gmt":"2026-03-12T10:32:07","slug":"sostenibilita","status":"publish","type":"page","link":"https:\/\/www.granulati.it\/de\/nachhaltigkeit\/","title":{"rendered":"NACHHALTIGKEIT"},"content":{"rendered":"<p><\/p>\n<div style=\"background-color: #006785; height: 50px;\">\n<h1 style=\"padding-top: 10px;\"><span style=\"color: white;\">NACHHALTIGKEIT<\/span><\/h1>\n<\/div>\n<div><img loading=\"lazy\" class=\"alignnone wp-image-40146 size-full colorbox-451\" src=\"https:\/\/www.granulati.it\/wp-content\/uploads\/2018\/04\/sostenibilita-granulati.jpg\" alt=\"\" width=\"1920\" height=\"814\" \/><\/div>\n<div class=\"shortcode1-2\">\n<img loading=\"lazy\" class=\"alignleft wp-image-40153 size-full colorbox-451\" src=\"https:\/\/www.granulati.it\/wp-content\/uploads\/2018\/04\/sostenibilit\u00e0-granulati1.jpg\" alt=\"\" width=\"450\" height=\"233\" srcset=\"https:\/\/www.granulati.it\/wp-content\/uploads\/2018\/04\/sostenibilit\u00e0-granulati1.jpg 450w, https:\/\/www.granulati.it\/wp-content\/uploads\/2018\/04\/sostenibilit\u00e0-granulati1-97x50.jpg 97w, https:\/\/www.granulati.it\/wp-content\/uploads\/2018\/04\/sostenibilit\u00e0-granulati1-300x155.jpg 300w\" sizes=\"(max-width: 450px) 100vw, 450px\" \/>\n<\/div>\n<div class=\"shortcode1-2\">\n<h2 style=\"line-height:38px; font-family: 'Raleway'\"><span style=\"font-size:40px;\"><strong>NACHHALTIGKEIT<\/strong><\/span><br \/>\nGRUNDLEGENDER ASPEKT IN UNSERER UNTERNEHMENSSTRATEGIE<\/h2>\n<p>&nbsp;<\/p>\n<h4 style=\"line-height:24px; font-family: 'Raleway'\">Wir versuchen, sozial und \u00f6kologisch verantwortungsbewusst zu handeln und die Auswirkungen unserer Aktivit\u00e4ten auf die Umwelt zu minimieren.<\/h4>\n<\/div>\n<hr \/>\n<div class=\"shortcode1-2\">\n<p><span style=\"font-size:18px; font-family: 'Raleway'\"><em>Unser Unternehmen ist zertifiziert:<\/em> <a target=\"blank\" href=\"http:\/\/www.granulati.it\/wp-content\/uploads\/2019\/01\/Z190117_Granulati-Zandobbio_14001.pdf\" class=\"mtli_attachment mtli_pdf\" rel=\"noopener noreferrer\"><strong>ISO 14001:2015 (environmental sustainability)<\/strong><\/a><br \/>\n<a target=\"blank\" href=\"http:\/\/www.granulati.it\/wp-content\/uploads\/2019\/01\/Z190117_Granulati-Zandobbio_9001.pdf\" class=\"mtli_attachment mtli_pdf\" rel=\"noopener noreferrer\"><strong>ISO 9001:2015 (quality)<\/strong><\/a><\/span><\/p>\n<p>&nbsp;<\/p>\n<p><span style=\"font-size:14px; font-family: 'Raleway'\">Das Unternehmen ist bestrebt, Produktionsl\u00f6sungen zu verwenden, die es ihm erm\u00f6glichen, die besten Umweltauswirkungen zu erzielen und ethisches Verhalten gegen\u00fcber allen Mitarbeitern zu korrigieren.<br \/>\n&nbsp;<\/p>\n<p><strong>PRODUKTION:<\/strong><\/p>\n<ul style=\"font-size:14px; font-family: 'Raleway'\">\n<li>Anlagen der neuesten Generation in \u00dcbereinstimmung mit dem Gesetz<\/li>\n<li>Schallschutzsysteme<\/li>\n<li>Reduzierung von Luftstaub auf allen Systemen<\/li>\n<li>Reinigung von Fahrzeugen, die das Werk verlassen<\/li>\n<li>Neue Trocknungsanlagen mit Energier\u00fcckgewinnung<\/li>\n<li>Wiederverwendung von Abwasser<\/li>\n<li>Recyceltes Material als Rohstoff<\/li>\n<\/ul>\n<p>&nbsp;<\/p>\n<p><strong>MITARBEITER:<\/strong><\/p>\n<ul style=\"font-size:14px; font-family: 'Raleway'\">\n<li>30% der Mitarbeiter sind weiblich, auch mit Schl\u00fcsselrollen, mit den gleichen Geh\u00e4ltern wie M\u00e4nner<\/li>\n<li>60% des B\u00fcropersonals sind weiblich<\/li>\n<li>20% der weiblichen und m\u00e4nnlichen Mitarbeiter kommen aus 9 L\u00e4ndern<\/li>\n<li>Bereitstellung eines sicheren und gesunden Arbeitsplatzes<\/li>\n<li>Verbot von Kinder-, Zwangs- oder Zwangsarbeit<\/li>\n<li>L\u00f6hne, die den nationalen gesetzlichen Standards entsprechen<\/li>\n<li>Eigene Stromerzeugung aus Solarquellen (ca. 70 % des gesamten Stromverbrauchs)<\/li>\n<\/ul>\n<p>&nbsp;<\/p>\n<p><\/span><\/p>\n<\/div>\n<div class=\"shortcode1-2\">\n<img loading=\"lazy\" class=\"wp-image-40152 size-full alignright colorbox-451\" src=\"https:\/\/www.granulati.it\/wp-content\/uploads\/2018\/04\/sostenibilit\u00e0-granulati3-1.jpg\" alt=\"\" width=\"450\" height=\"320\" srcset=\"https:\/\/www.granulati.it\/wp-content\/uploads\/2018\/04\/sostenibilit\u00e0-granulati3-1.jpg 450w, https:\/\/www.granulati.it\/wp-content\/uploads\/2018\/04\/sostenibilit\u00e0-granulati3-1-70x50.jpg 70w, https:\/\/www.granulati.it\/wp-content\/uploads\/2018\/04\/sostenibilit\u00e0-granulati3-1-300x213.jpg 300w, https:\/\/www.granulati.it\/wp-content\/uploads\/2018\/04\/sostenibilit\u00e0-granulati3-1-100x70.jpg 100w\" sizes=\"(max-width: 450px) 100vw, 450px\" \/><br \/>\n<img loading=\"lazy\" class=\"wp-image-40152 size-full alignright colorbox-451\" src=\"https:\/\/www.granulati.it\/wp-content\/uploads\/2018\/04\/sostenibilita-granulati2.jpg\" alt=\"\" width=\"450\" height=\"320\" \/>\n<\/div>\n<hr \/>\n<div class=\"shortcode1-2\">\n<img class=\"wp-image-40152 size-full alignright colorbox-451\" src=\"https:\/\/www.granulati.it\/wp-content\/uploads\/2026\/03\/sostenibilita-granulati4-1.jpg\" alt=\"\" width=\"450\" \/>\n<\/div>\n<div class=\"shortcode1-2\">\n<p><span style=\"font-size:18px; font-family: 'Raleway'\"><em>Zertifizierungen f\u00fcr soziale Verantwortung <strong>ICS-B und SEDEX<\/strong><\/span>:<\/em><\/p>\n<p>&nbsp;<\/p>\n<p><span style=\"font-size:14px; font-family: 'Raleway'\">Das Unternehmen ist auf der internationalen Plattform SEDEX (Supplier Ethical Data Exchange) registriert, die den Austausch und die \u00dcberwachung von Informationen zu Arbeitsbedingungen, Arbeitssicherheit, Umweltmanagement und Unternehmensethik entlang der Lieferkette erm\u00f6glicht.<br \/>\nDie \u00dcberpr\u00fcfungen erfolgen durch SMETA-Audits, einen der weltweit am h\u00e4ufigsten verwendeten Standards zur Bewertung der sozialen Verantwortung von Lieferanten.<br \/>\nDas Unternehmen nimmt au\u00dferdem am Programm ICS \u2013 Initiative for Compliance and Sustainability teil und hat die Bewertung ICS-B erhalten, die ein gutes Ma\u00df an Konformit\u00e4t mit Standards in Bezug auf Arbeitnehmerrechte, Sicherheit, Umweltmanagement und ethische Gesch\u00e4ftspraktiken best\u00e4tigt.<\/p>\n<p>&nbsp;<\/p>\n<p>Schau dir unsere an <a target=\"blank\" href=\"https:\/\/www.granulati.it\/de\/politica-aziendale\/\" rel=\"noopener noreferrer\"><strong>UNTERNEHMENSPOLITIK<\/strong><\/a><\/p>\n<p><\/span><\/p>\n<\/div>\n<\/div>\n<p><iframe loading=\"lazy\" width=\"100%\" height=\"315\" src=\"https:\/\/www.youtube.com\/embed\/UZz2r2K5Xtw\" title=\"YouTube video player\" frameborder=\"0\" allow=\"accelerometer; autoplay; clipboard-write; encrypted-media; gyroscope; picture-in-picture\" allowfullscreen><\/iframe><\/p>","protected":false},"excerpt":{"rendered":"<p>NACHHALTIGKEIT<\/p>\n","protected":false},"author":1,"featured_media":0,"parent":0,"menu_order":17,"comment_status":"open","ping_status":"open","template":"","meta":{"_links_to":"","_links_to_target":""},"aioseo_notices":[],"_links":{"self":[{"href":"https:\/\/www.granulati.it\/de\/wp-json\/wp\/v2\/pages\/451"}],"collection":[{"href":"https:\/\/www.granulati.it\/de\/wp-json\/wp\/v2\/pages"}],"about":[{"href":"https:\/\/www.granulati.it\/de\/wp-json\/wp\/v2\/types\/page"}],"author":[{"embeddable":true,"href":"https:\/\/www.granulati.it\/de\/wp-json\/wp\/v2\/users\/1"}],"replies":[{"embeddable":true,"href":"https:\/\/www.granulati.it\/de\/wp-json\/wp\/v2\/comments?post=451"}],"version-history":[{"count":75,"href":"https:\/\/www.granulati.it\/de\/wp-json\/wp\/v2\/pages\/451\/revisions"}],"predecessor-version":[{"id":84191,"href":"https:\/\/www.granulati.it\/de\/wp-json\/wp\/v2\/pages\/451\/revisions\/84191"}],"wp:attachment":[{"href":"https:\/\/www.granulati.it\/de\/wp-json\/wp\/v2\/media?parent=451"}],"curies":[{"name":"wp","href":"https:\/\/api.w.org\/{rel}","templated":true}]}}