{"id":42,"date":"2013-05-16T09:31:21","date_gmt":"2013-05-16T07:31:21","guid":{"rendered":"http:\/\/www.granulati.it\/it\/?page_id=42"},"modified":"2015-11-13T10:38:19","modified_gmt":"2015-11-13T09:38:19","slug":"basic-gravel","status":"publish","type":"page","link":"https:\/\/www.granulati.it\/de\/produkte\/gravels\/basic-gravel\/","title":{"rendered":"Basic Gravel"},"content":{"rendered":"<p>Eine besondere und sorgf\u00e4ltige Auswahl an Produkten, die ein optimales Preis-Qualit\u00e4tsverh\u00e4ltnis bieten.<\/p>","protected":false},"excerpt":{"rendered":"<p>Eine besondere und sorgf\u00e4ltige Auswahl an Produkten, die ein optimales Preis-Qualit\u00e4tsverh\u00e4ltnis bieten.<\/p>\n","protected":false},"author":1,"featured_media":73,"parent":36,"menu_order":32,"comment_status":"open","ping_status":"open","template":"page-cat_prodotti2.php","meta":{"_links_to":"","_links_to_target":""},"aioseo_notices":[],"_links":{"self":[{"href":"https:\/\/www.granulati.it\/de\/wp-json\/wp\/v2\/pages\/42"}],"collection":[{"href":"https:\/\/www.granulati.it\/de\/wp-json\/wp\/v2\/pages"}],"about":[{"href":"https:\/\/www.granulati.it\/de\/wp-json\/wp\/v2\/types\/page"}],"author":[{"embeddable":true,"href":"https:\/\/www.granulati.it\/de\/wp-json\/wp\/v2\/users\/1"}],"replies":[{"embeddable":true,"href":"https:\/\/www.granulati.it\/de\/wp-json\/wp\/v2\/comments?post=42"}],"version-history":[{"count":0,"href":"https:\/\/www.granulati.it\/de\/wp-json\/wp\/v2\/pages\/42\/revisions"}],"up":[{"embeddable":true,"href":"https:\/\/www.granulati.it\/de\/wp-json\/wp\/v2\/pages\/36"}],"wp:featuredmedia":[{"embeddable":true,"href":"https:\/\/www.granulati.it\/de\/wp-json\/wp\/v2\/media\/73"}],"wp:attachment":[{"href":"https:\/\/www.granulati.it\/de\/wp-json\/wp\/v2\/media?parent=42"}],"curies":[{"name":"wp","href":"https:\/\/api.w.org\/{rel}","templated":true}]}}