{"id":41,"date":"2013-05-16T09:31:05","date_gmt":"2013-05-16T07:31:05","guid":{"rendered":"http:\/\/www.granulati.it\/it\/?page_id=41"},"modified":"2015-11-13T10:36:01","modified_gmt":"2015-11-13T09:36:01","slug":"mineral-deco","status":"publish","type":"page","link":"https:\/\/www.granulati.it\/de\/produkte\/gravels\/mineral-deco\/","title":{"rendered":"Mineral Deco"},"content":{"rendered":"<p>Durch ihre besonderen Eigenschaften und ihre flache Form eignen sich diese Produkte als Ersatz f\u00fcr die nat\u00fcrliche Erdkruste in Form von Steinmulch zum Schutz des Bodens vor K\u00e4lte, Trockenheit und Unkraut (ohne die B\u00e4ume zu sch\u00e4digen). <\/p>","protected":false},"excerpt":{"rendered":"<p>Durch ihre besonderen Eigenschaften und ihre flache Form eignen sich diese Produkte als Ersatz f\u00fcr die nat\u00fcrliche Erdkruste in Form von Steinmulch zum Schutz des Bodens vor K\u00e4lte, Trockenheit und Unkraut (ohne die B\u00e4ume zu sch\u00e4digen).<\/p>\n","protected":false},"author":1,"featured_media":76,"parent":36,"menu_order":29,"comment_status":"open","ping_status":"open","template":"page-cat_prodotti2.php","meta":{"_links_to":"","_links_to_target":""},"aioseo_notices":[],"_links":{"self":[{"href":"https:\/\/www.granulati.it\/de\/wp-json\/wp\/v2\/pages\/41"}],"collection":[{"href":"https:\/\/www.granulati.it\/de\/wp-json\/wp\/v2\/pages"}],"about":[{"href":"https:\/\/www.granulati.it\/de\/wp-json\/wp\/v2\/types\/page"}],"author":[{"embeddable":true,"href":"https:\/\/www.granulati.it\/de\/wp-json\/wp\/v2\/users\/1"}],"replies":[{"embeddable":true,"href":"https:\/\/www.granulati.it\/de\/wp-json\/wp\/v2\/comments?post=41"}],"version-history":[{"count":0,"href":"https:\/\/www.granulati.it\/de\/wp-json\/wp\/v2\/pages\/41\/revisions"}],"up":[{"embeddable":true,"href":"https:\/\/www.granulati.it\/de\/wp-json\/wp\/v2\/pages\/36"}],"wp:featuredmedia":[{"embeddable":true,"href":"https:\/\/www.granulati.it\/de\/wp-json\/wp\/v2\/media\/76"}],"wp:attachment":[{"href":"https:\/\/www.granulati.it\/de\/wp-json\/wp\/v2\/media?parent=41"}],"curies":[{"name":"wp","href":"https:\/\/api.w.org\/{rel}","templated":true}]}}