{"id":404,"date":"2013-06-12T17:11:17","date_gmt":"2013-06-12T15:11:17","guid":{"rendered":"http:\/\/www.granulati.it\/it\/?page_id=404"},"modified":"2022-12-01T18:01:10","modified_gmt":"2022-12-01T17:01:10","slug":"ciottoli-orientali","status":"publish","type":"page","link":"https:\/\/www.granulati.it\/de\/produkte\/pebbles\/orientalischer-kies\/","title":{"rendered":"Decorative Kies"},"content":{"rendered":"<p>Diese Steine zeichnen sich durch ihre farblichen Merkmale aus, die einmalig und besonders eindrucksvoll sind; sie bestechen durch die Sch\u00f6nheit gerundeter Steine unterschiedlicher Gr\u00f6\u00dfe.<\/p>","protected":false},"excerpt":{"rendered":"<p>Diese Steine zeichnen sich durch ihre farblichen Merkmale aus, die einmalig und besonders eindrucksvoll sind; sie bestechen durch die Sch\u00f6nheit gerundeter Steine unterschiedlicher Gr\u00f6\u00dfe.<\/p>\n","protected":false},"author":1,"featured_media":4829,"parent":34,"menu_order":17,"comment_status":"open","ping_status":"open","template":"page-cat_prodotti2.php","meta":{"_links_to":"","_links_to_target":""},"aioseo_notices":[],"_links":{"self":[{"href":"https:\/\/www.granulati.it\/de\/wp-json\/wp\/v2\/pages\/404"}],"collection":[{"href":"https:\/\/www.granulati.it\/de\/wp-json\/wp\/v2\/pages"}],"about":[{"href":"https:\/\/www.granulati.it\/de\/wp-json\/wp\/v2\/types\/page"}],"author":[{"embeddable":true,"href":"https:\/\/www.granulati.it\/de\/wp-json\/wp\/v2\/users\/1"}],"replies":[{"embeddable":true,"href":"https:\/\/www.granulati.it\/de\/wp-json\/wp\/v2\/comments?post=404"}],"version-history":[{"count":1,"href":"https:\/\/www.granulati.it\/de\/wp-json\/wp\/v2\/pages\/404\/revisions"}],"predecessor-version":[{"id":77415,"href":"https:\/\/www.granulati.it\/de\/wp-json\/wp\/v2\/pages\/404\/revisions\/77415"}],"up":[{"embeddable":true,"href":"https:\/\/www.granulati.it\/de\/wp-json\/wp\/v2\/pages\/34"}],"wp:featuredmedia":[{"embeddable":true,"href":"https:\/\/www.granulati.it\/de\/wp-json\/wp\/v2\/media\/4829"}],"wp:attachment":[{"href":"https:\/\/www.granulati.it\/de\/wp-json\/wp\/v2\/media?parent=404"}],"curies":[{"name":"wp","href":"https:\/\/api.w.org\/{rel}","templated":true}]}}