{"id":402,"date":"2013-06-12T17:10:47","date_gmt":"2013-06-12T15:10:47","guid":{"rendered":"http:\/\/www.granulati.it\/it\/?page_id=402"},"modified":"2026-03-31T08:56:20","modified_gmt":"2026-03-31T06:56:20","slug":"ciottoli-lucidi","status":"publish","type":"page","link":"https:\/\/www.granulati.it\/de\/produkte\/pebbles\/glanzender-kies\/","title":{"rendered":"Spezielle Kies"},"content":{"rendered":"<div id=\"pl-402\"  class=\"panel-layout\" ><div id=\"pg-402-0\"  class=\"panel-grid panel-no-style\" ><div id=\"pgc-402-0-0\"  class=\"panel-grid-cell\" ><div id=\"panel-402-0-0-0\" class=\"so-panel widget widget_text panel-first-child panel-last-child\" data-index=\"0\" >\t\t\t<div class=\"textwidget\"><div style=\"background-color: #006785; height: 50px;\">\n<h1 style=\"padding-top: 10px;\"><span style=\"color: white;\">SPEZIELLE KIESEL<\/span><\/h1>\n<\/div>\n<\/div>\n\t\t<\/div><\/div><\/div><div id=\"pg-402-1\"  class=\"panel-grid panel-no-style\" ><div id=\"pgc-402-1-0\"  class=\"panel-grid-cell\" ><div id=\"panel-402-1-0-0\" class=\"so-panel widget widget_text panel-first-child panel-last-child\" data-index=\"1\" >\t\t\t<div class=\"textwidget\"><p style=\"font-size: 14px;\">Dieses Produkt wurde einer k\u00fcnstlichen Polierbehandlung unterzogen, die seine Verwendung im Innenbereich bei Anwendungen f\u00fcr prestigetr\u00e4chtige Dekorationen beg\u00fcnstigt. Bei Verwendung im Freien kann diese Eigenschaft im Laufe der Zeit verloren gehen.<\/p>\n<\/div>\n\t\t<\/div><\/div><\/div><div id=\"pg-402-2\"  class=\"panel-grid panel-no-style\" ><div id=\"pgc-402-2-0\"  class=\"panel-grid-cell\" ><div id=\"panel-402-2-0-0\" class=\"so-panel widget widget_text panel-first-child panel-last-child\" data-index=\"2\" >\t\t\t<div class=\"textwidget\"><p><a href=\"http:\/\/www.granulati.it\/wp-content\/uploads\/2019\/05\/iraniana-evidenza.jpg\"><img class=\"colorbox-402\"  src=\"http:\/\/www.granulati.it\/wp-content\/uploads\/2019\/05\/iraniana-evidenza.jpg\" \/><\/a><\/p>\n<h5 style=\"font-size: 15px; color: #006785;\">ONICE IRANIANA<\/h5>\n<hr \/>\n<p>25-40 mm (Big Bag 250 kg)<\/p>\n<\/div>\n\t\t<\/div><\/div><div id=\"pgc-402-2-1\"  class=\"panel-grid-cell\" ><div id=\"panel-402-2-1-0\" class=\"so-panel widget widget_text panel-first-child panel-last-child\" data-index=\"3\" >\t\t\t<div class=\"textwidget\"><p><a href=\"http:\/\/www.granulati.it\/wp-content\/uploads\/2013\/12\/ciottoli-granulati-zandobbio-angel-sparks-lucido.jpg\"><img class=\"colorbox-402\"  src=\"http:\/\/www.granulati.it\/wp-content\/uploads\/2013\/12\/ciottoli-granulati-zandobbio-angel-sparks-lucido.jpg\" \/><\/a><\/p>\n<h5 style=\"font-size: 15px; color: #006785;\">ANGEL SPARKS<\/h5>\n<hr \/>\n<p>40-100 mm (Big Bag 1300 kg &#8211; Big Bag 250 kg)<\/p>\n<\/div>\n\t\t<\/div><\/div><div id=\"pgc-402-2-2\"  class=\"panel-grid-cell\" ><div id=\"panel-402-2-2-0\" class=\"so-panel widget widget_text panel-first-child panel-last-child\" data-index=\"4\" >\t\t\t<div class=\"textwidget\"><p><a href=\"http:\/\/www.granulati.it\/wp-content\/uploads\/2013\/12\/ciottoli-granulati-zandobbio-zebra-lucido.jpg\"><img class=\"colorbox-402\"  src=\"http:\/\/www.granulati.it\/wp-content\/uploads\/2013\/12\/ciottoli-granulati-zandobbio-zebra-lucido.jpg\" \/><\/a><\/p>\n<h5 style=\"font-size: 15px; color: #006785;\">ZEBRA<\/h5>\n<hr \/>\n<p>40-100 mm (Big Bag 1500 kg &#8211; Big Bag 250 kg)<\/p>\n<p>&nbsp;<\/p>\n<\/div>\n\t\t<\/div><\/div><div id=\"pgc-402-2-3\"  class=\"panel-grid-cell\" ><div id=\"panel-402-2-3-0\" class=\"so-panel widget widget_text panel-first-child panel-last-child\" data-index=\"5\" >\t\t\t<div class=\"textwidget\"><p><a href=\"http:\/\/www.granulati.it\/wp-content\/uploads\/2013\/12\/ciottoli-granulati-zandobbio-di-mare-tahiti.jpg\"><img class=\"colorbox-402\"  src=\"http:\/\/www.granulati.it\/wp-content\/uploads\/2013\/12\/ciottoli-granulati-zandobbio-di-mare-tahiti.jpg\" \/><\/a><\/p>\n<h5 style=\"font-size: 15px; color: #006785;\">NERO TAHITI<\/h5>\n<hr \/>\n<p>30-60 mm (Big Bag 1350 kg &#8211; 20 kg\/PCS)<\/p>\n<\/div>\n\t\t<\/div><\/div><\/div><\/div>","protected":false},"excerpt":{"rendered":"<p>SPEZIELLE KIESEL Dieses Produkt wurde einer k\u00fcnstlichen Polierbehandlung unterzogen, die seine Verwendung im Innenbereich bei Anwendungen f\u00fcr prestigetr\u00e4chtige Dekorationen beg\u00fcnstigt. Bei Verwendung im Freien kann diese Eigenschaft im Laufe der Zeit verloren gehen.<\/p>\n","protected":false},"author":1,"featured_media":4826,"parent":34,"menu_order":15,"comment_status":"closed","ping_status":"closed","template":"page-cat_prodotti2.php","meta":{"_links_to":"","_links_to_target":""},"aioseo_notices":[],"_links":{"self":[{"href":"https:\/\/www.granulati.it\/de\/wp-json\/wp\/v2\/pages\/402"}],"collection":[{"href":"https:\/\/www.granulati.it\/de\/wp-json\/wp\/v2\/pages"}],"about":[{"href":"https:\/\/www.granulati.it\/de\/wp-json\/wp\/v2\/types\/page"}],"author":[{"embeddable":true,"href":"https:\/\/www.granulati.it\/de\/wp-json\/wp\/v2\/users\/1"}],"replies":[{"embeddable":true,"href":"https:\/\/www.granulati.it\/de\/wp-json\/wp\/v2\/comments?post=402"}],"version-history":[{"count":7,"href":"https:\/\/www.granulati.it\/de\/wp-json\/wp\/v2\/pages\/402\/revisions"}],"predecessor-version":[{"id":84339,"href":"https:\/\/www.granulati.it\/de\/wp-json\/wp\/v2\/pages\/402\/revisions\/84339"}],"up":[{"embeddable":true,"href":"https:\/\/www.granulati.it\/de\/wp-json\/wp\/v2\/pages\/34"}],"wp:featuredmedia":[{"embeddable":true,"href":"https:\/\/www.granulati.it\/de\/wp-json\/wp\/v2\/media\/4826"}],"wp:attachment":[{"href":"https:\/\/www.granulati.it\/de\/wp-json\/wp\/v2\/media?parent=402"}],"curies":[{"name":"wp","href":"https:\/\/api.w.org\/{rel}","templated":true}]}}