{"id":400,"date":"2013-06-12T17:09:51","date_gmt":"2013-06-12T15:09:51","guid":{"rendered":"http:\/\/www.granulati.it\/it\/?page_id=400"},"modified":"2017-03-28T16:24:00","modified_gmt":"2017-03-28T14:24:00","slug":"ciottoli-di-marmo-porfido-e-granito","status":"publish","type":"page","link":"https:\/\/www.granulati.it\/de\/produkte\/pebbles\/marmor-porphyr-und-granitkies\/","title":{"rendered":"Marmor, Porphyr und Granit"},"content":{"rendered":"<p>Seit jeher wird diese Art von Kies wegen seiner technischen Eigenschaften und seinem Glanz gesch\u00e4tzt; sie findet in vielen Bereichen Anwendung, wo ein qualitativ hochwertiges Produkt mit einem gro\u00dfen Sortiment an Granulometrien gefragt ist. Die runde Form bringt die nat\u00fcrlichen \u00c4derungen zur Geltung.<\/p>","protected":false},"excerpt":{"rendered":"<p>Seit jeher wird diese Art von Kies wegen seiner technischen Eigenschaften und seinem Glanz gesch\u00e4tzt; sie findet in vielen Bereichen Anwendung, wo ein qualitativ hochwertiges Produkt mit einem gro\u00dfen Sortiment an Granulometrien gefragt ist. Die runde Form bringt die nat\u00fcrlichen \u00c4derungen zur Geltung.<\/p>\n","protected":false},"author":1,"featured_media":4828,"parent":34,"menu_order":10,"comment_status":"open","ping_status":"open","template":"page-cat_prodotti2.php","meta":{"_links_to":"","_links_to_target":""},"aioseo_notices":[],"_links":{"self":[{"href":"https:\/\/www.granulati.it\/de\/wp-json\/wp\/v2\/pages\/400"}],"collection":[{"href":"https:\/\/www.granulati.it\/de\/wp-json\/wp\/v2\/pages"}],"about":[{"href":"https:\/\/www.granulati.it\/de\/wp-json\/wp\/v2\/types\/page"}],"author":[{"embeddable":true,"href":"https:\/\/www.granulati.it\/de\/wp-json\/wp\/v2\/users\/1"}],"replies":[{"embeddable":true,"href":"https:\/\/www.granulati.it\/de\/wp-json\/wp\/v2\/comments?post=400"}],"version-history":[{"count":0,"href":"https:\/\/www.granulati.it\/de\/wp-json\/wp\/v2\/pages\/400\/revisions"}],"up":[{"embeddable":true,"href":"https:\/\/www.granulati.it\/de\/wp-json\/wp\/v2\/pages\/34"}],"wp:featuredmedia":[{"embeddable":true,"href":"https:\/\/www.granulati.it\/de\/wp-json\/wp\/v2\/media\/4828"}],"wp:attachment":[{"href":"https:\/\/www.granulati.it\/de\/wp-json\/wp\/v2\/media?parent=400"}],"curies":[{"name":"wp","href":"https:\/\/api.w.org\/{rel}","templated":true}]}}