{"id":39,"date":"2013-05-16T09:30:42","date_gmt":"2013-05-16T07:30:42","guid":{"rendered":"http:\/\/www.granulati.it\/it\/?page_id=39"},"modified":"2020-07-14T09:39:11","modified_gmt":"2020-07-14T07:39:11","slug":"granulati-di-marmo-porfido-e-granito","status":"publish","type":"page","link":"https:\/\/www.granulati.it\/de\/produkte\/gravels\/marmor-porphyr-und-granitgranulat\/","title":{"rendered":"Marmor, Porphyr und Granit"},"content":{"rendered":"<p>Granulati Zandobbio hat eine breite Palette von Marmor, Porphyr und Granitsplitt, Natursteine von ausgezeichneter Qualit\u00e4t. Unsere Produkte stammen aus weltweiten Lagerst\u00e4tten und aus italienischen Steinbr\u00fcchen.<br \/>\nSie werden in verschiedenen Bereichen des Bauwesens, der Industrie, der Stadtm\u00f6blierung, der Landwirtschaft, der Pharmazie, der Viehzucht und der Lebensmittelindustrie verwendet und sind in einer Reihe von Gr\u00f6\u00dfen und Schattierungen erh\u00e4ltlich, die auch die anspruchsvollsten Kunden zufriedenstellen.<\/p>\n<p>In unserem Katalog finden Sie die Auswahl der wichtigsten Marmorsplitt, Porphyr und Granit Made in Italy wie der wertvolle Bianco Carrara, der sich durch seine einzigartige wei\u00dfe Farbe in der Welt auszeichnet, aber auch der Bianco Zandobbio, Rosso Verona, Giallo Siena , Nero Ebano, Gr\u00fcne Alpen, die Granite von Montorfano und Baveno, widerstandsf\u00e4hig und sch\u00f6n.<\/p>","protected":false},"excerpt":{"rendered":"<p>Granulati Zandobbio hat eine breite Palette von Marmor, Porphyr und Granitsplitt, Natursteine von ausgezeichneter Qualit\u00e4t. Unsere Produkte stammen aus weltweiten Lagerst\u00e4tten und aus italienischen Steinbr\u00fcchen. Sie werden in verschiedenen Bereichen des Bauwesens, der Industrie, der Stadtm\u00f6blierung, der Landwirtschaft, der Pharmazie, der Viehzucht und der Lebensmittelindustrie verwendet und sind in einer Reihe von Gr\u00f6\u00dfen und Schattierungen erh\u00e4ltlich, die auch die anspruchsvollsten Kunden zufriedenstellen. In unserem Katalog finden Sie die Auswahl der wichtigsten Marmorsplitt, Porphyr und Granit Made in Italy wie der wertvolle Bianco Carrara, der sich durch seine einzigartige wei\u00dfe Farbe in der Welt auszeichnet, aber auch der Bianco Zandobbio, Rosso Verona, Giallo Siena , Nero Ebano, Gr\u00fcne Alpen, die Granite von Montorfano und Baveno, widerstandsf\u00e4hig und sch\u00f6n.<\/p>\n","protected":false},"author":1,"featured_media":77,"parent":36,"menu_order":14,"comment_status":"open","ping_status":"open","template":"page-cat_prodotti2.php","meta":{"_links_to":"","_links_to_target":""},"aioseo_notices":[],"_links":{"self":[{"href":"https:\/\/www.granulati.it\/de\/wp-json\/wp\/v2\/pages\/39"}],"collection":[{"href":"https:\/\/www.granulati.it\/de\/wp-json\/wp\/v2\/pages"}],"about":[{"href":"https:\/\/www.granulati.it\/de\/wp-json\/wp\/v2\/types\/page"}],"author":[{"embeddable":true,"href":"https:\/\/www.granulati.it\/de\/wp-json\/wp\/v2\/users\/1"}],"replies":[{"embeddable":true,"href":"https:\/\/www.granulati.it\/de\/wp-json\/wp\/v2\/comments?post=39"}],"version-history":[{"count":2,"href":"https:\/\/www.granulati.it\/de\/wp-json\/wp\/v2\/pages\/39\/revisions"}],"predecessor-version":[{"id":49642,"href":"https:\/\/www.granulati.it\/de\/wp-json\/wp\/v2\/pages\/39\/revisions\/49642"}],"up":[{"embeddable":true,"href":"https:\/\/www.granulati.it\/de\/wp-json\/wp\/v2\/pages\/36"}],"wp:featuredmedia":[{"embeddable":true,"href":"https:\/\/www.granulati.it\/de\/wp-json\/wp\/v2\/media\/77"}],"wp:attachment":[{"href":"https:\/\/www.granulati.it\/de\/wp-json\/wp\/v2\/media?parent=39"}],"curies":[{"name":"wp","href":"https:\/\/api.w.org\/{rel}","templated":true}]}}