{"id":385,"date":"2013-06-14T10:28:53","date_gmt":"2013-06-14T08:28:53","guid":{"rendered":"http:\/\/www.granulati.it\/it\/?page_id=385"},"modified":"2022-03-30T12:28:40","modified_gmt":"2022-03-30T10:28:40","slug":"fuoco","status":"publish","type":"page","link":"https:\/\/www.granulati.it\/de\/produkte\/accessory-products-2\/rekord\/","title":{"rendered":"REKORD, Kohle"},"content":{"rendered":"<div id=\"pl-385\"  class=\"panel-layout\" ><div id=\"pg-385-0\"  class=\"panel-grid panel-no-style\" ><div id=\"pgc-385-0-0\"  class=\"panel-grid-cell\" ><div id=\"panel-385-0-0-0\" class=\"so-panel widget widget_sow-editor panel-first-child panel-last-child\" data-index=\"0\" ><div\n\t\t\t\n\t\t\tclass=\"so-widget-sow-editor so-widget-sow-editor-base\"\n\t\t\t\n\t\t>\n<div class=\"siteorigin-widget-tinymce textwidget\">\n\t<div style=\"background-color: #006785; height: auto; padding:2px;\">\n<h1 style=\"padding-top: 10px;\"><span style=\"color: white;\">REKORD, Holzkohlebrikett<\/span><\/h1>\n<\/div>\n<\/div>\n<\/div><\/div><\/div><\/div><div id=\"pg-385-1\"  class=\"panel-grid panel-no-style\" ><div id=\"pgc-385-1-0\"  class=\"panel-grid-cell\" ><div id=\"panel-385-1-0-0\" class=\"so-panel widget widget_siteorigin-panels-builder panel-first-child panel-last-child\" data-index=\"1\" ><div id=\"pl-w602b96141b9fd\"  class=\"panel-layout\" ><div id=\"pg-w602b96141b9fd-0\"  class=\"panel-grid panel-no-style\" ><div id=\"pgc-w602b96141b9fd-0-0\"  class=\"panel-grid-cell\" ><div id=\"panel-w602b96141b9fd-0-0-0\" class=\"so-panel widget widget_media_image panel-first-child\" data-index=\"0\" ><div class=\"panel-widget-style panel-widget-style-for-w602b96141b9fd-0-0-0\" ><img width=\"127\" height=\"55\" src=\"https:\/\/www.granulati.it\/wp-content\/uploads\/2013\/12\/Logo-REKORD_4C.jpg\" class=\"image wp-image-4087  attachment-full size-full colorbox-385 \" alt=\"\" loading=\"lazy\" style=\"max-width: 100%; height: auto;\" srcset=\"https:\/\/www.granulati.it\/wp-content\/uploads\/2013\/12\/Logo-REKORD_4C.jpg 127w, https:\/\/www.granulati.it\/wp-content\/uploads\/2013\/12\/Logo-REKORD_4C-115x50.jpg 115w\" sizes=\"(max-width: 127px) 100vw, 127px\" \/><\/div><\/div><div id=\"panel-w602b96141b9fd-0-0-1\" class=\"so-panel widget widget_media_image\" data-index=\"1\" ><img width=\"300\" height=\"176\" src=\"https:\/\/www.granulati.it\/wp-content\/uploads\/2013\/12\/ganzstein-300x176.jpg\" class=\"image wp-image-4085  attachment-medium size-medium colorbox-385 \" alt=\"\" loading=\"lazy\" style=\"max-width: 100%; height: auto;\" srcset=\"https:\/\/www.granulati.it\/wp-content\/uploads\/2013\/12\/ganzstein-300x176.jpg 300w, https:\/\/www.granulati.it\/wp-content\/uploads\/2013\/12\/ganzstein-85x50.jpg 85w, https:\/\/www.granulati.it\/wp-content\/uploads\/2013\/12\/ganzstein.jpg 567w\" sizes=\"(max-width: 300px) 100vw, 300px\" \/><\/div><div id=\"panel-w602b96141b9fd-0-0-2\" class=\"so-panel widget widget_media_image panel-last-child\" data-index=\"2\" ><img width=\"300\" height=\"224\" src=\"https:\/\/www.granulati.it\/wp-content\/uploads\/2020\/07\/kaminbrikett_folie-300x224.jpg\" class=\"image wp-image-60721  attachment-medium size-medium colorbox-385 \" alt=\"\" loading=\"lazy\" style=\"max-width: 100%; height: auto;\" srcset=\"https:\/\/www.granulati.it\/wp-content\/uploads\/2020\/07\/kaminbrikett_folie-300x224.jpg 300w, https:\/\/www.granulati.it\/wp-content\/uploads\/2020\/07\/kaminbrikett_folie-67x50.jpg 67w, https:\/\/www.granulati.it\/wp-content\/uploads\/2020\/07\/kaminbrikett_folie.jpg 743w\" sizes=\"(max-width: 300px) 100vw, 300px\" \/><\/div><\/div><div id=\"pgc-w602b96141b9fd-0-1\"  class=\"panel-grid-cell\" ><div id=\"panel-w602b96141b9fd-0-1-0\" class=\"so-panel widget widget_media_image panel-first-child panel-last-child\" data-index=\"3\" ><img width=\"1024\" height=\"683\" src=\"https:\/\/www.granulati.it\/wp-content\/uploads\/2020\/07\/camino.jpg\" class=\"image wp-image-60724  attachment-full size-full colorbox-385 \" alt=\"\" loading=\"lazy\" style=\"max-width: 100%; height: auto;\" srcset=\"https:\/\/www.granulati.it\/wp-content\/uploads\/2020\/07\/camino.jpg 1024w, https:\/\/www.granulati.it\/wp-content\/uploads\/2020\/07\/camino-300x200.jpg 300w, https:\/\/www.granulati.it\/wp-content\/uploads\/2020\/07\/camino-75x50.jpg 75w, https:\/\/www.granulati.it\/wp-content\/uploads\/2020\/07\/camino-768x512.jpg 768w, https:\/\/www.granulati.it\/wp-content\/uploads\/2020\/07\/camino-272x182.jpg 272w\" sizes=\"(max-width: 1024px) 100vw, 1024px\" \/><\/div><\/div><\/div><div id=\"pg-w602b96141b9fd-1\"  class=\"panel-grid panel-no-style\" ><div id=\"pgc-w602b96141b9fd-1-0\"  class=\"panel-grid-cell panel-grid-cell-empty\" ><\/div><\/div><\/div><\/div><\/div><\/div><div id=\"pg-385-2\"  class=\"panel-grid panel-no-style\" ><div id=\"pgc-385-2-0\"  class=\"panel-grid-cell\" ><div id=\"panel-385-2-0-0\" class=\"so-panel widget widget_sow-editor panel-first-child panel-last-child\" data-index=\"2\" ><div\n\t\t\t\n\t\t\tclass=\"so-widget-sow-editor so-widget-sow-editor-base\"\n\t\t\t\n\t\t>\n<div class=\"siteorigin-widget-tinymce textwidget\">\n\t<h4><strong><span style=\"color: #006785;\">HOCHKALORISCHE KOHLEFLIESEN<\/span><\/strong><\/h4>\n<p>Sie werden aus trockener Braunkohle ohne die Hilfe eines Bindemittels gewonnen. Ein Produkt 100% nat\u00fcrlichen Ursprungs, aber im Gegensatz zu Holz, das schnell brennt, brennt die REKORD-Fliese langsam und gibt \u00fcber einen l\u00e4ngeren Zeitraum konstant W\u00e4rme ab, was hohe Verbrennungswerte garantiert. Die richtige Art der Verwendung besteht darin, sie auf einen Boden aus Glut zu legen, um die Kohle bestm\u00f6glich anzuz\u00fcnden. Es ist der ideale Brennstoff f\u00fcr traditionelle \u00d6fen und Kamine, eine komfortable, wirtschaftliche und effiziente Alternative.<\/p>\n<\/div>\n<\/div><\/div><\/div><\/div><div id=\"pg-385-3\"  class=\"panel-grid panel-no-style\" ><div id=\"pgc-385-3-0\"  class=\"panel-grid-cell\" ><div id=\"panel-385-3-0-0\" class=\"so-panel widget widget_siteorigin-panels-builder panel-first-child panel-last-child\" data-index=\"3\" ><div id=\"pl-w5f21471511e6b\"  class=\"panel-layout\" ><div id=\"pg-w5f21471511e6b-0\"  class=\"panel-grid panel-no-style\" ><div id=\"pgc-w5f21471511e6b-0-0\"  class=\"panel-grid-cell\" ><div id=\"panel-w5f21471511e6b-0-0-0\" class=\"so-panel widget widget_media_image panel-first-child panel-last-child\" data-index=\"0\" ><img width=\"192\" height=\"300\" src=\"https:\/\/www.granulati.it\/wp-content\/uploads\/2020\/07\/stufa-192x300.jpg\" class=\"image wp-image-60747  attachment-medium size-medium colorbox-385 \" alt=\"\" loading=\"lazy\" style=\"max-width: 100%; height: auto;\" srcset=\"https:\/\/www.granulati.it\/wp-content\/uploads\/2020\/07\/stufa-192x300.jpg 192w, https:\/\/www.granulati.it\/wp-content\/uploads\/2020\/07\/stufa-32x50.jpg 32w, https:\/\/www.granulati.it\/wp-content\/uploads\/2020\/07\/stufa.jpg 657w\" sizes=\"(max-width: 192px) 100vw, 192px\" \/><\/div><\/div><div id=\"pgc-w5f21471511e6b-0-1\"  class=\"panel-grid-cell\" ><div id=\"panel-w5f21471511e6b-0-1-0\" class=\"so-panel widget widget_media_image panel-first-child panel-last-child\" data-index=\"1\" ><img width=\"194\" height=\"300\" src=\"https:\/\/www.granulati.it\/wp-content\/uploads\/2020\/07\/stufa-a-legna-194x300.jpg\" class=\"image wp-image-60748  attachment-medium size-medium colorbox-385 \" alt=\"\" loading=\"lazy\" style=\"max-width: 100%; height: auto;\" srcset=\"https:\/\/www.granulati.it\/wp-content\/uploads\/2020\/07\/stufa-a-legna-194x300.jpg 194w, https:\/\/www.granulati.it\/wp-content\/uploads\/2020\/07\/stufa-a-legna-32x50.jpg 32w, https:\/\/www.granulati.it\/wp-content\/uploads\/2020\/07\/stufa-a-legna.jpg 661w\" sizes=\"(max-width: 194px) 100vw, 194px\" \/><\/div><\/div><div id=\"pgc-w5f21471511e6b-0-2\"  class=\"panel-grid-cell\" ><div id=\"panel-w5f21471511e6b-0-2-0\" class=\"so-panel widget widget_media_image panel-first-child panel-last-child\" data-index=\"2\" ><img width=\"980\" height=\"654\" src=\"https:\/\/www.granulati.it\/wp-content\/uploads\/2020\/07\/115951456-1024x683.jpg\" class=\"image wp-image-60749  attachment-large size-large colorbox-385 \" alt=\"\" loading=\"lazy\" style=\"max-width: 100%; height: auto;\" srcset=\"https:\/\/www.granulati.it\/wp-content\/uploads\/2020\/07\/115951456-1024x683.jpg 1024w, https:\/\/www.granulati.it\/wp-content\/uploads\/2020\/07\/115951456-300x200.jpg 300w, https:\/\/www.granulati.it\/wp-content\/uploads\/2020\/07\/115951456-75x50.jpg 75w, https:\/\/www.granulati.it\/wp-content\/uploads\/2020\/07\/115951456-768x512.jpg 768w, https:\/\/www.granulati.it\/wp-content\/uploads\/2020\/07\/115951456-272x182.jpg 272w, https:\/\/www.granulati.it\/wp-content\/uploads\/2020\/07\/115951456.jpg 1382w\" sizes=\"(max-width: 980px) 100vw, 980px\" \/><\/div><\/div><\/div><\/div><\/div><\/div><\/div><\/div>","protected":false},"excerpt":{"rendered":"<p>REKORD, Holzkohlebrikett<\/p>\n","protected":false},"author":1,"featured_media":2835,"parent":284,"menu_order":3,"comment_status":"open","ping_status":"open","template":"","meta":{"_links_to":"","_links_to_target":""},"aioseo_notices":[],"_links":{"self":[{"href":"https:\/\/www.granulati.it\/de\/wp-json\/wp\/v2\/pages\/385"}],"collection":[{"href":"https:\/\/www.granulati.it\/de\/wp-json\/wp\/v2\/pages"}],"about":[{"href":"https:\/\/www.granulati.it\/de\/wp-json\/wp\/v2\/types\/page"}],"author":[{"embeddable":true,"href":"https:\/\/www.granulati.it\/de\/wp-json\/wp\/v2\/users\/1"}],"replies":[{"embeddable":true,"href":"https:\/\/www.granulati.it\/de\/wp-json\/wp\/v2\/comments?post=385"}],"version-history":[{"count":73,"href":"https:\/\/www.granulati.it\/de\/wp-json\/wp\/v2\/pages\/385\/revisions"}],"predecessor-version":[{"id":75983,"href":"https:\/\/www.granulati.it\/de\/wp-json\/wp\/v2\/pages\/385\/revisions\/75983"}],"up":[{"embeddable":true,"href":"https:\/\/www.granulati.it\/de\/wp-json\/wp\/v2\/pages\/284"}],"wp:featuredmedia":[{"embeddable":true,"href":"https:\/\/www.granulati.it\/de\/wp-json\/wp\/v2\/media\/2835"}],"wp:attachment":[{"href":"https:\/\/www.granulati.it\/de\/wp-json\/wp\/v2\/media?parent=385"}],"curies":[{"name":"wp","href":"https:\/\/api.w.org\/{rel}","templated":true}]}}