{"id":379,"date":"2013-06-16T10:29:55","date_gmt":"2013-06-16T08:29:55","guid":{"rendered":"http:\/\/www.granulati.it\/it\/?page_id=379"},"modified":"2022-03-30T12:29:51","modified_gmt":"2022-03-30T10:29:51","slug":"dan-sand-no-weed-basta-esbaccie","status":"publish","type":"page","link":"https:\/\/www.granulati.it\/de\/produkte\/accessory-products-2\/dan-sand\/","title":{"rendered":"DANSAND, Herbizid"},"content":{"rendered":"<p><\/p>\n<div style=\"background-color: #006785; height: 50px;\">\n<h1 style=\"padding-top: 10px;\"><span style=\"color: white;\">DANSAND, Unkrautsand<\/span><\/h1>\n<\/div>\n<div style='clear:both; height:30px' ><\/div>\n<p><strong><span style=\"color: #006785;\">SAND ZUR ERDUNG VON AUSSENBEREICHEN<\/span><\/strong><br \/>\nZwei Arten von Sanden, die das Wachstum von Unkraut in den Rillen und Fugen von Gehwegen dauerhaft hemmen.<br \/>\nSie sind einfach zu bedienen und haben lang anhaltende Eigenschaften. Sie halten jahrelangem Regen stand, ohne ihre hemmende Wirkung gegen Unkraut zu verlieren.<\/p>\n<div style='clear:both; height:30px' ><\/div>\n<div class=\"shortcode1-3\"><img class=\"alignnone size-full wp-image-4698 colorbox-379\" src=\"http:\/\/www.granulati.it\/wp-content\/uploads\/2013\/06\/DANSAND-sacco-rosso.jpg\" alt=\"dansand\" width=\"180px\" \/><br \/>\n<strong>ANTI-GRASS-SAND<\/strong><br \/>\n(<strong>roter Sack <\/ strong> f\u00fcr helle Fugen von 1 bis 5 mm)<\/p>\n<div style='clear:both; height:30px' ><\/div>\n<\/div>\n<div class=\"shortcode2-3\"><a href=\"https:\/\/www.granulati.it\/wp-content\/uploads\/2013\/06\/pavimentazione-cubetti.jpg\"><img class=\"alignnone size-full wp-image-3340 colorbox-379\" src=\"https:\/\/www.granulati.it\/wp-content\/uploads\/2013\/06\/pavimentazione-cubetti.jpg\" alt=\"Dansand_Undgaa_ukrudt_belaegningsfugemoertel_A_6921\" width=\"1000px\" \/><\/a><\/div>\n<div style=\"clear: both; height: 15px;\"><\/div>\n<div style='clear:both; height:10px' ><\/div>\n<div style=\"clear: both;\">\n<strong><span style=\"color: #006785;\">ANMERKUNGEN<\/span><\/strong><br \/>\n\u2022 Das Fugenf\u00fcllmaterial ist nicht f\u00fcr Ziegelb\u00f6den und einige Arten von Naturstein geeignet.<br \/>\n\u2022 Nicht f\u00fcr gro\u00dfe Gelenke geeignet.<br \/>\n\u2022 Das Fugenf\u00fcllmaterial ist nur zur \u00e4u\u00dferlichen Anwendung bestimmt und darf nicht mit Fundamenten oder Mauerwerk in Ber\u00fchrung kommen.<br \/>\n\u2022 Bei extrem trockenen Wetterbedingungen kann das Vergussmaterial wei\u00dfe Flecken auf der Bodenoberfl\u00e4che verursachen, die leicht mit Wasser entfernt werden k\u00f6nnen.<\/p>\n<table style=\"width: 100%; background-color: #ffffff; border-color: #000000;\" border=\"1\" cellspacing=\"1\">\n<thead>\n<tr style=\"border-color: #000000;\">\n<td style=\"width: 10px; border-color: #000000;\"><strong>\u00a0<\/strong><\/td>\n<td style=\"width: 270px; border-color: #000000;\"><strong>ANTI-GRASS-SAND (rote Tasche)<\/strong><\/td>\n<\/tr>\n<\/thead>\n<tbody>\n<tr style=\"border-color: #000000;\">\n<td style=\"width: 10px; border-color: #000000;\"><strong>L\u00dcCKENFARBE<\/strong><\/td>\n<td style=\"width: 270px; border-color: #000000;\">Licht<\/td>\n<\/tr>\n<tr style=\"border-color: #000000;\">\n<td style=\"width: 10px; border-color: #000000;\"><strong>GRANULOMETRIE<\/strong><\/td>\n<td style=\"width: 270px; border-color: #000000;\">0-1.5 mm<\/td>\n<\/tr>\n<tr style=\"border-color: #000000;\">\n<td style=\"width: 10px; border-color: #000000;\"><strong>GEMEINSAME ABMESSUNG<\/strong><\/td>\n<td style=\"width: 270px; border-color: #000000;\">1-5 mm<\/td>\n<\/tr>\n<tr style=\"border-color: #000000;\">\n<td style=\"width: 10px; border-color: #000000;\"><strong>KAPITULATION<\/strong><\/td>\n<td style=\"width: 270px; border-color: #000000;\">20 kg Abdeckung ca. 5-10 m<sup>2<\/sup>.<br \/>\nBeispiel: Selbsthemmende Gr\u00f6\u00dfe 14x21x5 cm, mit 2-3 mm breiter Verbindung, ben\u00f6tigt ca. 2 kg \/ m<sup>2<\/sup>.<\/td>\n<\/tr>\n<tr style=\"border-color: #000000;\">\n<td style=\"width: 10px; border-color: #000000;\"><strong>TIEFENVERBINDUNGEN<\/strong><\/td>\n<td style=\"width: 270px; border-color: #000000;\">Mindestens 5 cm f\u00fcr wenig befahrene Bereiche und mindestens 4 cm auf Terrassen.<\/td>\n<\/tr>\n<tr style=\"border-color: #000000;\">\n<td style=\"width: 10px; border-color: #000000;\"><strong>VERPACKUNG<\/strong><\/td>\n<td style=\"width: 270px; border-color: #000000;\">20 kg Beutel \/ Trockenmaterial<\/td>\n<\/tr>\n<tr style=\"border-color: #000000;\">\n<td style=\"width: 10px; border-color: #000000;\"><strong>POLYMERISIERUNG<\/strong><\/td>\n<td style=\"width: 270px; border-color: #000000;\">&#8211;<\/td>\n<\/tr>\n<tr style=\"border-color: #000000;\">\n<td style=\"width: 10px; border-color: #000000;\"><strong>TROCKNEN<\/strong><\/td>\n<td style=\"width: 270px; border-color: #000000;\">&#8211;<\/td>\n<\/tr>\n<tr style=\"border-color: #000000;\">\n<td style=\"width: 10px; border-color: #000000;\"><strong>EINSATZBEREIT<\/strong><\/td>\n<td style=\"width: 270px; border-color: #000000;\">Ja<\/td>\n<\/tr>\n<\/tbody>\n<\/table>\n<\/div>\n<p>&nbsp;<\/p>\n<div class=\"shortcode1-2\"><strong><span style=\"color: #006785;\">ANTI-GRASS-SAND VERLEGEN<\/span><\/strong><br \/>\nDie Steinbl\u00f6cke oder -platten m\u00fcssen auf einem normalen Untergrund verlegt werden, wie in den Normen f\u00fcr Pflasterarbeiten angegeben. Der Sand f\u00fcr die Flucht ist wasserdurchl\u00e4ssig und der Boden muss ebenfalls durchl\u00e4ssig sein. Wenn der Boden trocken ist, verteilen Sie den Sand mit einer Schaufel und fegen Sie ihn mit einem Besen in die Fugen, wobei sich die Fugenabschnitte diagonal bewegen, wie Sie es mit dem Sand eines gemeinsamen Bodens tun w\u00fcrden. Verwenden Sie einen Vibrationsverdichter auf der neuen Fahrbahn, um optimale Ergebnisse zu erzielen. F\u00fchren Sie den Durchgang mindestens zweimal durch und f\u00fcllen Sie gegebenenfalls die Fuge wieder auf.<br \/>\n<strong><span style=\"color: #006785;\">REPARATUR BESTEHENDER Pflastersteine<\/span><\/strong><br \/>\nZerst\u00f6ren und entfernen Sie alle Unkr\u00e4uter, bevor Sie mit der Bodenreparatur beginnen. Der neue Sand ist nicht in der Lage, alte Unkr\u00e4uter zu bek\u00e4mpfen, die bereits Wurzeln geschlagen haben, und es ist daher notwendig, mit den Arbeiten an den sauberen Fugen zu beginnen.<\/div>\n<div class=\"shortcode1-2\"><a href=\"https:\/\/www.granulati.it\/wp-content\/uploads\/2013\/06\/cubetti-multicolor.jpg\"><img loading=\"lazy\" class=\"alignnone size-full wp-image-3344 colorbox-379\" src=\"https:\/\/www.granulati.it\/wp-content\/uploads\/2013\/06\/cubetti-multicolor.jpg\" alt=\"indiano_DSC7995\" width=\"717\" height=\"660\" \/><\/a><\/div>\n<div style=\"clear: both;\"><\/div>\n<p><\/p>","protected":false},"excerpt":{"rendered":"<p>DANSAND, Unkrautsand SAND ZUR ERDUNG VON AUSSENBEREICHEN Zwei Arten von Sanden, die das Wachstum von Unkraut in den Rillen und Fugen von Gehwegen dauerhaft hemmen. Sie sind einfach zu bedienen und haben lang anhaltende Eigenschaften. Sie halten jahrelangem Regen stand, ohne ihre hemmende Wirkung gegen Unkraut zu verlieren. ANMERKUNGEN \u2022 Das Fugenf\u00fcllmaterial ist nicht f\u00fcr Ziegelb\u00f6den und einige Arten von Naturstein geeignet. \u2022 Nicht f\u00fcr gro\u00dfe Gelenke geeignet. \u2022 Das Fugenf\u00fcllmaterial ist nur zur \u00e4u\u00dferlichen Anwendung bestimmt und darf nicht mit Fundamenten oder Mauerwerk in Ber\u00fchrung kommen. \u2022 Bei extrem trockenen Wetterbedingungen kann das Vergussmaterial wei\u00dfe Flecken auf der Bodenoberfl\u00e4che verursachen, die leicht mit Wasser entfernt werden k\u00f6nnen. \u00a0 ANTI-GRASS-SAND (rote Tasche) L\u00dcCKENFARBE Licht GRANULOMETRIE 0-1.5 mm GEMEINSAME ABMESSUNG 1-5 mm KAPITULATION 20 kg Abdeckung ca. 5-10 m2. Beispiel: Selbsthemmende Gr\u00f6\u00dfe 14x21x5 cm, mit 2-3 mm breiter Verbindung, ben\u00f6tigt ca. 2 kg \/ m2. TIEFENVERBINDUNGEN Mindestens 5 cm f\u00fcr wenig befahrene Bereiche und mindestens 4 cm auf Terrassen. VERPACKUNG 20 kg Beutel \/ Trockenmaterial POLYMERISIERUNG &#8211; TROCKNEN &#8211; EINSATZBEREIT Ja &nbsp;<\/p>\n","protected":false},"author":1,"featured_media":2842,"parent":284,"menu_order":5,"comment_status":"open","ping_status":"closed","template":"","meta":{"_links_to":"","_links_to_target":""},"aioseo_notices":[],"_links":{"self":[{"href":"https:\/\/www.granulati.it\/de\/wp-json\/wp\/v2\/pages\/379"}],"collection":[{"href":"https:\/\/www.granulati.it\/de\/wp-json\/wp\/v2\/pages"}],"about":[{"href":"https:\/\/www.granulati.it\/de\/wp-json\/wp\/v2\/types\/page"}],"author":[{"embeddable":true,"href":"https:\/\/www.granulati.it\/de\/wp-json\/wp\/v2\/users\/1"}],"replies":[{"embeddable":true,"href":"https:\/\/www.granulati.it\/de\/wp-json\/wp\/v2\/comments?post=379"}],"version-history":[{"count":61,"href":"https:\/\/www.granulati.it\/de\/wp-json\/wp\/v2\/pages\/379\/revisions"}],"predecessor-version":[{"id":75984,"href":"https:\/\/www.granulati.it\/de\/wp-json\/wp\/v2\/pages\/379\/revisions\/75984"}],"up":[{"embeddable":true,"href":"https:\/\/www.granulati.it\/de\/wp-json\/wp\/v2\/pages\/284"}],"wp:featuredmedia":[{"embeddable":true,"href":"https:\/\/www.granulati.it\/de\/wp-json\/wp\/v2\/media\/2842"}],"wp:attachment":[{"href":"https:\/\/www.granulati.it\/de\/wp-json\/wp\/v2\/media?parent=379"}],"curies":[{"name":"wp","href":"https:\/\/api.w.org\/{rel}","templated":true}]}}