{"id":378,"date":"2013-06-15T10:29:21","date_gmt":"2013-06-15T08:29:21","guid":{"rendered":"http:\/\/www.granulati.it\/it\/?page_id=378"},"modified":"2022-03-30T12:21:00","modified_gmt":"2022-03-30T10:21:00","slug":"pacciamante","status":"publish","type":"page","link":"https:\/\/www.granulati.it\/de\/produkte\/accessory-products-2\/pamidre-2\/","title":{"rendered":"PAMIDRE, Mineralmulch"},"content":{"rendered":"<p><\/p>\n<div style=\"background-color: #006785; height: 50px;\">\n<h1 style=\"padding-top: 10px;\"><span style=\"color: white;\">PaMiDre, Mineralmulch<\/span><\/h1>\n<\/div>\n<p>&nbsp;<br \/>\nPAMIDRE ist eine Schicht aus Mineralien, die auf Blumenbeete oder um Baumst\u00e4mme herum aufgebracht wird, um \u00fcberm\u00e4\u00dfiges Wachstum von Unkraut zu verhindern.<\/p>\n<div style='clear:both; height:20px' ><\/div>\n<div class=\"shortcode1-2\"><img loading=\"lazy\" class=\"alignnone wp-image-4325 size-medium colorbox-378\" src=\"https:\/\/www.granulati.it\/wp-content\/uploads\/2013\/06\/pamidre_logo_cmyk-300x73.jpg\" alt=\"pamidre_logo\" width=\"300\" height=\"73\" srcset=\"https:\/\/www.granulati.it\/wp-content\/uploads\/2013\/06\/pamidre_logo_cmyk-300x73.jpg 300w, https:\/\/www.granulati.it\/wp-content\/uploads\/2013\/06\/pamidre_logo_cmyk-150x36.jpg 150w, https:\/\/www.granulati.it\/wp-content\/uploads\/2013\/06\/pamidre_logo_cmyk.jpg 375w\" sizes=\"(max-width: 300px) 100vw, 300px\" \/><\/p>\n<div style='clear:both; height:20px' ><\/div>\n<p>Seine Hauptfunktion besteht darin, das Unkrautwachstum zu reduzieren; er sch\u00fctzt jedoch auch vor starker Wasserverdunstung und sch\u00fctzt den Boden im Sommer vor dem Austrocknen. In kalten Regionen sch\u00fctzt der Mulch die Wurzeln au\u00dferdem vor dem winterlichen Frost.<br \/>\nPAMIDRE-Mulch ist ideal, um Ihre Blumenbeete immer sauber und ordentlich zu halten.<br \/>\nPAMIDRE kann leicht aufgebracht werden und erfordert keine Wartung.<\/p><\/div>\n<div class=\"shortcode1-2\"><a href=\"https:\/\/www.granulati.it\/wp-content\/uploads\/2013\/06\/sacco.png\"><img loading=\"lazy\" class=\"alignnone size-full wp-image-5071 colorbox-378\" style=\"margin-top: 30px\" src=\"https:\/\/www.granulati.it\/wp-content\/uploads\/2013\/06\/sacco.png\" alt=\"sacco\" width=\"600\" height=\"315\" srcset=\"https:\/\/www.granulati.it\/wp-content\/uploads\/2013\/06\/sacco.png 600w, https:\/\/www.granulati.it\/wp-content\/uploads\/2013\/06\/sacco-95x50.png 95w, https:\/\/www.granulati.it\/wp-content\/uploads\/2013\/06\/sacco-300x158.png 300w\" sizes=\"(max-width: 600px) 100vw, 600px\" \/><\/a><\/div>\n<div style=\"clear: both\"><\/div>\n<div class=\"shortcode1-4\">\n<div id=\"attachment_4947\" style=\"width: 778px\" class=\"wp-caption alignnone\"><a href=\"https:\/\/www.granulati.it\/wp-content\/uploads\/2013\/06\/pamidre-prima.jpg\"><img aria-describedby=\"caption-attachment-4947\" loading=\"lazy\" class=\"size-large wp-image-4947 colorbox-378\" src=\"https:\/\/www.granulati.it\/wp-content\/uploads\/2013\/06\/pamidre-prima-768x1024.jpg\" alt=\"\" width=\"768\" height=\"1024\" srcset=\"https:\/\/www.granulati.it\/wp-content\/uploads\/2013\/06\/pamidre-prima-768x1024.jpg 768w, https:\/\/www.granulati.it\/wp-content\/uploads\/2013\/06\/pamidre-prima-38x50.jpg 38w, https:\/\/www.granulati.it\/wp-content\/uploads\/2013\/06\/pamidre-prima-225x300.jpg 225w\" sizes=\"(max-width: 768px) 100vw, 768px\" \/><\/a><p id=\"caption-attachment-4947\" class=\"wp-caption-text\">Vorher<\/p><\/div>\n<\/div>\n<div class=\"shortcode1-4\">\n<div id=\"attachment_4946\" style=\"width: 570px\" class=\"wp-caption alignnone\"><a href=\"https:\/\/www.granulati.it\/wp-content\/uploads\/2013\/06\/pamidre-dopo.jpg\"><img aria-describedby=\"caption-attachment-4946\" loading=\"lazy\" class=\"size-full wp-image-4946 colorbox-378\" src=\"https:\/\/www.granulati.it\/wp-content\/uploads\/2013\/06\/pamidre-dopo.jpg\" alt=\"\" width=\"560\" height=\"738\" srcset=\"https:\/\/www.granulati.it\/wp-content\/uploads\/2013\/06\/pamidre-dopo.jpg 560w, https:\/\/www.granulati.it\/wp-content\/uploads\/2013\/06\/pamidre-dopo-38x50.jpg 38w, https:\/\/www.granulati.it\/wp-content\/uploads\/2013\/06\/pamidre-dopo-228x300.jpg 228w\" sizes=\"(max-width: 560px) 100vw, 560px\" \/><\/a><p id=\"caption-attachment-4946\" class=\"wp-caption-text\">Nachher<\/p><\/div>\n<\/div>\n<div class=\"shortcode1-2\">\n<div style=\"float: left\">\n<div id=\"attachment_4326\" style=\"width: 225px\" class=\"wp-caption alignnone\"><a href=\"https:\/\/www.granulati.it\/wp-content\/uploads\/2014\/01\/pamidre-giardino.jpg\"><img aria-describedby=\"caption-attachment-4326\" loading=\"lazy\" class=\"wp-image-4326 colorbox-378\" style=\"margin-bottom: 0px\" src=\"https:\/\/www.granulati.it\/wp-content\/uploads\/2014\/01\/pamidre.jpg\" alt=\"_MG_9677\" width=\"215\" height=\"143\" \/><\/a><p id=\"caption-attachment-4326\" class=\"wp-caption-text\">Vorher<\/p><\/div>\n<\/div>\n<div style=\"float: left\">\n<div id=\"attachment_4335\" style=\"width: 225px\" class=\"wp-caption alignnone\"><a href=\"https:\/\/www.granulati.it\/wp-content\/uploads\/2013\/06\/abbellimenti-giardini.jpg\"><img aria-describedby=\"caption-attachment-4335\" loading=\"lazy\" class=\"wp-image-4335 colorbox-378\" style=\"margin-left: 4px;margin-bottom: 0px\" src=\"https:\/\/www.granulati.it\/wp-content\/uploads\/2013\/06\/abbellimenti-giardini-1024x683.jpg\" alt=\"_MG_9724\" width=\"215\" height=\"143\" srcset=\"https:\/\/www.granulati.it\/wp-content\/uploads\/2013\/06\/abbellimenti-giardini-1024x683.jpg 1024w, https:\/\/www.granulati.it\/wp-content\/uploads\/2013\/06\/abbellimenti-giardini-75x50.jpg 75w, https:\/\/www.granulati.it\/wp-content\/uploads\/2013\/06\/abbellimenti-giardini-300x200.jpg 300w, https:\/\/www.granulati.it\/wp-content\/uploads\/2013\/06\/abbellimenti-giardini-768x512.jpg 768w, https:\/\/www.granulati.it\/wp-content\/uploads\/2013\/06\/abbellimenti-giardini.jpg 1348w\" sizes=\"(max-width: 215px) 100vw, 215px\" \/><\/a><p id=\"caption-attachment-4335\" class=\"wp-caption-text\">Nachher<\/p><\/div>\n<\/div>\n<div style=\"clear: both\"><\/div>\n<div class=\"verdone\" style=\"background-color: #95ab3c\">PAMIDRE kann in Kombination mit ALUBORD verwendet werden, um Beete abzugrenzen und eine unkrautabweisende Schicht aus Inertmaterial zu schaffen.<br \/>\n<a href=\"https:\/\/www.granulati.it\/de\/produkte\/zusatzprodukte\/alubord-die-einfassung\/\"><img loading=\"lazy\" class=\"size-full wp-image-1453 alignnone colorbox-378\" src=\"https:\/\/www.granulati.it\/wp-content\/uploads\/2013\/06\/alubord-pamidre.jpg\" alt=\"alubord-pamidre\" width=\"345\" height=\"58\" srcset=\"https:\/\/www.granulati.it\/wp-content\/uploads\/2013\/06\/alubord-pamidre.jpg 345w, https:\/\/www.granulati.it\/wp-content\/uploads\/2013\/06\/alubord-pamidre-150x25.jpg 150w, https:\/\/www.granulati.it\/wp-content\/uploads\/2013\/06\/alubord-pamidre-300x50.jpg 300w\" sizes=\"(max-width: 345px) 100vw, 345px\" \/><\/a><\/div>\n<\/div>\n<h2 style=\"clear: both;text-align: center\">\u00a0<strong><span style=\"color: #006785\">VERLEGUNG<\/span><\/strong><\/h2>\n<p>Der Mulch PAMIDRE wird mit einer St\u00e4rke von 2-3 cm auf einer geebneten und von Unkraut befreiten Fl\u00e4che aufgebracht. Pro Sack 1,5 l Wasser gleichm\u00e4\u00dfig mit dem Produkt vermischen und die Masse direkt auf den gew\u00fcnschten Bereich auftragen. Bei hohen Temperaturen muss die Wassermenge erh\u00f6ht werden.  Die Schicht h\u00e4rtet innerhalb von circa 2 Tagen aus. Das Produkt ist nicht begehbar. <\/p>\n<p><a href=\"https:\/\/www.granulati.it\/wp-content\/uploads\/2013\/06\/GRANULATI-ZANDOBBIO-scheda-Pamidre.pdf\" class=\"mtli_attachment mtli_pdf\" target=\"_self\" class=\"gdl-button shortcode-medium-button\" style=\"color:#ffffff; background-color:#006785; border-color:#00627e; \"><strong>Technische Daten Pamidre<\/strong><\/a><\/p>\n<p>&nbsp;<\/p>\n<h2 style=\"text-align: center\"><strong><span style=\"color: #006785\">Sehen Sie die Einf\u00fchrungsvideo<\/span><\/strong><\/h2>\n<div class=\"shortcode1-3\">\n<div style=\"clear: both\">\u00a0<iframe loading=\"lazy\" width=\"110\" height=\"315\" src=\"https:\/\/www.youtube.com\/embed\/48WkAzf_COQ\" frameborder=\"0\" allow=\"autoplay; encrypted-media\" allowfullscreen><\/iframe> <\/div>\n<\/div>\n<div class=\"shortcode1-3\">\n<div style=\"clear: both\">\u00a0<iframe loading=\"lazy\" width=\"110\" height=\"315\" src=\"https:\/\/www.youtube.com\/embed\/Z3u5NnNjJxQ\" frameborder=\"0\" allow=\"autoplay; encrypted-media\" allowfullscreen><\/iframe> <\/div>\n<\/div>\n<div class=\"shortcode1-3\">\n<div style=\"clear: both\">\u00a0<iframe loading=\"lazy\" width=\"110\" height=\"315\" src=\"https:\/\/www.youtube.com\/embed\/wb6TZX-qe8Q\" frameborder=\"0\" allow=\"autoplay; encrypted-media\" allowfullscreen><\/iframe><\/div>\n<\/div>\n<p><\/p>","protected":false},"excerpt":{"rendered":"<p>PaMiDre, Mineralmulch &nbsp; PAMIDRE ist eine Schicht aus Mineralien, die auf Blumenbeete oder um Baumst\u00e4mme herum aufgebracht wird, um \u00fcberm\u00e4\u00dfiges Wachstum von Unkraut zu verhindern. \u00a0VERLEGUNG Der Mulch PAMIDRE wird mit einer St\u00e4rke von 2-3 cm auf einer geebneten und von Unkraut befreiten Fl\u00e4che aufgebracht. Pro Sack 1,5 l Wasser gleichm\u00e4\u00dfig mit dem Produkt vermischen und die Masse direkt auf den gew\u00fcnschten Bereich auftragen. Bei hohen Temperaturen muss die Wassermenge erh\u00f6ht werden. Die Schicht h\u00e4rtet innerhalb von circa 2 Tagen aus. Das Produkt ist nicht begehbar. &nbsp; Sehen Sie die Einf\u00fchrungsvideo<\/p>\n","protected":false},"author":1,"featured_media":23032,"parent":284,"menu_order":4,"comment_status":"open","ping_status":"open","template":"","meta":{"_links_to":"","_links_to_target":""},"aioseo_notices":[],"_links":{"self":[{"href":"https:\/\/www.granulati.it\/de\/wp-json\/wp\/v2\/pages\/378"}],"collection":[{"href":"https:\/\/www.granulati.it\/de\/wp-json\/wp\/v2\/pages"}],"about":[{"href":"https:\/\/www.granulati.it\/de\/wp-json\/wp\/v2\/types\/page"}],"author":[{"embeddable":true,"href":"https:\/\/www.granulati.it\/de\/wp-json\/wp\/v2\/users\/1"}],"replies":[{"embeddable":true,"href":"https:\/\/www.granulati.it\/de\/wp-json\/wp\/v2\/comments?post=378"}],"version-history":[{"count":69,"href":"https:\/\/www.granulati.it\/de\/wp-json\/wp\/v2\/pages\/378\/revisions"}],"predecessor-version":[{"id":75978,"href":"https:\/\/www.granulati.it\/de\/wp-json\/wp\/v2\/pages\/378\/revisions\/75978"}],"up":[{"embeddable":true,"href":"https:\/\/www.granulati.it\/de\/wp-json\/wp\/v2\/pages\/284"}],"wp:featuredmedia":[{"embeddable":true,"href":"https:\/\/www.granulati.it\/de\/wp-json\/wp\/v2\/media\/23032"}],"wp:attachment":[{"href":"https:\/\/www.granulati.it\/de\/wp-json\/wp\/v2\/media?parent=378"}],"curies":[{"name":"wp","href":"https:\/\/api.w.org\/{rel}","templated":true}]}}