{"id":369,"date":"2013-06-12T10:24:26","date_gmt":"2013-06-12T08:24:26","guid":{"rendered":"http:\/\/www.granulati.it\/it\/?page_id=369"},"modified":"2022-10-03T17:06:36","modified_gmt":"2022-10-03T15:06:36","slug":"art-garden","status":"publish","type":"page","link":"https:\/\/www.granulati.it\/de\/produkte\/zusatzprodukte-fur-haus-und-garten\/art-garden-statue-aus-kalkstein\/","title":{"rendered":"Kunstgarten, Kalksteinstatuen"},"content":{"rendered":"<div id=\"pl-369\"  class=\"panel-layout\" ><div id=\"pg-369-0\"  class=\"panel-grid panel-no-style\" ><div id=\"pgc-369-0-0\"  class=\"panel-grid-cell\" ><div id=\"panel-369-0-0-0\" class=\"so-panel widget widget_sow-editor panel-first-child panel-last-child\" data-index=\"0\" ><div\n\t\t\t\n\t\t\tclass=\"so-widget-sow-editor so-widget-sow-editor-base\"\n\t\t\t\n\t\t>\n<div class=\"siteorigin-widget-tinymce textwidget\">\n\t<div style=\"background-color: #006785; height: 50px;\">\n<h1 style=\"padding-top: 10px;\"><span style=\"color: white;\">ART GARDEN<\/span><\/h1>\n<\/div>\n<p><\/p>\n<p>Die <strong>Gartenskulpturen<\/strong> sind Accessoires von absolutem Prestige, die sich an eine Vielzahl von Stilen und Umgebungen anpassen k\u00f6nnen. Je nach verf\u00fcgbarem Platz ist es m\u00f6glich, Ihren Garten mit <strong> Skulpturen <\/strong> aus Kunstgarten aus Kalkstein unterschiedlicher Gr\u00f6\u00dfe zu bereichern, Originalarbeiten, die von Hand hergestellt und mit einer besonderen Politur der Oberfl\u00e4che versehen wurden, die die Plastizit\u00e4t von betont die Formen. Die Auswahl von Granulati Zandobbio umfasst wundervolle Versionen von <em>Amazon<\/ em>, aber auch von <\/em><em>Diana<\/em>, Gartenskulpturen, die gewundene weibliche Figuren griechischer und r\u00f6mischer Inspiration darstellen, ein Symbol f\u00fcr Eleganz und Sch\u00f6nheit durch Jahrhunderte . Alle unsere <strong> Skulpturen <\/strong> bestehen aus Naturstein. F\u00fcr welche Art Garden-Skulptur Sie sich auch entscheiden, sie verleiht Ihrer gr\u00fcnen Oase einen Hauch von unvergleichlicher Eleganz!<\/p>\n<\/div>\n<\/div><\/div><\/div><\/div><div id=\"pg-369-1\"  class=\"panel-grid panel-no-style\" ><div id=\"pgc-369-1-0\"  class=\"panel-grid-cell\" ><div id=\"panel-369-1-0-0\" class=\"so-panel widget widget_text panel-first-child panel-last-child\" data-index=\"1\" >\t\t\t<div class=\"textwidget\"><p><a href=\"http:\/\/www.granulati.it\/wp-content\/uploads\/2019\/05\/diana-225x300.jpg\"><img loading=\"lazy\" class=\"alignnone size-medium wp-image-50478 colorbox-369\" src=\"http:\/\/www.granulati.it\/wp-content\/uploads\/2019\/05\/diana-225x300.jpg\" alt=\"\" width=\"225\" height=\"300\" srcset=\"https:\/\/www.granulati.it\/wp-content\/uploads\/2019\/05\/diana-225x300.jpg 225w, https:\/\/www.granulati.it\/wp-content\/uploads\/2019\/05\/diana-38x50.jpg 38w, https:\/\/www.granulati.it\/wp-content\/uploads\/2019\/05\/diana.jpg 472w\" sizes=\"(max-width: 225px) 100vw, 225px\" \/><\/a><\/p>\n<h5 style=\"font-size: 15px; color: #006785;\">STATUA DIANA<\/h5>\n<hr \/>\n<p>40 x 40 x 170 cm<\/p>\n<\/div>\n\t\t<\/div><\/div><div id=\"pgc-369-1-1\"  class=\"panel-grid-cell\" ><div id=\"panel-369-1-1-0\" class=\"so-panel widget widget_text panel-first-child panel-last-child\" data-index=\"2\" >\t\t\t<div class=\"textwidget\"><p><a href=\"http:\/\/www.granulati.it\/wp-content\/uploads\/2019\/05\/statue-amazzone-225x300.jpg\"><img loading=\"lazy\" class=\"alignnone size-medium wp-image-50477 colorbox-369\" src=\"http:\/\/www.granulati.it\/wp-content\/uploads\/2019\/05\/statue-amazzone-225x300.jpg\" alt=\"\" width=\"225\" height=\"300\" srcset=\"https:\/\/www.granulati.it\/wp-content\/uploads\/2019\/05\/statue-amazzone-225x300.jpg 225w, https:\/\/www.granulati.it\/wp-content\/uploads\/2019\/05\/statue-amazzone-38x50.jpg 38w, https:\/\/www.granulati.it\/wp-content\/uploads\/2019\/05\/statue-amazzone.jpg 472w\" sizes=\"(max-width: 225px) 100vw, 225px\" \/><\/a><\/p>\n<h5 style=\"font-size: 15px; color: #006785;\">STATUA AMAZZONE<\/h5>\n<hr \/>\n<p>50 x 95 x 125 cm<\/p>\n<\/div>\n\t\t<\/div><\/div><div id=\"pgc-369-1-2\"  class=\"panel-grid-cell\" ><div id=\"panel-369-1-2-0\" class=\"so-panel widget widget_text panel-first-child panel-last-child\" data-index=\"3\" >\t\t\t<div class=\"textwidget\"><p><a href=\"http:\/\/www.granulati.it\/wp-content\/uploads\/2019\/05\/WAVING-225x300.jpg\"><img loading=\"lazy\" class=\"alignnone size-medium wp-image-50462 colorbox-369\" src=\"http:\/\/www.granulati.it\/wp-content\/uploads\/2019\/05\/WAVING-225x300.jpg\" alt=\"\" width=\"225\" height=\"300\" srcset=\"https:\/\/www.granulati.it\/wp-content\/uploads\/2019\/05\/WAVING-225x300.jpg 225w, https:\/\/www.granulati.it\/wp-content\/uploads\/2019\/05\/WAVING-38x50.jpg 38w, https:\/\/www.granulati.it\/wp-content\/uploads\/2019\/05\/WAVING.jpg 472w\" sizes=\"(max-width: 225px) 100vw, 225px\" \/><\/a><\/p>\n<h5 style=\"font-size: 15px; color: #006785;\">WAVING CHILD<\/h5>\n<hr \/>\n<p>80 cm<\/p>\n<\/div>\n\t\t<\/div><\/div><div id=\"pgc-369-1-3\"  class=\"panel-grid-cell\" ><div id=\"panel-369-1-3-0\" class=\"so-panel widget widget_text panel-first-child panel-last-child\" data-index=\"4\" >\t\t\t<div class=\"textwidget\"><p><a href=\"http:\/\/www.granulati.it\/wp-content\/uploads\/2019\/05\/JAPANESE-tondo-225x300.jpg\"><img loading=\"lazy\" class=\"alignnone size-medium wp-image-50459 colorbox-369\" src=\"http:\/\/www.granulati.it\/wp-content\/uploads\/2019\/05\/JAPANESE-tondo-225x300.jpg\" alt=\"\" width=\"225\" height=\"300\" srcset=\"https:\/\/www.granulati.it\/wp-content\/uploads\/2019\/05\/JAPANESE-tondo-225x300.jpg 225w, https:\/\/www.granulati.it\/wp-content\/uploads\/2019\/05\/JAPANESE-tondo-38x50.jpg 38w, https:\/\/www.granulati.it\/wp-content\/uploads\/2019\/05\/JAPANESE-tondo.jpg 472w\" sizes=\"(max-width: 225px) 100vw, 225px\" \/><\/a><\/p>\n<h5 style=\"font-size: 15px; color: #006785;\">JAPANESE WALL TONDO<\/h5>\n<hr \/>\n<p>180 x 180 cm<br \/>\nFinestra tonda<br \/>\nRound window<\/p>\n<\/div>\n\t\t<\/div><\/div><\/div><div id=\"pg-369-2\"  class=\"panel-grid panel-no-style\" ><div id=\"pgc-369-2-0\"  class=\"panel-grid-cell\" ><div id=\"panel-369-2-0-0\" class=\"so-panel widget widget_text panel-first-child panel-last-child\" data-index=\"5\" >\t\t\t<div class=\"textwidget\"><p><a href=\"http:\/\/www.granulati.it\/wp-content\/uploads\/2019\/05\/JAPANESE-quadrato-225x300.jpg\"><img loading=\"lazy\" class=\"alignnone size-medium wp-image-50461 colorbox-369\" src=\"http:\/\/www.granulati.it\/wp-content\/uploads\/2019\/05\/JAPANESE-quadrato-225x300.jpg\" alt=\"\" width=\"225\" height=\"300\" srcset=\"https:\/\/www.granulati.it\/wp-content\/uploads\/2019\/05\/JAPANESE-quadrato-225x300.jpg 225w, https:\/\/www.granulati.it\/wp-content\/uploads\/2019\/05\/JAPANESE-quadrato-38x50.jpg 38w, https:\/\/www.granulati.it\/wp-content\/uploads\/2019\/05\/JAPANESE-quadrato.jpg 472w\" sizes=\"(max-width: 225px) 100vw, 225px\" \/><\/a><\/p>\n<h5 style=\"font-size: 15px; color: #006785;\">JAPANESE WALL<br \/>\nQUADRATO<\/h5>\n<hr \/>\n<p>180 x 180 cm<br \/>\nFinestra quadrata<br \/>\nSquare window<\/p>\n<\/div>\n\t\t<\/div><\/div><div id=\"pgc-369-2-1\"  class=\"panel-grid-cell\" ><div id=\"panel-369-2-1-0\" class=\"so-panel widget widget_text panel-first-child panel-last-child\" data-index=\"6\" >\t\t\t<div class=\"textwidget\"><p><a href=\"http:\/\/www.granulati.it\/wp-content\/uploads\/2019\/05\/JAPANESE-rettangoli-225x300.jpg\"><img loading=\"lazy\" class=\"alignnone size-medium wp-image-50460 colorbox-369\" src=\"http:\/\/www.granulati.it\/wp-content\/uploads\/2019\/05\/JAPANESE-rettangoli-225x300.jpg\" alt=\"\" width=\"225\" height=\"300\" srcset=\"https:\/\/www.granulati.it\/wp-content\/uploads\/2019\/05\/JAPANESE-rettangoli-225x300.jpg 225w, https:\/\/www.granulati.it\/wp-content\/uploads\/2019\/05\/JAPANESE-rettangoli-38x50.jpg 38w, https:\/\/www.granulati.it\/wp-content\/uploads\/2019\/05\/JAPANESE-rettangoli.jpg 472w\" sizes=\"(max-width: 225px) 100vw, 225px\" \/><\/a><\/p>\n<h5 style=\"font-size: 15px; color: #006785;\">JAPANESE WALL RETTANGOLI<\/h5>\n<hr \/>\n<p>180 x 180 cm<br \/>\nFinestra quadrata<br \/>\nSquare window<\/p>\n<\/div>\n\t\t<\/div><\/div><div id=\"pgc-369-2-2\"  class=\"panel-grid-cell panel-grid-cell-empty panel-grid-cell-mobile-last\" ><\/div><div id=\"pgc-369-2-3\"  class=\"panel-grid-cell panel-grid-cell-empty\" ><\/div><\/div><\/div>","protected":false},"excerpt":{"rendered":"<p>ART GARDEN Die Gartenskulpturen sind Accessoires von absolutem Prestige, die sich an eine Vielzahl von Stilen und Umgebungen anpassen k\u00f6nnen. Je nach verf\u00fcgbarem Platz ist es m\u00f6glich, Ihren Garten mit Skulpturen aus Kunstgarten aus Kalkstein unterschiedlicher Gr\u00f6\u00dfe zu bereichern, Originalarbeiten, die von Hand hergestellt und mit einer besonderen Politur der Oberfl\u00e4che versehen wurden, die die Plastizit\u00e4t von betont die Formen. Die Auswahl von Granulati Zandobbio umfasst wundervolle Versionen von Amazon, aber auch von Diana, Gartenskulpturen, die gewundene weibliche Figuren griechischer und r\u00f6mischer Inspiration darstellen, ein Symbol f\u00fcr Eleganz und Sch\u00f6nheit durch Jahrhunderte . Alle unsere Skulpturen bestehen aus Naturstein. F\u00fcr welche Art Garden-Skulptur Sie sich auch entscheiden, sie verleiht Ihrer gr\u00fcnen Oase einen Hauch von unvergleichlicher Eleganz! STATUA DIANA 40 x 40 x 170 cm STATUA AMAZZONE 50 x 95 x 125 cm WAVING CHILD 80 cm JAPANESE WALL TONDO 180 x 180 cm Finestra tonda Round window<\/p>\n","protected":false},"author":1,"featured_media":1399,"parent":283,"menu_order":56,"comment_status":"open","ping_status":"open","template":"","meta":{"_links_to":"","_links_to_target":""},"aioseo_notices":[],"_links":{"self":[{"href":"https:\/\/www.granulati.it\/de\/wp-json\/wp\/v2\/pages\/369"}],"collection":[{"href":"https:\/\/www.granulati.it\/de\/wp-json\/wp\/v2\/pages"}],"about":[{"href":"https:\/\/www.granulati.it\/de\/wp-json\/wp\/v2\/types\/page"}],"author":[{"embeddable":true,"href":"https:\/\/www.granulati.it\/de\/wp-json\/wp\/v2\/users\/1"}],"replies":[{"embeddable":true,"href":"https:\/\/www.granulati.it\/de\/wp-json\/wp\/v2\/comments?post=369"}],"version-history":[{"count":22,"href":"https:\/\/www.granulati.it\/de\/wp-json\/wp\/v2\/pages\/369\/revisions"}],"predecessor-version":[{"id":77187,"href":"https:\/\/www.granulati.it\/de\/wp-json\/wp\/v2\/pages\/369\/revisions\/77187"}],"up":[{"embeddable":true,"href":"https:\/\/www.granulati.it\/de\/wp-json\/wp\/v2\/pages\/283"}],"wp:featuredmedia":[{"embeddable":true,"href":"https:\/\/www.granulati.it\/de\/wp-json\/wp\/v2\/media\/1399"}],"wp:attachment":[{"href":"https:\/\/www.granulati.it\/de\/wp-json\/wp\/v2\/media?parent=369"}],"curies":[{"name":"wp","href":"https:\/\/api.w.org\/{rel}","templated":true}]}}