{"id":367,"date":"2013-06-12T10:23:37","date_gmt":"2013-06-12T08:23:37","guid":{"rendered":"http:\/\/www.granulati.it\/it\/?page_id=367"},"modified":"2020-07-29T09:46:35","modified_gmt":"2020-07-29T07:46:35","slug":"vasi","status":"publish","type":"page","link":"https:\/\/www.granulati.it\/de\/produkte\/zusatzprodukte-fur-haus-und-garten\/granitgefase\/","title":{"rendered":"Granitgef\u00e4\u00dfe"},"content":{"rendered":"<p>Granitgef\u00e4\u00dfe in klassischen Formen. Der Granit geh\u00f6rt zu den widerstandsf\u00e4higsten Materialien; er ist frostbest\u00e4ndig und daher auch f\u00fcr die Bepflanzung im Winter geeignet. Ideal f\u00fcr G\u00e4rten und Terrassen, sie erinnern an die f\u00fcr Gebirgsgegenden typischen Pflanzgef\u00e4\u00dfe.<\/p>","protected":false},"excerpt":{"rendered":"<p>Granitgef\u00e4\u00dfe in klassischen Formen. Der Granit geh\u00f6rt zu den widerstandsf\u00e4higsten Materialien; er ist frostbest\u00e4ndig und daher auch f\u00fcr die Bepflanzung im Winter geeignet. Ideal f\u00fcr G\u00e4rten und Terrassen, sie erinnern an die f\u00fcr Gebirgsgegenden typischen Pflanzgef\u00e4\u00dfe.<\/p>\n","protected":false},"author":1,"featured_media":1401,"parent":283,"menu_order":36,"comment_status":"open","ping_status":"open","template":"page-prodotto-vasi.php","meta":{"_links_to":"","_links_to_target":""},"aioseo_notices":[],"_links":{"self":[{"href":"https:\/\/www.granulati.it\/de\/wp-json\/wp\/v2\/pages\/367"}],"collection":[{"href":"https:\/\/www.granulati.it\/de\/wp-json\/wp\/v2\/pages"}],"about":[{"href":"https:\/\/www.granulati.it\/de\/wp-json\/wp\/v2\/types\/page"}],"author":[{"embeddable":true,"href":"https:\/\/www.granulati.it\/de\/wp-json\/wp\/v2\/users\/1"}],"replies":[{"embeddable":true,"href":"https:\/\/www.granulati.it\/de\/wp-json\/wp\/v2\/comments?post=367"}],"version-history":[{"count":1,"href":"https:\/\/www.granulati.it\/de\/wp-json\/wp\/v2\/pages\/367\/revisions"}],"predecessor-version":[{"id":60690,"href":"https:\/\/www.granulati.it\/de\/wp-json\/wp\/v2\/pages\/367\/revisions\/60690"}],"up":[{"embeddable":true,"href":"https:\/\/www.granulati.it\/de\/wp-json\/wp\/v2\/pages\/283"}],"wp:featuredmedia":[{"embeddable":true,"href":"https:\/\/www.granulati.it\/de\/wp-json\/wp\/v2\/media\/1401"}],"wp:attachment":[{"href":"https:\/\/www.granulati.it\/de\/wp-json\/wp\/v2\/media?parent=367"}],"curies":[{"name":"wp","href":"https:\/\/api.w.org\/{rel}","templated":true}]}}