{"id":358,"date":"2013-06-12T10:18:33","date_gmt":"2013-06-12T08:18:33","guid":{"rendered":"http:\/\/www.granulati.it\/it\/?page_id=358"},"modified":"2026-03-31T12:22:35","modified_gmt":"2026-03-31T10:22:35","slug":"palizzate","status":"publish","type":"page","link":"https:\/\/www.granulati.it\/de\/produkte\/mauern-steinblocke-und-verkleidungen\/palisaden\/","title":{"rendered":"Palisaden"},"content":{"rendered":"<div id=\"pl-358\"  class=\"panel-layout\" ><div id=\"pg-358-0\"  class=\"panel-grid panel-no-style\" ><div id=\"pgc-358-0-0\"  class=\"panel-grid-cell\" ><div id=\"panel-358-0-0-0\" class=\"so-panel widget widget_sow-editor panel-first-child panel-last-child\" data-index=\"0\" ><div\n\t\t\t\n\t\t\tclass=\"so-widget-sow-editor so-widget-sow-editor-base\"\n\t\t\t\n\t\t>\n<div class=\"siteorigin-widget-tinymce textwidget\">\n\t<div style=\"background-color: #006785; height: 50px;\">\n<h1 style=\"padding-top: 10px;\"><span style=\"color: white;\">PALISZEN<\/span><\/h1>\n<\/div>\n<\/div>\n<\/div><\/div><\/div><\/div><div id=\"pg-358-1\"  class=\"panel-grid panel-no-style\" ><div id=\"pgc-358-1-0\"  class=\"panel-grid-cell\" ><div id=\"panel-358-1-0-0\" class=\"so-panel widget widget_sow-editor panel-first-child panel-last-child\" data-index=\"1\" ><div\n\t\t\t\n\t\t\tclass=\"so-widget-sow-editor so-widget-sow-editor-base\"\n\t\t\t\n\t\t>\n<div class=\"siteorigin-widget-tinymce textwidget\">\n\t<p style=\"font-size: 16px;\">Vertikale Elemente zur Begrenzung von R\u00e4umen: gro\u00dfe Platten oder Materialien in verschiedenen Formen, um Ihre G\u00e4rten zu umschlie\u00dfen und zu versch\u00f6nern.<\/p>\n<\/div>\n<\/div><\/div><\/div><\/div><div id=\"pg-358-2\"  class=\"panel-grid panel-no-style\" ><div id=\"pgc-358-2-0\"  class=\"panel-grid-cell\" ><div id=\"panel-358-2-0-0\" class=\"so-panel widget widget_sow-editor panel-first-child panel-last-child\" data-index=\"2\" ><div\n\t\t\t\n\t\t\tclass=\"so-widget-sow-editor so-widget-sow-editor-base\"\n\t\t\t\n\t\t>\n<div class=\"siteorigin-widget-tinymce textwidget\">\n\t<\/p>\n<h3 style=\"font-size: 22px; color: #006785;\">Palisaden in geflammter Ausf\u00fchrung<\/h3>\n<p>\n<\/p>\n<hr style=\"margin-bottom: 5px;\" \/>\n<\/div>\n<\/div><\/div><\/div><\/div><div id=\"pg-358-3\"  class=\"panel-grid panel-no-style\" ><div id=\"pgc-358-3-0\"  class=\"panel-grid-cell\" ><div id=\"panel-358-3-0-0\" class=\"so-panel widget widget_text panel-first-child panel-last-child\" data-index=\"3\" >\t\t\t<div class=\"textwidget\"><p><a href=\"http:\/\/www.granulati.it\/wp-content\/uploads\/2025\/01\/pgranitob-232x300.jpg\"><img class=\"colorbox-358\"  src=\"http:\/\/www.granulati.it\/wp-content\/uploads\/2025\/01\/pgranitob-232x300.jpg\"\/><\/a><\/p>\n<h5 style=\"font-size: 15px; color: #006785;\">GRANITO BIANCO<\/h5>\n<hr style=\"margin-bottom: 5px;\" \/>\n<p>50 x 12 x 12 cm<br \/>\n100 x 12 x 12 cm<br \/>\n180 x 12 x 12 cm<\/p>\n<\/div>\n\t\t<\/div><\/div><div id=\"pgc-358-3-1\"  class=\"panel-grid-cell\" ><div id=\"panel-358-3-1-0\" class=\"so-panel widget widget_text panel-first-child panel-last-child\" data-index=\"4\" >\t\t\t<div class=\"textwidget\"><p><a href=\"http:\/\/www.granulati.it\/wp-content\/uploads\/2025\/01\/pgranitod-232x300.jpg\"><img class=\"colorbox-358\"  src=\"http:\/\/www.granulati.it\/wp-content\/uploads\/2025\/01\/pgranitod-232x300.jpg\" \/><\/a><\/p>\n<h5 style=\"font-size: 15px; color: #006785;\">GRANITO DIORITE<\/h5>\n<hr style=\"margin-bottom: 5px;\" \/>\n<p>100 x 12 x 10 cm<\/p>\n<\/div>\n\t\t<\/div><\/div><div id=\"pgc-358-3-2\"  class=\"panel-grid-cell panel-grid-cell-empty panel-grid-cell-mobile-last\" ><\/div><div id=\"pgc-358-3-3\"  class=\"panel-grid-cell panel-grid-cell-empty\" ><\/div><\/div><div id=\"pg-358-4\"  class=\"panel-grid panel-no-style\" ><div id=\"pgc-358-4-0\"  class=\"panel-grid-cell\" ><div id=\"panel-358-4-0-0\" class=\"so-panel widget widget_sow-editor panel-first-child panel-last-child\" data-index=\"5\" ><div\n\t\t\t\n\t\t\tclass=\"so-widget-sow-editor so-widget-sow-editor-base\"\n\t\t\t\n\t\t>\n<div class=\"siteorigin-widget-tinymce textwidget\">\n\t<h3 style=\"font-size: 22px; color: #006785;\">Palisades Black Pillar nat\u00fcrliches Finish<\/h3>\n<hr style=\"margin-bottom: 5px;\" \/>\n<\/div>\n<\/div><\/div><\/div><\/div><div id=\"pg-358-5\"  class=\"panel-grid panel-no-style\" ><div id=\"pgc-358-5-0\"  class=\"panel-grid-cell\" ><div id=\"panel-358-5-0-0\" class=\"so-panel widget widget_text panel-first-child panel-last-child\" data-index=\"6\" >\t\t\t<div class=\"textwidget\"><p><a href=\"https:\/\/www.granulati.it\/wp-content\/uploads\/2014\/01\/palizzata-black-pillar.jpg\"><img class=\"colorbox-358\"  style=\"height: 300px;\" src=\"https:\/\/www.granulati.it\/wp-content\/uploads\/2014\/01\/palizzata-black-pillar.jpg\" \/><\/a><\/p>\n<h5 style=\"font-size: 15px; color: #006785;\">BLACK PILLAR   PALISADE <\/h5>\n<hr style=\"margin-bottom: 5px;\" \/>\n<p>100 x 10 x (6-10) cm<br \/>\n200 x 10 x (6-10) cm<\/p>\n<\/div>\n\t\t<\/div><\/div><div id=\"pgc-358-5-1\"  class=\"panel-grid-cell\" ><div id=\"panel-358-5-1-0\" class=\"so-panel widget widget_text panel-first-child panel-last-child\" data-index=\"7\" >\t\t\t<div class=\"textwidget\"><p><a href=\"https:\/\/www.granulati.it\/wp-content\/uploads\/2014\/01\/black-pillar-3.jpg\"><img class=\"colorbox-358\"  style=\"height: 300px;\" src=\"https:\/\/www.granulati.it\/wp-content\/uploads\/2014\/01\/black-pillar-3.jpg\" \/><\/a><\/p>\n<h5 style=\"font-size: 15px; color: #006785;\">BLACK PILLAR   PLATTE <\/h5>\n<hr style=\"margin-bottom: 5px;\" \/>\n<p>100 x 50 x (4-6) cm<br \/>\n200 x 50 x (4-6) cm<br \/>\n280 x 50 x (4-6) cm<\/p>\n<\/div>\n\t\t<\/div><\/div><div id=\"pgc-358-5-2\"  class=\"panel-grid-cell\" ><div id=\"panel-358-5-2-0\" class=\"so-panel widget widget_text panel-first-child panel-last-child\" data-index=\"8\" >\t\t\t<div class=\"textwidget\"><p><a href=\"https:\/\/www.granulati.it\/wp-content\/uploads\/2014\/01\/black-pillar.jpg\"><img class=\"colorbox-358\"  style=\"height: 300px;\" src=\"https:\/\/www.granulati.it\/wp-content\/uploads\/2014\/01\/black-pillar.jpg\" \/><\/a><\/p>\n<h5 style=\"font-size: 15px; color: #006785;\">BLACK PILLAR   PLATTE <\/h5>\n<hr style=\"margin-bottom: 5px;\" \/>\n<p>150 x 25 x (4-6) cm<br \/>\n200 x 25 x (4-6) cm<\/p>\n<\/div>\n\t\t<\/div><\/div><div id=\"pgc-358-5-3\"  class=\"panel-grid-cell\" ><div id=\"panel-358-5-3-0\" class=\"so-panel widget widget_text panel-first-child panel-last-child\" data-index=\"9\" >\t\t\t<div class=\"textwidget\"><p><a href=\"https:\/\/www.granulati.it\/wp-content\/uploads\/2014\/01\/bolgare.jpg\"><img class=\"colorbox-358\"  style=\"height: 300px;\" src=\"https:\/\/www.granulati.it\/wp-content\/uploads\/2014\/01\/bolgare.jpg\" \/><\/a><\/p>\n<h5 style=\"font-size: 15px; color: #006785;\">BLACK PILLAR   SCHRITT BLOCKIEREN <\/h5>\n<hr style=\"margin-bottom: 5px;\" \/>\n<p>100 x 35 x 15 cm<\/p>\n<\/div>\n\t\t<\/div><\/div><\/div><div id=\"pg-358-6\"  class=\"panel-grid panel-no-style\" ><div id=\"pgc-358-6-0\"  class=\"panel-grid-cell\" ><div id=\"panel-358-6-0-0\" class=\"so-panel widget widget_sow-editor panel-first-child panel-last-child\" data-index=\"10\" ><div\n\t\t\t\n\t\t\tclass=\"so-widget-sow-editor so-widget-sow-editor-base\"\n\t\t\t\n\t\t>\n<div class=\"siteorigin-widget-tinymce textwidget\">\n\t<\/p>\n<h3 style=\"font-size: 22px; color: #006785;\">Schiefer naturbelassen<\/h3>\n<p>\n<\/p>\n<hr style=\"margin-bottom: 5px;\" \/>\n<\/div>\n<\/div><\/div><\/div><\/div><div id=\"pg-358-7\"  class=\"panel-grid panel-no-style\" ><div id=\"pgc-358-7-0\"  class=\"panel-grid-cell\" ><div id=\"panel-358-7-0-0\" class=\"so-panel widget widget_text panel-first-child panel-last-child\" data-index=\"11\" >\t\t\t<div class=\"textwidget\"><p><a href=\"https:\/\/www.granulati.it\/wp-content\/uploads\/2017\/07\/ardesia-extra-nera-100x50.jpg\"><img class=\"colorbox-358\"  style=\"height: 300px;\" src=\"https:\/\/www.granulati.it\/wp-content\/uploads\/2017\/07\/ardesia-extra-nera-100x50.jpg\" \/><\/a><\/p>\n<h5 style=\"font-size: 15px; color: #006785;\">ARDESIA NERA EXTRA<\/h5>\n<hr style=\"margin-bottom: 5px;\" \/>\n<p>30 x 60 x 3-4 cm<\/p>\n<\/div>\n\t\t<\/div><\/div><div id=\"pgc-358-7-1\"  class=\"panel-grid-cell\" ><div id=\"panel-358-7-1-0\" class=\"so-panel widget widget_text panel-first-child panel-last-child\" data-index=\"12\" >\t\t\t<div class=\"textwidget\"><p><a href=\"https:\/\/www.granulati.it\/wp-content\/uploads\/2017\/07\/cordolo-ardesia-extra-nera-100-x20x6-c.jpg\"><img class=\"colorbox-358\"  style=\"height: 300px;\" src=\"https:\/\/www.granulati.it\/wp-content\/uploads\/2017\/07\/cordolo-ardesia-extra-nera-100-x20x6-c.jpg\" \/><\/a><\/p>\n<h5 style=\"font-size: 15px; color: #006785;\">ARDESIA CORDOLO<\/h5>\n<hr style=\"margin-bottom: 5px;\" \/>\n<p>100 x 20 x 6 cm<\/p>\n<\/div>\n\t\t<\/div><\/div><div id=\"pgc-358-7-2\"  class=\"panel-grid-cell\" ><div id=\"panel-358-7-2-0\" class=\"so-panel widget widget_text panel-first-child panel-last-child\" data-index=\"13\" >\t\t\t<div class=\"textwidget\"><p><a href=\"https:\/\/www.granulati.it\/wp-content\/uploads\/2017\/07\/Palizzata-forata.jpg\"><img class=\"colorbox-358\"  style=\"height: 300px;\" src=\"https:\/\/www.granulati.it\/wp-content\/uploads\/2017\/07\/Palizzata-forata.jpg\" \/><\/a><\/p>\n<h5 style=\"font-size: 15px; color: #006785;\">ARDESIA DESIGN<\/h5>\n<hr style=\"margin-bottom: 5px;\" \/>\n<p>200 x 50 x 3-4 cm<\/p>\n<\/div>\n\t\t<\/div><\/div><div id=\"pgc-358-7-3\"  class=\"panel-grid-cell\" ><div id=\"panel-358-7-3-0\" class=\"so-panel widget widget_text panel-first-child panel-last-child\" data-index=\"14\" >\t\t\t<div class=\"textwidget\"><p><a href=\"https:\/\/www.granulati.it\/wp-content\/uploads\/2017\/07\/Palizzata-nera-extra_6943-1.jpg\"><img class=\"colorbox-358\"  style=\"height: 300px;\" src=\"https:\/\/www.granulati.it\/wp-content\/uploads\/2017\/07\/Palizzata-nera-extra_6943-1.jpg\" \/><\/a><\/p>\n<h5 style=\"font-size: 15px; color: #006785;\">ARDESIA PALIZZATA<\/h5>\n<hr style=\"margin-bottom: 5px;\" \/>\n<p>200 x 50 x 3-4 cm<\/p>\n<\/div>\n\t\t<\/div><\/div><\/div><div id=\"pg-358-8\"  class=\"panel-grid panel-no-style\" ><div id=\"pgc-358-8-0\"  class=\"panel-grid-cell\" ><div id=\"panel-358-8-0-0\" class=\"so-panel widget widget_text panel-first-child panel-last-child\" data-index=\"15\" >\t\t\t<div class=\"textwidget\"><p><a href=\"http:\/\/www.granulati.it\/wp-content\/uploads\/2025\/01\/palizzatamulticolor-232x300.jpg\"><img class=\"colorbox-358\"  src=\"http:\/\/www.granulati.it\/wp-content\/uploads\/2025\/01\/palizzatamulticolor-232x300.jpg\"\/><\/a><\/p>\n<h5 style=\"font-size: 15px; color: #006785;\">ARDESIA MULTICOLOR<\/h5>\n<hr style=\"margin-bottom: 5px;\" \/>\n<p>200 x 50 3-4 cm<\/p>\n<\/div>\n\t\t<\/div><\/div><div id=\"pgc-358-8-1\"  class=\"panel-grid-cell panel-grid-cell-empty\" ><\/div><div id=\"pgc-358-8-2\"  class=\"panel-grid-cell panel-grid-cell-empty panel-grid-cell-mobile-last\" ><\/div><div id=\"pgc-358-8-3\"  class=\"panel-grid-cell panel-grid-cell-empty\" ><\/div><\/div><div id=\"pg-358-9\"  class=\"panel-grid panel-no-style\" ><div id=\"pgc-358-9-0\"  class=\"panel-grid-cell\" ><div id=\"panel-358-9-0-0\" class=\"so-panel widget widget_sow-editor panel-first-child panel-last-child\" data-index=\"16\" ><div\n\t\t\t\n\t\t\tclass=\"so-widget-sow-editor so-widget-sow-editor-base\"\n\t\t\t\n\t\t>\n<div class=\"siteorigin-widget-tinymce textwidget\">\n\t<h3 style=\"font-size: 22px; color: #006785;\">Palisaden aus naturbelassenem Sandstein<\/h3>\n<hr style=\"margin-bottom: 5px;\" \/>\n<\/div>\n<\/div><\/div><\/div><\/div><div id=\"pg-358-10\"  class=\"panel-grid panel-no-style\" ><div id=\"pgc-358-10-0\"  class=\"panel-grid-cell\" ><div id=\"panel-358-10-0-0\" class=\"so-panel widget widget_text panel-first-child panel-last-child\" data-index=\"17\" >\t\t\t<div class=\"textwidget\"><p><a href=\"https:\/\/www.granulati.it\/wp-content\/uploads\/2014\/01\/Palizzata-Autumn-Grey_6940-1.jpg\"><img class=\"colorbox-358\"  style=\"height: 300px;\" src=\"https:\/\/www.granulati.it\/wp-content\/uploads\/2014\/01\/Palizzata-Autumn-Grey_6940-1.jpg\" \/><\/a><\/p>\n<h5 style=\"font-size: 15px; color: #006785;\">AUTUMN GREY<\/h5>\n<hr style=\"margin-bottom: 5px;\" \/>\n<p>200 x 80 x 7-8 cm<br \/>\n220 x 50 x 7-8 cm<\/p>\n<\/div>\n\t\t<\/div><\/div><div id=\"pgc-358-10-1\"  class=\"panel-grid-cell\" ><div id=\"panel-358-10-1-0\" class=\"so-panel widget widget_text panel-first-child panel-last-child\" data-index=\"18\" >\t\t\t<div class=\"textwidget\"><p><a href=\"https:\/\/www.granulati.it\/wp-content\/uploads\/2014\/01\/palizzata-golden-leaf-1.jpg\"><img class=\"colorbox-358\"  style=\"height: 300px;\" src=\"https:\/\/www.granulati.it\/wp-content\/uploads\/2014\/01\/palizzata-golden-leaf-1.jpg\" \/><\/a><\/p>\n<h5 style=\"font-size: 15px; color: #006785;\">GOLDEN LEAF<\/h5>\n<hr style=\"margin-bottom: 5px;\" \/>\n<p>200 x 80 x 7-8 cm<br \/>\n220 x 50 x 7-8 cm<\/p>\n<\/div>\n\t\t<\/div><\/div><div id=\"pgc-358-10-2\"  class=\"panel-grid-cell\" ><div id=\"panel-358-10-2-0\" class=\"so-panel widget widget_text panel-first-child panel-last-child\" data-index=\"19\" >\t\t\t<div class=\"textwidget\"><p><a href=\"http:\/\/www.granulati.it\/wp-content\/uploads\/2024\/10\/p-mint.jpg\"><img class=\"colorbox-358\"  style=\"height: 300px;\" src=\"http:\/\/www.granulati.it\/wp-content\/uploads\/2024\/10\/p-mint.jpg\" data-wp-editing=\"1\" \/><\/a><\/p>\n<h5 style=\"font-size: 15px; color: #006785;\">MINT<\/h5>\n<hr style=\"margin-bottom: 5px;\" \/>\n<p>200 x 80 x 5-7 cm<br \/>\n220 x 50 x 5-7 cm<\/p>\n<p>100 x 12 x 12 cm<\/p>\n<\/div>\n\t\t<\/div><\/div><div id=\"pgc-358-10-3\"  class=\"panel-grid-cell\" ><div id=\"panel-358-10-3-0\" class=\"so-panel widget widget_text panel-first-child panel-last-child\" data-index=\"20\" >\t\t\t<div class=\"textwidget\"><p><a href=\"https:\/\/www.granulati.it\/wp-content\/uploads\/2020\/07\/palizzata-mint2.jpg\"><img class=\"colorbox-358\"  style=\"height: 300px;\" src=\"https:\/\/www.granulati.it\/wp-content\/uploads\/2020\/07\/palizzata-mint2.jpg\" \/><\/a><\/p>\n<h5 style=\"font-size: 15px; color: #006785;\">MINT<\/h5>\n<hr style=\"margin-bottom: 5px;\" \/>\n<p>100 x 12 x 12 cm<\/p>\n<\/div>\n\t\t<\/div><\/div><\/div><div id=\"pg-358-11\"  class=\"panel-grid panel-no-style\" ><div id=\"pgc-358-11-0\"  class=\"panel-grid-cell\" ><div id=\"panel-358-11-0-0\" class=\"so-panel widget widget_text panel-first-child panel-last-child\" data-index=\"21\" >\t\t\t<div class=\"textwidget\"><p><a href=\"http:\/\/www.granulati.it\/wp-content\/uploads\/2022\/03\/corten-palizzata.jpg\"><img class=\"colorbox-358\"  style=\"height: 300px;\" src=\"http:\/\/www.granulati.it\/wp-content\/uploads\/2022\/03\/corten-palizzata.jpg\" \/><\/a><\/p>\n<h5 style=\"font-size: 15px; color: #006785;\">CORTEN<\/h5>\n<hr style=\"margin-bottom: 5px;\" \/>\n<p>200 x 70 x 2,5 cm<\/p>\n<\/div>\n\t\t<\/div><\/div><div id=\"pgc-358-11-1\"  class=\"panel-grid-cell panel-grid-cell-empty\" ><\/div><div id=\"pgc-358-11-2\"  class=\"panel-grid-cell panel-grid-cell-empty panel-grid-cell-mobile-last\" ><\/div><div id=\"pgc-358-11-3\"  class=\"panel-grid-cell panel-grid-cell-empty\" ><\/div><\/div><\/div>","protected":false},"excerpt":{"rendered":"<p>PALISZEN Vertikale Elemente zur Begrenzung von R\u00e4umen: gro\u00dfe Platten oder Materialien in verschiedenen Formen, um Ihre G\u00e4rten zu umschlie\u00dfen und zu versch\u00f6nern.<\/p>\n","protected":false},"author":1,"featured_media":4150,"parent":281,"menu_order":30,"comment_status":"open","ping_status":"closed","template":"page-prodotto-palizzate.php","meta":{"_links_to":"","_links_to_target":""},"aioseo_notices":[],"_links":{"self":[{"href":"https:\/\/www.granulati.it\/de\/wp-json\/wp\/v2\/pages\/358"}],"collection":[{"href":"https:\/\/www.granulati.it\/de\/wp-json\/wp\/v2\/pages"}],"about":[{"href":"https:\/\/www.granulati.it\/de\/wp-json\/wp\/v2\/types\/page"}],"author":[{"embeddable":true,"href":"https:\/\/www.granulati.it\/de\/wp-json\/wp\/v2\/users\/1"}],"replies":[{"embeddable":true,"href":"https:\/\/www.granulati.it\/de\/wp-json\/wp\/v2\/comments?post=358"}],"version-history":[{"count":15,"href":"https:\/\/www.granulati.it\/de\/wp-json\/wp\/v2\/pages\/358\/revisions"}],"predecessor-version":[{"id":84425,"href":"https:\/\/www.granulati.it\/de\/wp-json\/wp\/v2\/pages\/358\/revisions\/84425"}],"up":[{"embeddable":true,"href":"https:\/\/www.granulati.it\/de\/wp-json\/wp\/v2\/pages\/281"}],"wp:featuredmedia":[{"embeddable":true,"href":"https:\/\/www.granulati.it\/de\/wp-json\/wp\/v2\/media\/4150"}],"wp:attachment":[{"href":"https:\/\/www.granulati.it\/de\/wp-json\/wp\/v2\/media?parent=358"}],"curies":[{"name":"wp","href":"https:\/\/api.w.org\/{rel}","templated":true}]}}