{"id":357,"date":"2013-06-12T10:16:08","date_gmt":"2013-06-12T08:16:08","guid":{"rendered":"http:\/\/www.granulati.it\/it\/?page_id=357"},"modified":"2026-03-31T12:24:32","modified_gmt":"2026-03-31T10:24:32","slug":"rivestimenti","status":"publish","type":"page","link":"https:\/\/www.granulati.it\/de\/produkte\/mauern-steinblocke-und-verkleidungen\/verkleidungen\/","title":{"rendered":"NATURAL PANEL"},"content":{"rendered":"<div id=\"pl-357\"  class=\"panel-layout\" ><div id=\"pg-357-0\"  class=\"panel-grid panel-no-style\" ><div id=\"pgc-357-0-0\"  class=\"panel-grid-cell\" ><div id=\"panel-357-0-0-0\" class=\"so-panel widget widget_sow-editor panel-first-child panel-last-child\" data-index=\"0\" ><div\n\t\t\t\n\t\t\tclass=\"so-widget-sow-editor so-widget-sow-editor-base\"\n\t\t\t\n\t\t>\n<div class=\"siteorigin-widget-tinymce textwidget\">\n\t<p><a href=\"http:\/\/www.granulati.it\/wp-content\/uploads\/2013\/06\/natural-panel.png\"><img class=\" size-medium wp-image-6075 alignnone colorbox-357\" src=\"http:\/\/www.granulati.it\/wp-content\/uploads\/2013\/06\/natural-panel-300x41.png\" alt=\"natural-panel\" width=\"400\" srcset=\"https:\/\/www.granulati.it\/wp-content\/uploads\/2013\/06\/natural-panel-300x41.png 300w, https:\/\/www.granulati.it\/wp-content\/uploads\/2013\/06\/natural-panel-150x20.png 150w, https:\/\/www.granulati.it\/wp-content\/uploads\/2013\/06\/natural-panel.png 620w\" sizes=\"(max-width: 300px) 100vw, 300px\" \/><\/a><\/p>\n<p style=\"font-size: 16px;\">Kleine Streifen, die ein einziges Element bilden, dessen sichtbare Oberfl\u00e4che ein nat\u00fcrliches Split-Finish hat, das in der Lage ist, absolut nat\u00fcrlich wirkende W\u00e4nde zu schaffen.<\/p>\n<\/div>\n<\/div><\/div><\/div><\/div><div id=\"pg-357-1\"  class=\"panel-grid panel-no-style\" ><div id=\"pgc-357-1-0\"  class=\"panel-grid-cell\" ><div id=\"panel-357-1-0-0\" class=\"so-panel widget widget_sow-editor panel-first-child panel-last-child\" data-index=\"1\" ><div\n\t\t\t\n\t\t\tclass=\"so-widget-sow-editor so-widget-sow-editor-base\"\n\t\t\t\n\t\t>\n<div class=\"siteorigin-widget-tinymce textwidget\">\n\t<h3 style=\"font-size: 15px; color: #006785;\">Klebeschiefer<\/h3>\n<hr style=\"margin-bottom: 5px;\" \/>\n<p>Natur-D\u00fcnnschiefer-Klebe-Beplankung, hochfester Kleber bereits mit der Beplankung verbunden. Entfernen Sie einfach die Folie und es kann installiert werden.<\/p>\n<\/div>\n<\/div><\/div><\/div><\/div><div id=\"pg-357-2\"  class=\"panel-grid panel-no-style\" ><div id=\"pgc-357-2-0\"  class=\"panel-grid-cell\" ><div id=\"panel-357-2-0-0\" class=\"so-panel widget widget_text panel-first-child panel-last-child\" data-index=\"2\" >\t\t\t<div class=\"textwidget\"><p><a href=\"http:\/\/www.granulati.it\/wp-content\/uploads\/2018\/07\/disponibilidad-stonetack_2.jpg\"><img class=\"colorbox-357\"  style=\"height: auto;\" src=\"http:\/\/www.granulati.it\/wp-content\/uploads\/2018\/07\/disponibilidad-stonetack_2.jpg\" \/><\/a><\/p>\n<h5 style=\"font-size: 15px; color: #006785;\">ARDESIA ADESIVA<\/h5>\n<hr style=\"margin-bottom: 5px;\" \/>\n<p>54 x 30 x (0,55-0,75) cm<\/p>\n<\/div>\n\t\t<\/div><\/div><div id=\"pgc-357-2-1\"  class=\"panel-grid-cell panel-grid-cell-empty\" ><\/div><div id=\"pgc-357-2-2\"  class=\"panel-grid-cell panel-grid-cell-empty panel-grid-cell-mobile-last\" ><\/div><div id=\"pgc-357-2-3\"  class=\"panel-grid-cell panel-grid-cell-empty\" ><\/div><\/div><div id=\"pg-357-3\"  class=\"panel-grid panel-no-style\" ><div id=\"pgc-357-3-0\"  class=\"panel-grid-cell\" ><div id=\"panel-357-3-0-0\" class=\"so-panel widget widget_sow-editor panel-first-child panel-last-child\" data-index=\"3\" ><div\n\t\t\t\n\t\t\tclass=\"so-widget-sow-editor so-widget-sow-editor-base\"\n\t\t\t\n\t\t>\n<div class=\"siteorigin-widget-tinymce textwidget\">\n\t<h3 style=\"font-size: 15px; color: #006785;\">Nat\u00fcrliches Split-Finish<\/h3>\n<hr style=\"margin-bottom: 5px;\" \/>\n<\/div>\n<\/div><\/div><\/div><\/div><div id=\"pg-357-4\"  class=\"panel-grid panel-no-style\" ><div id=\"pgc-357-4-0\"  class=\"panel-grid-cell\" ><div id=\"panel-357-4-0-0\" class=\"so-panel widget widget_text panel-first-child panel-last-child\" data-index=\"4\" >\t\t\t<div class=\"textwidget\"><p><a href=\"http:\/\/www.granulati.it\/wp-content\/uploads\/2016\/07\/giallosottile.jpg\"><img class=\"colorbox-357\"  style=\"height: auto;\" src=\"http:\/\/www.granulati.it\/wp-content\/uploads\/2016\/07\/giallosottile.jpg\" \/><\/a><\/p>\n<h5 style=\"font-size: 15px; color: #006785;\">QUARZITE GIALLA<\/h5>\n<hr style=\"margin-bottom: 5px;\" \/>\n<p>60 x 15 x (1,5-2,5) cm<\/p>\n<p>&nbsp;<\/p>\n<h5 style=\"font-size: 15px; color: #006785;\">QUARZITE GIALLA SOTTILE<\/h5>\n<hr style=\"margin-bottom: 5px;\" \/>\n<p>40 x 10 x (0,8-1,5) cm<\/p>\n<\/div>\n\t\t<\/div><\/div><div id=\"pgc-357-4-1\"  class=\"panel-grid-cell\" ><div id=\"panel-357-4-1-0\" class=\"so-panel widget widget_text panel-first-child panel-last-child\" data-index=\"5\" >\t\t\t<div class=\"textwidget\"><p><a href=\"http:\/\/www.granulati.it\/wp-content\/uploads\/2013\/12\/ARDESIA-MULTICOLOR-Multicolor-ardesia.jpg\"><img class=\"colorbox-357\"  style=\"height: auto;\" src=\"http:\/\/www.granulati.it\/wp-content\/uploads\/2013\/12\/ARDESIA-MULTICOLOR-Multicolor-ardesia.jpg\" \/><\/a><\/p>\n<h5 style=\"font-size: 15px; color: #006785;\">MULTICOLOR<\/h5>\n<hr style=\"margin-bottom: 5px;\" \/>\n<p>60 x 15 x (1,5-2,5) cm<\/p>\n<p>&nbsp;<\/p>\n<h5 style=\"font-size: 15px; color: #006785;\">MULTICOLOR SOTTILE<\/h5>\n<hr style=\"margin-bottom: 5px;\" \/>\n<p>40 x 10 x (0,8-1,5) cm<\/p>\n<\/div>\n\t\t<\/div><\/div><div id=\"pgc-357-4-2\"  class=\"panel-grid-cell panel-grid-cell-mobile-last\" ><div id=\"panel-357-4-2-0\" class=\"so-panel widget widget_text panel-first-child panel-last-child\" data-index=\"6\" >\t\t\t<div class=\"textwidget\"><p><a href=\"http:\/\/www.granulati.it\/wp-content\/uploads\/2013\/12\/QUARZITE-GRIGIA-Grigio-quarzite.jpg\"><img class=\"colorbox-357\"  style=\"height: auto;\" src=\"http:\/\/www.granulati.it\/wp-content\/uploads\/2013\/12\/QUARZITE-GRIGIA-Grigio-quarzite.jpg\" \/><\/a><\/p>\n<h5 style=\"font-size: 15px; color: #006785;\">QUARZITE GRIGIA<\/h5>\n<hr style=\"margin-bottom: 5px;\" \/>\n<p>60 x 15 x (1,5-2,5) cm<\/p>\n<h5 style=\"font-size: 15px; color: #006785;\">QUARZITE GRIGIA SOTTILE<\/h5>\n<hr style=\"margin-bottom: 5px;\" \/>\n<p>40 x 10 x (0,8-1,5) cm<\/p>\n<\/div>\n\t\t<\/div><\/div><div id=\"pgc-357-4-3\"  class=\"panel-grid-cell panel-grid-cell-empty\" ><\/div><\/div><div id=\"pg-357-5\"  class=\"panel-grid panel-no-style\" ><div id=\"pgc-357-5-0\"  class=\"panel-grid-cell\" ><div id=\"panel-357-5-0-0\" class=\"so-panel widget widget_text panel-first-child panel-last-child\" data-index=\"7\" >\t\t\t<div class=\"textwidget\"><p><a href=\"http:\/\/www.granulati.it\/wp-content\/uploads\/2013\/12\/MARMO-BIANCO-bianco-marmo.jpg\"><img class=\"colorbox-357\"  style=\"height: auto;\" src=\"http:\/\/www.granulati.it\/wp-content\/uploads\/2013\/12\/MARMO-BIANCO-bianco-marmo.jpg\" \/><\/a><\/p>\n<h5 style=\"font-size: 15px; color: #006785;\">MARMO BIANCO SOTTILE<\/h5>\n<hr style=\"margin-bottom: 5px;\" \/>\n<p>40 x 10 x (0,8-1,5) cm<\/p>\n<\/div>\n\t\t<\/div><\/div><div id=\"pgc-357-5-1\"  class=\"panel-grid-cell\" ><div id=\"panel-357-5-1-0\" class=\"so-panel widget widget_text panel-first-child panel-last-child\" data-index=\"8\" >\t\t\t<div class=\"textwidget\"><p><a href=\"http:\/\/www.granulati.it\/wp-content\/uploads\/2021\/04\/ARDESIA-NERA-Nero-Ardesia.jpg\"><img class=\"colorbox-357\"  style=\"height: auto;\" src=\"http:\/\/www.granulati.it\/wp-content\/uploads\/2021\/04\/ARDESIA-NERA-Nero-Ardesia.jpg\" \/><\/a><\/p>\n<h5 style=\"font-size: 15px; color: #006785;\">NERO SOTTILE<\/h5>\n<hr style=\"margin-bottom: 5px;\" \/>\n<p>40 x 10 x (0,8-1,5) cm<\/p>\n<\/div>\n\t\t<\/div><\/div><div id=\"pgc-357-5-2\"  class=\"panel-grid-cell panel-grid-cell-empty panel-grid-cell-mobile-last\" ><\/div><div id=\"pgc-357-5-3\"  class=\"panel-grid-cell panel-grid-cell-empty\" ><\/div><\/div><\/div>","protected":false},"excerpt":{"rendered":"<p>Kleine Streifen, die ein einziges Element bilden, dessen sichtbare Oberfl\u00e4che ein nat\u00fcrliches Split-Finish hat, das in der Lage ist, absolut nat\u00fcrlich wirkende W\u00e4nde zu schaffen. Klebeschiefer Natur-D\u00fcnnschiefer-Klebe-Beplankung, hochfester Kleber bereits mit der Beplankung verbunden. Entfernen Sie einfach die Folie und es kann installiert werden.<\/p>\n","protected":false},"author":1,"featured_media":4106,"parent":281,"menu_order":10,"comment_status":"open","ping_status":"closed","template":"page-prodotto-rivestimenti.php","meta":{"_links_to":"","_links_to_target":""},"aioseo_notices":[],"_links":{"self":[{"href":"https:\/\/www.granulati.it\/de\/wp-json\/wp\/v2\/pages\/357"}],"collection":[{"href":"https:\/\/www.granulati.it\/de\/wp-json\/wp\/v2\/pages"}],"about":[{"href":"https:\/\/www.granulati.it\/de\/wp-json\/wp\/v2\/types\/page"}],"author":[{"embeddable":true,"href":"https:\/\/www.granulati.it\/de\/wp-json\/wp\/v2\/users\/1"}],"replies":[{"embeddable":true,"href":"https:\/\/www.granulati.it\/de\/wp-json\/wp\/v2\/comments?post=357"}],"version-history":[{"count":12,"href":"https:\/\/www.granulati.it\/de\/wp-json\/wp\/v2\/pages\/357\/revisions"}],"predecessor-version":[{"id":84426,"href":"https:\/\/www.granulati.it\/de\/wp-json\/wp\/v2\/pages\/357\/revisions\/84426"}],"up":[{"embeddable":true,"href":"https:\/\/www.granulati.it\/de\/wp-json\/wp\/v2\/pages\/281"}],"wp:featuredmedia":[{"embeddable":true,"href":"https:\/\/www.granulati.it\/de\/wp-json\/wp\/v2\/media\/4106"}],"wp:attachment":[{"href":"https:\/\/www.granulati.it\/de\/wp-json\/wp\/v2\/media?parent=357"}],"curies":[{"name":"wp","href":"https:\/\/api.w.org\/{rel}","templated":true}]}}