{"id":354,"date":"2013-06-12T10:13:29","date_gmt":"2013-06-12T08:13:29","guid":{"rendered":"http:\/\/www.granulati.it\/it\/?page_id=354"},"modified":"2026-03-31T12:39:55","modified_gmt":"2026-03-31T10:39:55","slug":"camminamenti","status":"publish","type":"page","link":"https:\/\/www.granulati.it\/de\/produkte\/naturstein-bodenbelage\/camminamenti\/","title":{"rendered":"Fuswege"},"content":{"rendered":"<div id=\"pl-354\"  class=\"panel-layout\" ><div id=\"pg-354-0\"  class=\"panel-grid panel-no-style\" ><div id=\"pgc-354-0-0\"  class=\"panel-grid-cell\" ><div id=\"panel-354-0-0-0\" class=\"so-panel widget widget_text panel-first-child\" data-index=\"0\" >\t\t\t<div class=\"textwidget\"><div style=\"background-color: #006785; height: 50px;\">\n<h1 style=\"padding-top: 10px;\"><span style=\"color: white;\">FUSWEGE<\/span><\/h1>\n<\/div>\n<\/div>\n\t\t<\/div><div id=\"panel-354-0-0-1\" class=\"so-panel widget widget_text panel-last-child\" data-index=\"1\" >\t\t\t<div class=\"textwidget\"><p>Brammen mit einer abgerundeten oder kreisf\u00f6rmigen Form, die n\u00fctzlich sind, um kleine Wege zu schaffen und mit gro\u00dfer \u00c4sthetik jede Gr\u00fcnfl\u00e4che zu zeichnen.<\/p>\n<\/div>\n\t\t<\/div><\/div><\/div><div id=\"pg-354-1\"  class=\"panel-grid panel-no-style\" ><div id=\"pgc-354-1-0\"  class=\"panel-grid-cell\" ><div id=\"panel-354-1-0-0\" class=\"so-panel widget widget_text panel-first-child panel-last-child\" data-index=\"2\" >\t\t\t<div class=\"textwidget\"><h1 style=\"font-size: 25px; color: #006785;\">\n<p><strong>Gehwege Crazy<\/strong><br \/>\n<\/h1>\n<\/div>\n\t\t<\/div><\/div><\/div><div id=\"pg-354-2\"  class=\"panel-grid panel-no-style\" ><div id=\"pgc-354-2-0\"  class=\"panel-grid-cell\" ><div id=\"panel-354-2-0-0\" class=\"so-panel widget widget_text panel-first-child panel-last-child\" data-index=\"3\" >\t\t\t<div class=\"textwidget\"><p><a href=\"https:\/\/www.granulati.it\/wp-content\/uploads\/2013\/11\/camminamenti.jpg\"><img class=\"colorbox-354\"  src=\"https:\/\/www.granulati.it\/wp-content\/uploads\/2013\/11\/camminamenti.jpg\" \/><\/a><\/p>\n<h5 style=\"font-size: 15px; color: #006785;\">GOLDEN LEAF<\/h5>\n<hr \/>\n<p>\u00d8 60 cm x H 2-4 cm<\/p>\n<\/div>\n\t\t<\/div><\/div><div id=\"pgc-354-2-1\"  class=\"panel-grid-cell\" ><div id=\"panel-354-2-1-0\" class=\"so-panel widget widget_text panel-first-child panel-last-child\" data-index=\"4\" >\t\t\t<div class=\"textwidget\"><p><a href=\"https:\/\/www.granulati.it\/wp-content\/uploads\/2013\/11\/camminamenti-per-esterni.jpg\"><img class=\"colorbox-354\"  src=\"https:\/\/www.granulati.it\/wp-content\/uploads\/2013\/11\/camminamenti-per-esterni.jpg\" \/><\/a><\/p>\n<h5 style=\"font-size: 15px; color: #006785;\">AUTUMN GREY<\/h5>\n<hr \/>\n<p>\u00d8 60 cm x H 2-4 cm<\/p>\n<\/div>\n\t\t<\/div><\/div><div id=\"pgc-354-2-2\"  class=\"panel-grid-cell\" ><div id=\"panel-354-2-2-0\" class=\"so-panel widget widget_text panel-first-child panel-last-child\" data-index=\"5\" >\t\t\t<div class=\"textwidget\"><p><a href=\"https:\/\/www.granulati.it\/wp-content\/uploads\/2013\/11\/camminamenti-esterni.jpg\"><img class=\"colorbox-354\"  src=\"https:\/\/www.granulati.it\/wp-content\/uploads\/2013\/11\/camminamenti-esterni.jpg\" \/><\/a><\/p>\n<h5 style=\"font-size: 15px; color: #006785;\">MODAK<\/h5>\n<hr \/>\n<p>\u00d8 60 cm x H 2-4 cm<\/p>\n<\/div>\n\t\t<\/div><\/div><div id=\"pgc-354-2-3\"  class=\"panel-grid-cell\" ><div id=\"panel-354-2-3-0\" class=\"so-panel widget widget_text panel-first-child panel-last-child\" data-index=\"6\" >\t\t\t<div class=\"textwidget\"><p><a href=\"https:\/\/www.granulati.it\/wp-content\/uploads\/2013\/11\/camminamenti-mint.jpg\"><img class=\"colorbox-354\"  src=\"https:\/\/www.granulati.it\/wp-content\/uploads\/2013\/11\/camminamenti-mint.jpg\" \/><\/a><\/p>\n<h5 style=\"font-size: 15px; color: #006785;\">MINT<\/h5>\n<hr \/>\n<p>\u00d8 60 cm x H 2-4 cm<\/p>\n<\/div>\n\t\t<\/div><\/div><div id=\"pgc-354-2-4\"  class=\"panel-grid-cell\" ><div id=\"panel-354-2-4-0\" class=\"so-panel widget widget_text panel-first-child panel-last-child\" data-index=\"7\" >\t\t\t<div class=\"textwidget\"><p><a href=\"https:\/\/www.granulati.it\/wp-content\/uploads\/2013\/11\/camminamenti-nero.jpg\"><img class=\"colorbox-354\"  src=\"https:\/\/www.granulati.it\/wp-content\/uploads\/2013\/11\/camminamenti-nero.jpg\" \/><\/a><\/p>\n<h5 style=\"font-size: 15px; color: #006785;\">NERO ASSOLUTO<\/h5>\n<hr \/>\n<p>\u00d8 60 cm x H 2-4 cm<br \/>\nProdukt, das behandelt werden muss, um einen wirksamen Schutz vor Sonnenstrahlen zu gew\u00e4hrleisten. Ges\u00e4gte Oberfl\u00e4che.<\/p>\n<\/div>\n\t\t<\/div><\/div><\/div><div id=\"pg-354-3\"  class=\"panel-grid panel-no-style\" ><div id=\"pgc-354-3-0\"  class=\"panel-grid-cell\" ><div id=\"panel-354-3-0-0\" class=\"so-panel widget widget_text panel-first-child panel-last-child\" data-index=\"8\" >\t\t\t<div class=\"textwidget\"><h1 style=\"font-size: 25px; color: #006785;\">\n<p><strong>Gehwege Kreis<\/strong><br \/>\n<\/h1>\n<\/div>\n\t\t<\/div><\/div><\/div><div id=\"pg-354-4\"  class=\"panel-grid panel-no-style\" ><div id=\"pgc-354-4-0\"  class=\"panel-grid-cell\" ><div id=\"panel-354-4-0-0\" class=\"so-panel widget widget_text panel-first-child panel-last-child\" data-index=\"9\" >\t\t\t<div class=\"textwidget\"><p><a href=\"https:\/\/www.granulati.it\/wp-content\/uploads\/2013\/11\/camminamento.jpg\"><img class=\"colorbox-354\"  src=\"https:\/\/www.granulati.it\/wp-content\/uploads\/2013\/11\/camminamento.jpg\" \/><\/a><\/p>\n<h5 style=\"font-size: 15px; color: #006785;\">GOLDEN LEAF<\/h5>\n<hr \/>\n<p>\u00d8 40 cm x H 2-4 cm<\/p>\n<\/div>\n\t\t<\/div><\/div><div id=\"pgc-354-4-1\"  class=\"panel-grid-cell\" ><div id=\"panel-354-4-1-0\" class=\"so-panel widget widget_text panel-first-child panel-last-child\" data-index=\"10\" >\t\t\t<div class=\"textwidget\"><p><a href=\"https:\/\/www.granulati.it\/wp-content\/uploads\/2013\/11\/camminamenti-cerchi.jpg\"><img class=\"colorbox-354\"  src=\"https:\/\/www.granulati.it\/wp-content\/uploads\/2013\/11\/camminamenti-cerchi.jpg\" \/><\/a><\/p>\n<h5 style=\"font-size: 15px; color: #006785;\">AUTUMN GREY<\/h5>\n<hr \/>\n<p>\u00d8 40 cm x H 2-4 cm<\/p>\n<\/div>\n\t\t<\/div><\/div><div id=\"pgc-354-4-2\"  class=\"panel-grid-cell\" ><div id=\"panel-354-4-2-0\" class=\"so-panel widget widget_text panel-first-child panel-last-child\" data-index=\"11\" >\t\t\t<div class=\"textwidget\"><p><a href=\"https:\/\/www.granulati.it\/wp-content\/uploads\/2013\/11\/camminamenti-neri.jpg\"><img class=\"colorbox-354\"  src=\"https:\/\/www.granulati.it\/wp-content\/uploads\/2013\/11\/camminamenti-neri.jpg\" \/><\/a><\/p>\n<h5 style=\"font-size: 15px; color: #006785;\">NERO ASSOLUTO<\/h5>\n<hr \/>\n<p>\u00d8 40 cm x H 2-4 cm<br \/>\nProdukt, das behandelt werden muss, um einen wirksamen Schutz vor Sonnenstrahlen zu gew\u00e4hrleisten.<\/p>\n<\/div>\n\t\t<\/div><\/div><div id=\"pgc-354-4-3\"  class=\"panel-grid-cell\" ><div id=\"panel-354-4-3-0\" class=\"so-panel widget widget_text panel-first-child panel-last-child\" data-index=\"12\" >\t\t\t<div class=\"textwidget\"><p><a href=\"https:\/\/www.granulati.it\/wp-content\/uploads\/2013\/11\/camminamenti-granito.jpg\"><img class=\"colorbox-354\"  src=\"https:\/\/www.granulati.it\/wp-content\/uploads\/2013\/11\/camminamenti-granito.jpg\" \/><\/a><\/p>\n<h5 style=\"font-size: 15px; color: #006785;\">GRANITO<\/h5>\n<hr \/>\n<p>\u00d8 40 cm x H 4 cm<\/p>\n<\/div>\n\t\t<\/div><\/div><\/div><div id=\"pg-354-5\"  class=\"panel-grid panel-no-style\" ><div id=\"pgc-354-5-0\"  class=\"panel-grid-cell\" ><div id=\"panel-354-5-0-0\" class=\"so-panel widget widget_text panel-first-child panel-last-child\" data-index=\"13\" >\t\t\t<div class=\"textwidget\"><p><a href=\"https:\/\/www.granulati.it\/wp-content\/uploads\/2017\/07\/cerchio-luna-piena-diam-50-3_4.jpg\"><img class=\"colorbox-354\"  src=\"https:\/\/www.granulati.it\/wp-content\/uploads\/2017\/07\/cerchio-luna-piena-diam-50-3_4.jpg\" \/><\/a><\/p>\n<h5 style=\"font-size: 15px; color: #006785;\">ARDESIA NERA EXTRA<\/h5>\n<hr \/>\n<p>\u00d8 50 cm x H 1-2 cm<\/p>\n<\/div>\n\t\t<\/div><\/div><div id=\"pgc-354-5-1\"  class=\"panel-grid-cell panel-grid-cell-empty\" ><\/div><div id=\"pgc-354-5-2\"  class=\"panel-grid-cell panel-grid-cell-empty panel-grid-cell-mobile-last\" ><\/div><div id=\"pgc-354-5-3\"  class=\"panel-grid-cell panel-grid-cell-empty\" ><\/div><\/div><div id=\"pg-354-6\"  class=\"panel-grid panel-no-style\" ><div id=\"pgc-354-6-0\"  class=\"panel-grid-cell\" ><div id=\"panel-354-6-0-0\" class=\"so-panel widget widget_text panel-first-child panel-last-child\" data-index=\"14\" >\t\t\t<div class=\"textwidget\"><h1 style=\"font-size: 25px; color: #006785;\">\n<p><strong>Gehwege Halbmond<\/strong><br \/>\n<\/h1>\n<\/div>\n\t\t<\/div><\/div><\/div><div id=\"pg-354-7\"  class=\"panel-grid panel-no-style\" ><div id=\"pgc-354-7-0\"  class=\"panel-grid-cell\" ><div id=\"panel-354-7-0-0\" class=\"so-panel widget widget_text panel-first-child panel-last-child\" data-index=\"15\" >\t\t\t<div class=\"textwidget\"><p><a href=\"https:\/\/www.granulati.it\/wp-content\/uploads\/2013\/11\/camminamenti-mezzaluna-per-esterni.jpg\"><img class=\"colorbox-354\"  src=\"https:\/\/www.granulati.it\/wp-content\/uploads\/2013\/11\/camminamenti-mezzaluna-per-esterni.jpg\" \/><\/a><\/p>\n<h5 style=\"font-size: 15px; color: #006785;\">GOLDEN LEAF<\/h5>\n<hr \/>\n<p>\u00d8 40 cm x H 2-4 cm<\/p>\n<\/div>\n\t\t<\/div><\/div><div id=\"pgc-354-7-1\"  class=\"panel-grid-cell\" ><div id=\"panel-354-7-1-0\" class=\"so-panel widget widget_text panel-first-child panel-last-child\" data-index=\"16\" >\t\t\t<div class=\"textwidget\"><p><a href=\"https:\/\/www.granulati.it\/wp-content\/uploads\/2013\/11\/camminamenti-mezzaluna-esterni.jpg\"><img class=\"colorbox-354\"  src=\"https:\/\/www.granulati.it\/wp-content\/uploads\/2013\/11\/camminamenti-mezzaluna-esterni.jpg\" \/><\/a><\/p>\n<h5 style=\"font-size: 15px; color: #006785;\">AUTUMN GREY<\/h5>\n<hr \/>\n<p>\u00d8 40 cm x H 2-4 cm<\/p>\n<\/div>\n\t\t<\/div><\/div><div id=\"pgc-354-7-2\"  class=\"panel-grid-cell panel-grid-cell-mobile-last\" ><div id=\"panel-354-7-2-0\" class=\"so-panel widget widget_text panel-first-child panel-last-child\" data-index=\"17\" >\t\t\t<div class=\"textwidget\"><p><a href=\"https:\/\/www.granulati.it\/wp-content\/uploads\/2013\/11\/camminamento-mezzaluna-nero.jpg\"><img class=\"colorbox-354\"  src=\"https:\/\/www.granulati.it\/wp-content\/uploads\/2013\/11\/camminamento-mezzaluna-nero.jpg\" \/><\/a><\/p>\n<h5 style=\"font-size: 15px; color: #006785;\">NERO ASSOLUTO<\/h5>\n<hr \/>\n<p>\u00d8 40 cm x H 2-4 cm<br \/>\nProdukt, das behandelt werden muss, um einen wirksamen Schutz vor Sonnenstrahlen zu gew\u00e4hrleisten.<\/p>\n<\/div>\n\t\t<\/div><\/div><div id=\"pgc-354-7-3\"  class=\"panel-grid-cell panel-grid-cell-empty\" ><\/div><\/div><\/div>","protected":false},"excerpt":{"rendered":"<p>FUSWEGE Brammen mit einer abgerundeten oder kreisf\u00f6rmigen Form, die n\u00fctzlich sind, um kleine Wege zu schaffen und mit gro\u00dfer \u00c4sthetik jede Gr\u00fcnfl\u00e4che zu zeichnen. Gehwege Crazy<\/p>\n","protected":false},"author":1,"featured_media":1270,"parent":280,"menu_order":8,"comment_status":"open","ping_status":"closed","template":"page-prodotto-camminamenti.php","meta":{"_links_to":"","_links_to_target":""},"aioseo_notices":[],"_links":{"self":[{"href":"https:\/\/www.granulati.it\/de\/wp-json\/wp\/v2\/pages\/354"}],"collection":[{"href":"https:\/\/www.granulati.it\/de\/wp-json\/wp\/v2\/pages"}],"about":[{"href":"https:\/\/www.granulati.it\/de\/wp-json\/wp\/v2\/types\/page"}],"author":[{"embeddable":true,"href":"https:\/\/www.granulati.it\/de\/wp-json\/wp\/v2\/users\/1"}],"replies":[{"embeddable":true,"href":"https:\/\/www.granulati.it\/de\/wp-json\/wp\/v2\/comments?post=354"}],"version-history":[{"count":11,"href":"https:\/\/www.granulati.it\/de\/wp-json\/wp\/v2\/pages\/354\/revisions"}],"predecessor-version":[{"id":84432,"href":"https:\/\/www.granulati.it\/de\/wp-json\/wp\/v2\/pages\/354\/revisions\/84432"}],"up":[{"embeddable":true,"href":"https:\/\/www.granulati.it\/de\/wp-json\/wp\/v2\/pages\/280"}],"wp:featuredmedia":[{"embeddable":true,"href":"https:\/\/www.granulati.it\/de\/wp-json\/wp\/v2\/media\/1270"}],"wp:attachment":[{"href":"https:\/\/www.granulati.it\/de\/wp-json\/wp\/v2\/media?parent=354"}],"curies":[{"name":"wp","href":"https:\/\/api.w.org\/{rel}","templated":true}]}}