{"id":353,"date":"2013-06-12T10:13:00","date_gmt":"2013-06-12T08:13:00","guid":{"rendered":"http:\/\/www.granulati.it\/it\/?page_id=353"},"modified":"2023-03-15T08:50:27","modified_gmt":"2023-03-15T07:50:27","slug":"cubetti","status":"publish","type":"page","link":"https:\/\/www.granulati.it\/de\/produkte\/naturstein-bodenbelage\/cubetti\/","title":{"rendered":"Wurfel"},"content":{"rendered":"<div id=\"pl-353\"  class=\"panel-layout\" ><div id=\"pg-353-0\"  class=\"panel-grid panel-no-style\" ><div id=\"pgc-353-0-0\"  class=\"panel-grid-cell\" ><div id=\"panel-353-0-0-0\" class=\"so-panel widget widget_text panel-first-child\" data-index=\"0\" >\t\t\t<div class=\"textwidget\"><div style=\"background-color: #006785; height: 50px;\">\n<h1 style=\"padding-top: 10px;\"><span style=\"color: white;\">WURFEL<\/span><\/h1>\n<\/div>\n<\/div>\n\t\t<\/div><div id=\"panel-353-0-0-1\" class=\"so-panel widget widget_text panel-last-child\" data-index=\"1\" >\t\t\t<div class=\"textwidget\"><p>Kleine Elemente aus Naturstein, die seit jeher unterschiedliche Anwendung finden, z.B. im st\u00e4dtischen Umfeld, f\u00fcr Stra\u00dfen, Pl\u00e4tze, Gehwege oder in Wohnbereichen. Die gute Befahrbarkeit ist eines ihrer Hauptmerkmale.<\/p>\n<\/div>\n\t\t<\/div><\/div><\/div><div id=\"pg-353-1\"  class=\"panel-grid panel-no-style\" ><div id=\"pgc-353-1-0\"  class=\"panel-grid-cell\" ><div id=\"panel-353-1-0-0\" class=\"so-panel widget widget_text panel-first-child panel-last-child\" data-index=\"2\" >\t\t\t<div class=\"textwidget\"><p><a href=\"https:\/\/www.granulati.it\/wp-content\/uploads\/2013\/11\/granito.jpg\"><img class=\"colorbox-353\"  src=\"https:\/\/www.granulati.it\/wp-content\/uploads\/2013\/11\/granito.jpg\" \/><\/a><\/p>\n<h5 style=\"font-size: 15px; color: #006785;\">GRANITO<\/h5>\n<hr \/>\n<p>(4-6) x (4-6) x H(4-6) cm<br \/>\n(6-8) x (6-8) x H(6-8) cm<br \/>\n(8-11) x (8-11) x H(8-11) cm<\/p>\n<\/div>\n\t\t<\/div><\/div><div id=\"pgc-353-1-1\"  class=\"panel-grid-cell\" ><div id=\"panel-353-1-1-0\" class=\"so-panel widget widget_text panel-first-child panel-last-child\" data-index=\"3\" >\t\t\t<div class=\"textwidget\"><p><a href=\"https:\/\/www.granulati.it\/wp-content\/uploads\/2013\/11\/cubetto-in-porfido.jpg\"><img class=\"colorbox-353\"  src=\"https:\/\/www.granulati.it\/wp-content\/uploads\/2013\/11\/cubetto-in-porfido.jpg\" \/><\/a><\/p>\n<h5 style=\"font-size: 15px; color: #006785;\">PORFIDO<\/h5>\n<hr \/>\n<p>(4-6) x (4-6) x H(4-6) cm<br \/>\n(6-8) x (6-8) x H(6-8) cm<br \/>\n(8-11) x (8-11) x H(8-10) cm<\/p>\n<\/div>\n\t\t<\/div><\/div><div id=\"pgc-353-1-2\"  class=\"panel-grid-cell\" ><div id=\"panel-353-1-2-0\" class=\"so-panel widget widget_text panel-first-child panel-last-child\" data-index=\"4\" >\t\t\t<div class=\"textwidget\"><p><a href=\"https:\/\/www.granulati.it\/wp-content\/uploads\/2013\/11\/golden-leaf.jpg\"><img class=\"colorbox-353\"  src=\"https:\/\/www.granulati.it\/wp-content\/uploads\/2013\/11\/golden-leaf.jpg\" \/><\/a><\/p>\n<h5 style=\"font-size: 15px; color: #006785;\">GOLDEN LEAF<\/h5>\n<hr \/>\n<p>10 x 10 x H(4-6) cm<\/p>\n<\/div>\n\t\t<\/div><\/div><div id=\"pgc-353-1-3\"  class=\"panel-grid-cell\" ><div id=\"panel-353-1-3-0\" class=\"so-panel widget widget_text panel-first-child panel-last-child\" data-index=\"5\" >\t\t\t<div class=\"textwidget\"><p><a href=\"https:\/\/www.granulati.it\/wp-content\/uploads\/2013\/11\/mint.jpg\"><img class=\"colorbox-353\"  src=\"https:\/\/www.granulati.it\/wp-content\/uploads\/2013\/11\/mint.jpg\" \/><\/a><\/p>\n<h5 style=\"font-size: 15px; color: #006785;\">AUTUMN GREY<\/h5>\n<hr \/>\n<p>10 x 10 x H(4-6) cm<\/p>\n<\/div>\n\t\t<\/div><\/div><\/div><div id=\"pg-353-2\"  class=\"panel-grid panel-no-style\" ><div id=\"pgc-353-2-0\"  class=\"panel-grid-cell\" ><div id=\"panel-353-2-0-0\" class=\"so-panel widget widget_text panel-first-child panel-last-child\" data-index=\"6\" >\t\t\t<div class=\"textwidget\"><p><a href=\"https:\/\/www.granulati.it\/wp-content\/uploads\/2013\/11\/modak.jpg\"><img class=\"colorbox-353\"  src=\"https:\/\/www.granulati.it\/wp-content\/uploads\/2013\/11\/modak.jpg\" \/><\/a><\/p>\n<h5 style=\"font-size: 15px; color: #006785;\">MODAK<\/h5>\n<hr \/>\n<p>10 x 10 x H(4-6) cm<\/p>\n<\/div>\n\t\t<\/div><\/div><div id=\"pgc-353-2-1\"  class=\"panel-grid-cell\" ><div id=\"panel-353-2-1-0\" class=\"so-panel widget widget_text panel-first-child panel-last-child\" data-index=\"7\" >\t\t\t<div class=\"textwidget\"><p><a href=\"https:\/\/www.granulati.it\/wp-content\/uploads\/2013\/11\/mint-1.jpg\"><img class=\"colorbox-353\"  src=\"https:\/\/www.granulati.it\/wp-content\/uploads\/2013\/11\/mint-1.jpg\" \/><\/a><\/p>\n<h5 style=\"font-size: 15px; color: #006785;\">MINT<\/h5>\n<hr \/>\n<p>10 x 10 x H(4-6) cm<\/p>\n<\/div>\n\t\t<\/div><\/div><div id=\"pgc-353-2-2\"  class=\"panel-grid-cell\" ><div id=\"panel-353-2-2-0\" class=\"so-panel widget widget_text panel-first-child panel-last-child\" data-index=\"8\" >\t\t\t<div class=\"textwidget\"><p><a href=\"https:\/\/www.granulati.it\/wp-content\/uploads\/2013\/11\/cubetto-nero.jpg\"><img class=\"colorbox-353\"  src=\"https:\/\/www.granulati.it\/wp-content\/uploads\/2013\/11\/cubetto-nero.jpg\" \/><\/a><\/p>\n<h5 style=\"font-size: 15px; color: #006785;\">NERO ASSOLUTO<\/h5>\n<hr \/>\n<p>10 x 10 x H(6-8) cm<\/p>\n<\/div>\n\t\t<\/div><\/div><div id=\"pgc-353-2-3\"  class=\"panel-grid-cell\" ><div id=\"panel-353-2-3-0\" class=\"so-panel widget widget_text panel-first-child panel-last-child\" data-index=\"9\" >\t\t\t<div class=\"textwidget\"><p><a href=\"https:\/\/www.granulati.it\/wp-content\/uploads\/2013\/11\/cubetti-bianchi.jpg\"><img class=\"colorbox-353\"  src=\"https:\/\/www.granulati.it\/wp-content\/uploads\/2013\/11\/cubetti-bianchi.jpg\" \/><\/a><\/p>\n<h5 style=\"font-size: 15px; color: #006785;\">BIANCO CARRARA<\/h5>\n<hr \/>\n<p>(4-6) x (4-6) x H(4-6) cm<br \/>\n(6-8) x (6-8) x H(6-8) cm<br \/>\n(8-10) x (8-10) x H(8-10) cm<br \/>\nGes\u00e4gte Oberfl\u00e4che<\/p>\n<\/div>\n\t\t<\/div><\/div><\/div><div id=\"pg-353-3\"  class=\"panel-grid panel-no-style\" ><div id=\"pgc-353-3-0\"  class=\"panel-grid-cell\" ><div id=\"panel-353-3-0-0\" class=\"so-panel widget widget_text panel-first-child panel-last-child\" data-index=\"10\" >\t\t\t<div class=\"textwidget\"><p><a href=\"https:\/\/www.granulati.it\/wp-content\/uploads\/2013\/11\/cubetti-per-esterno.jpg\"><img class=\"colorbox-353\"  src=\"https:\/\/www.granulati.it\/wp-content\/uploads\/2013\/11\/cubetti-per-esterno.jpg\" \/><\/a><\/p>\n<h5 style=\"font-size: 15px; color: #006785;\">LUSERNA<\/h5>\n<hr \/>\n<p>(4-6) x (4-6) x H(4-6) cm<br \/>\n(6-8) x (6-8) x H(6-8) cm<br \/>\n(8-10) x (8-10) x H(8-10) cm<\/p>\n<\/div>\n\t\t<\/div><\/div><div id=\"pgc-353-3-1\"  class=\"panel-grid-cell\" ><div id=\"panel-353-3-1-0\" class=\"so-panel widget widget_text panel-first-child panel-last-child\" data-index=\"11\" >\t\t\t<div class=\"textwidget\"><p><a href=\"https:\/\/www.granulati.it\/wp-content\/uploads\/2013\/11\/cubetti-in-basalto.jpg\"><img class=\"colorbox-353\"  src=\"https:\/\/www.granulati.it\/wp-content\/uploads\/2013\/11\/cubetti-in-basalto.jpg\" \/><\/a><\/p>\n<h5 style=\"font-size: 15px; color: #006785;\">BASALTO<\/h5>\n<hr \/>\n<p>(4-6) x (4-6) x H(4-6) cm<br \/>\n(8-11) x (8-11) x H(8-11) cm<\/p>\n<\/div>\n\t\t<\/div><\/div><div id=\"pgc-353-3-2\"  class=\"panel-grid-cell panel-grid-cell-empty panel-grid-cell-mobile-last\" ><\/div><div id=\"pgc-353-3-3\"  class=\"panel-grid-cell panel-grid-cell-empty\" ><\/div><\/div><\/div>","protected":false},"excerpt":{"rendered":"<p>WURFEL Kleine Elemente aus Naturstein, die seit jeher unterschiedliche Anwendung finden, z.B. im st\u00e4dtischen Umfeld, f\u00fcr Stra\u00dfen, Pl\u00e4tze, Gehwege oder in Wohnbereichen. Die gute Befahrbarkeit ist eines ihrer Hauptmerkmale. GRANITO (4-6) x (4-6) x H(4-6) cm (6-8) x (6-8) x H(6-8) cm (8-11) x (8-11) x H(8-11) cm PORFIDO (4-6) x (4-6) x H(4-6) cm (6-8) x (6-8) x H(6-8) cm (8-11) x (8-11) x H(8-10) cm GOLDEN LEAF 10 x 10 x H(4-6) cm AUTUMN GREY 10 x 10 x H(4-6) cm<\/p>\n","protected":false},"author":1,"featured_media":1663,"parent":280,"menu_order":7,"comment_status":"open","ping_status":"closed","template":"page-prodotto-cubetti.php","meta":{"_links_to":"","_links_to_target":""},"aioseo_notices":[],"_links":{"self":[{"href":"https:\/\/www.granulati.it\/de\/wp-json\/wp\/v2\/pages\/353"}],"collection":[{"href":"https:\/\/www.granulati.it\/de\/wp-json\/wp\/v2\/pages"}],"about":[{"href":"https:\/\/www.granulati.it\/de\/wp-json\/wp\/v2\/types\/page"}],"author":[{"embeddable":true,"href":"https:\/\/www.granulati.it\/de\/wp-json\/wp\/v2\/users\/1"}],"replies":[{"embeddable":true,"href":"https:\/\/www.granulati.it\/de\/wp-json\/wp\/v2\/comments?post=353"}],"version-history":[{"count":21,"href":"https:\/\/www.granulati.it\/de\/wp-json\/wp\/v2\/pages\/353\/revisions"}],"predecessor-version":[{"id":77673,"href":"https:\/\/www.granulati.it\/de\/wp-json\/wp\/v2\/pages\/353\/revisions\/77673"}],"up":[{"embeddable":true,"href":"https:\/\/www.granulati.it\/de\/wp-json\/wp\/v2\/pages\/280"}],"wp:featuredmedia":[{"embeddable":true,"href":"https:\/\/www.granulati.it\/de\/wp-json\/wp\/v2\/media\/1663"}],"wp:attachment":[{"href":"https:\/\/www.granulati.it\/de\/wp-json\/wp\/v2\/media?parent=353"}],"curies":[{"name":"wp","href":"https:\/\/api.w.org\/{rel}","templated":true}]}}