{"id":32,"date":"2013-05-16T09:28:57","date_gmt":"2013-05-16T07:28:57","guid":{"rendered":"http:\/\/www.granulati.it\/it\/?page_id=32"},"modified":"2025-07-30T15:59:34","modified_gmt":"2025-07-30T13:59:34","slug":"prodotti","status":"publish","type":"page","link":"https:\/\/www.granulati.it\/de\/produkte\/","title":{"rendered":"Produkte"},"content":{"rendered":"<div id=\"pl-32\"  class=\"panel-layout\" ><div id=\"pg-32-0\"  class=\"panel-grid panel-has-style\" ><div class=\"panel-row-style panel-row-style-for-32-0\" ><div id=\"pgc-32-0-0\"  class=\"panel-grid-cell\" ><div id=\"panel-32-0-0-0\" class=\"widget_text so-panel widget widget_custom_html panel-first-child\" data-index=\"0\" ><div class=\"textwidget custom-html-widget\"><div style=\"background-color: #006785;\">\n\n\n\n\n\n<h2 style=\"margin-top:20px; font-size:34px; padding:10px; text-align:center; color:white;\"><strong>LANDSCHAFTSDESIGNPRODUKTE<\/strong><\/h2>\n\n\n\n<\/div><\/div><\/div><div id=\"panel-32-0-0-1\" class=\"widget_text so-panel widget widget_custom_html panel-last-child\" data-index=\"1\" ><div class=\"textwidget custom-html-widget\"><h2 style=\"font-size: 16px; font-family: Raleway;\">\n\t<strong>Kieselsteine, Granulate, Monolithe, B\u00f6den und W\u00e4nde aus Natur- und Sinterstein<\/strong>, aber auch <strong>Garteneinfassungen<\/strong> aus verschiedenen Materialien oder <strong>dekorative und funktionelle Gabionen<\/strong> f\u00fcr den Garten. Besuchen Sie unsere Ausstellung <strong> STONE CITY <\/strong> , einen st\u00e4ndigen Ausstellungsraum mit Landschaftsgestaltungsprodukten, mit denen Umgebungen unterschiedlicher Stilrichtungen nachgebildet werden k\u00f6nnen.\n<\/h2>\n\n<h3 style=\"color: #006181; font-size: 16px; font-family: Raleway;\"><strong>Wie viele S\u00e4cke mit Zuschlagstoffen muss ich kaufen, um meine Oberfl\u00e4che zu f\u00fcllen?<\/strong><\/h3>\n<h2 style=\"font-size: 16px; font-family: Raleway;\">Verwenden Sie den <strong>RECHNER<\/strong>, um schnell die Menge an <strong>Kieseln<\/strong>, <strong>Granulat<\/strong> oder Ziersteinen zu bestimmen, die ben\u00f6tigt werden, um die Oberfl\u00e4che eines Blumenbeets oder einer Einfahrt zu bedecken , Kreisverkehr, Innenhof oder Terrasse.<\/h2>\n<a href=\"http:\/\/www.granulati.it\/it\/calcolatore\/\" target=\"_blank\" rel=\"noopener\"><button style=\"background: #006181; color: white; font-size: 20px; font-family: Raleway, Helvetica, Arial;\">ZUM RECHNER GEHEN<\/button><\/a><\/div><\/div><\/div><\/div><\/div><div id=\"pg-32-1\"  class=\"panel-grid panel-no-style\" ><div id=\"pgc-32-1-0\"  class=\"panel-grid-cell\" ><div id=\"panel-32-1-0-0\" class=\"widget_text so-panel widget widget_custom_html panel-first-child\" data-index=\"2\" ><div class=\"textwidget custom-html-widget\"><a href=\"http:\/\/www.granulati.it\/de\/produkte\/pebbles\/\" target=\"blank\" rel=\"noopener\"><img class=\"colorbox-32\"  src=\"https:\/\/www.granulati.it\/wp-content\/uploads\/2022\/08\/ciottoli-1.gif\"\/><\/a><\/div><\/div><div id=\"panel-32-1-0-1\" class=\"widget_text so-panel widget widget_custom_html\" data-index=\"3\" ><div class=\"textwidget custom-html-widget\"><h2 style=\"text-align:center; margin-bottom:3px;\"><strong>KIES<\/strong><\/h2><\/div><\/div><div id=\"panel-32-1-0-2\" class=\"widget_text so-panel widget widget_custom_html\" data-index=\"4\" ><div class=\"textwidget custom-html-widget\"><a href=\"https:\/\/www.granulati.it\/de\/produkte\/gravels\/\" target=\"blank\" rel=\"noopener\"><img class=\"colorbox-32\"  src=\"https:\/\/www.granulati.it\/wp-content\/uploads\/2022\/08\/granulati-1.gif\"\/><\/a><\/div><\/div><div id=\"panel-32-1-0-3\" class=\"widget_text so-panel widget widget_custom_html\" data-index=\"5\" ><div class=\"textwidget custom-html-widget\"><h2 style=\"text-align:center; margin-bottom:3px;\"><strong>SPLITT<\/strong><\/h2><\/div><\/div><div id=\"panel-32-1-0-4\" class=\"widget_text so-panel widget widget_custom_html\" data-index=\"6\" ><div class=\"textwidget custom-html-widget\"><a href=\"http:\/\/www.sinteredstone.it\/de\/\" target=\"blank\" rel=\"noopener\"><img class=\"colorbox-32\"  src=\"http:\/\/www.granulati.it\/wp-content\/uploads\/2022\/08\/pietra-sinterizzata-1.gif\"\/><\/a><\/div><\/div><div id=\"panel-32-1-0-5\" class=\"widget_text so-panel widget widget_custom_html\" data-index=\"7\" ><div class=\"textwidget custom-html-widget\"><h2 style=\"text-align:center; margin-bottom:3px;\"><strong>FEINSTEINZEUG<\/strong><\/h2><\/div><\/div><div id=\"panel-32-1-0-6\" class=\"widget_text so-panel widget widget_custom_html\" data-index=\"8\" ><div class=\"textwidget custom-html-widget\"><a href=\"https:\/\/www.granulati.it\/de\/produkte\/monoliths\/\" target=\"blank\" rel=\"noopener\"><img class=\"colorbox-32\"  src=\"http:\/\/www.granulati.it\/wp-content\/uploads\/2022\/08\/monoliti.gif\"\/><\/a><\/div><\/div><div id=\"panel-32-1-0-7\" class=\"widget_text so-panel widget widget_custom_html\" data-index=\"9\" ><div class=\"textwidget custom-html-widget\"><h2 style=\"text-align:center; margin-bottom:3px;\"><strong>MONOLITHE<\/strong><\/h2><\/div><\/div><div id=\"panel-32-1-0-8\" class=\"widget_text so-panel widget widget_custom_html\" data-index=\"10\" ><div class=\"textwidget custom-html-widget\"><a href=\"https:\/\/www.granulati.it\/de\/produkte\/zusatzprodukte-fur-haus-und-garten\/\" target=\"blank\" rel=\"noopener\"><img class=\"colorbox-32\"  src=\"http:\/\/www.granulati.it\/wp-content\/uploads\/2022\/08\/garden.gif\"\/><\/a><\/div><\/div><div id=\"panel-32-1-0-9\" class=\"widget_text so-panel widget widget_custom_html panel-last-child\" data-index=\"11\" ><div class=\"textwidget custom-html-widget\"><h2 style=\"text-align:center; margin-bottom:3px;\"><strong>GARTENM\u00d6BEL<\/strong><\/h2><\/div><\/div><\/div><div id=\"pgc-32-1-1\"  class=\"panel-grid-cell\" ><div id=\"panel-32-1-1-0\" class=\"widget_text so-panel widget widget_custom_html panel-first-child\" data-index=\"12\" ><div class=\"textwidget custom-html-widget\"><a href=\"https:\/\/www.granulati.it\/de\/easi-hold\/\" target=\"blank\" rel=\"noopener\"><img class=\"colorbox-32\"  src=\"http:\/\/www.granulati.it\/wp-content\/uploads\/2025\/05\/easihold.gif\"\/><\/a><\/div><\/div><div id=\"panel-32-1-1-1\" class=\"widget_text so-panel widget widget_custom_html\" data-index=\"13\" ><div class=\"textwidget custom-html-widget\"><h2 style=\"text-align:center; margin-bottom:3px;\"><strong>EASIHOLD<\/strong><\/h2><\/div><\/div><div id=\"panel-32-1-1-2\" class=\"widget_text so-panel widget widget_custom_html\" data-index=\"14\" ><div class=\"textwidget custom-html-widget\"><a href=\"https:\/\/www.granulati.it\/de\/produkte\/naturstein-bodenbelage\/\" target=\"blank\" rel=\"noopener\"><img class=\"colorbox-32\"  src=\"http:\/\/www.granulati.it\/wp-content\/uploads\/2022\/08\/pavimenti-pietra-naturale-1.gif\"\/><\/a><\/div><\/div><div id=\"panel-32-1-1-3\" class=\"widget_text so-panel widget widget_custom_html\" data-index=\"15\" ><div class=\"textwidget custom-html-widget\"><h2 style=\"text-align:center; margin-bottom:3px;\"><strong>NAT\u00dcRLICHE STEINBAUERUNG<\/strong><\/h2><\/div><\/div><div id=\"panel-32-1-1-4\" class=\"widget_text so-panel widget widget_custom_html\" data-index=\"16\" ><div class=\"textwidget custom-html-widget\"><a href=\"https:\/\/www.fastbase.it\/\" target=\"blank\" rel=\"noopener\"><img class=\"colorbox-32\"  src=\"http:\/\/www.granulati.it\/wp-content\/uploads\/2025\/05\/fastbase.gif\"\/><\/a><\/div><\/div><div id=\"panel-32-1-1-5\" class=\"widget_text so-panel widget widget_custom_html\" data-index=\"17\" ><div class=\"textwidget custom-html-widget\"><h2 style=\"text-align:center; margin-bottom:3px;\"><strong>FASTBASE<\/strong><\/h2><\/div><\/div><div id=\"panel-32-1-1-6\" class=\"widget_text so-panel widget widget_custom_html\" data-index=\"18\" ><div class=\"textwidget custom-html-widget\"><a href=\"https:\/\/www.granulati.it\/de\/produkte\/mauern-steinblocke-und-verkleidungen\/\" target=\"blank\" rel=\"noopener\"><img class=\"colorbox-32\"  src=\"http:\/\/www.granulati.it\/wp-content\/uploads\/2022\/08\/muretti-2.gif\"\/><\/a><\/div><\/div><div id=\"panel-32-1-1-7\" class=\"widget_text so-panel widget widget_custom_html\" data-index=\"19\" ><div class=\"textwidget custom-html-widget\"><h2 style=\"text-align:center; margin-bottom:3px;\"><strong>W\u00c4NDE UND VERKLEIDUNGEN<\/strong><\/h2><\/div><\/div><div id=\"panel-32-1-1-8\" class=\"widget_text so-panel widget widget_custom_html\" data-index=\"20\" ><div class=\"textwidget custom-html-widget\"><a href=\"https:\/\/www.granulati.it\/de\/produkte\/accessory-products-2\/\" target=\"blank\" rel=\"noopener\"><img class=\"colorbox-32\"  src=\"http:\/\/www.granulati.it\/wp-content\/uploads\/2022\/08\/prodotti-complementari.gif\"\/><\/a><\/div><\/div><div id=\"panel-32-1-1-9\" class=\"widget_text so-panel widget widget_custom_html panel-last-child\" data-index=\"21\" ><div class=\"textwidget custom-html-widget\"><h2 style=\"text-align:center; margin-bottom:3px;\"><strong>ERG\u00c4NZENDE PRODUKTE<\/strong><\/h2><\/div><\/div><\/div><\/div><\/div>","protected":false},"excerpt":{"rendered":"<p>LANDSCHAFTSDESIGNPRODUKTE Kieselsteine, Granulate, Monolithe, B\u00f6den und W\u00e4nde aus Natur- und Sinterstein, aber auch Garteneinfassungen aus verschiedenen Materialien oder dekorative und funktionelle Gabionen f\u00fcr den Garten. Besuchen Sie unsere Ausstellung STONE CITY , einen st\u00e4ndigen Ausstellungsraum mit Landschaftsgestaltungsprodukten, mit denen Umgebungen unterschiedlicher Stilrichtungen nachgebildet werden k\u00f6nnen. Wie viele S\u00e4cke mit Zuschlagstoffen muss ich kaufen, um meine Oberfl\u00e4che zu f\u00fcllen? Verwenden Sie den RECHNER, um schnell die Menge an Kieseln, Granulat oder Ziersteinen zu bestimmen, die ben\u00f6tigt werden, um die Oberfl\u00e4che eines Blumenbeets oder einer Einfahrt zu bedecken , Kreisverkehr, Innenhof oder Terrasse. ZUM RECHNER GEHENKIESSPLITTFEINSTEINZEUGMONOLITHEGARTENM\u00d6BELEASIHOLDNAT\u00dcRLICHE STEINBAUERUNGFASTBASEW\u00c4NDE UND VERKLEIDUNGENERG\u00c4NZENDE PRODUKTE<\/p>\n","protected":false},"author":1,"featured_media":0,"parent":0,"menu_order":30,"comment_status":"closed","ping_status":"closed","template":"cat_prodotti_home.php","meta":{"_links_to":"","_links_to_target":""},"aioseo_notices":[],"_links":{"self":[{"href":"https:\/\/www.granulati.it\/de\/wp-json\/wp\/v2\/pages\/32"}],"collection":[{"href":"https:\/\/www.granulati.it\/de\/wp-json\/wp\/v2\/pages"}],"about":[{"href":"https:\/\/www.granulati.it\/de\/wp-json\/wp\/v2\/types\/page"}],"author":[{"embeddable":true,"href":"https:\/\/www.granulati.it\/de\/wp-json\/wp\/v2\/users\/1"}],"replies":[{"embeddable":true,"href":"https:\/\/www.granulati.it\/de\/wp-json\/wp\/v2\/comments?post=32"}],"version-history":[{"count":121,"href":"https:\/\/www.granulati.it\/de\/wp-json\/wp\/v2\/pages\/32\/revisions"}],"predecessor-version":[{"id":81698,"href":"https:\/\/www.granulati.it\/de\/wp-json\/wp\/v2\/pages\/32\/revisions\/81698"}],"wp:attachment":[{"href":"https:\/\/www.granulati.it\/de\/wp-json\/wp\/v2\/media?parent=32"}],"curies":[{"name":"wp","href":"https:\/\/api.w.org\/{rel}","templated":true}]}}