{"id":283,"date":"2013-06-07T16:22:11","date_gmt":"2013-06-07T14:22:11","guid":{"rendered":"http:\/\/www.granulati.it\/it\/?page_id=283"},"modified":"2025-07-14T17:35:35","modified_gmt":"2025-07-14T15:35:35","slug":"complementi-per-il-giardino-e-la-casa","status":"publish","type":"page","link":"https:\/\/www.granulati.it\/de\/produkte\/zusatzprodukte-fur-haus-und-garten\/","title":{"rendered":"Zusatzprodukte f\u00fcr Haus und Garten"},"content":{"rendered":"<div id=\"pl-283\"  class=\"panel-layout\" ><div id=\"pg-283-0\"  class=\"panel-grid panel-no-style\" ><div id=\"pgc-283-0-0\"  class=\"panel-grid-cell\" ><div id=\"panel-283-0-0-0\" class=\"so-panel widget widget_text panel-first-child panel-last-child\" data-index=\"0\" >\t\t\t<div class=\"textwidget\"><div style=\"background-color: #006785; height: 50px; padding-left:20px\">\n<h1 style=\"padding-top: 10px;\"><span style=\"color: white;\">ZUSATZPRODUKTE F\u00dcR HAUS UND GARTEN<\/span><\/h1>\n<\/div>\n<\/div>\n\t\t<\/div><\/div><\/div><div id=\"pg-283-1\"  class=\"panel-grid panel-no-style\" ><div id=\"pgc-283-1-0\"  class=\"panel-grid-cell\" ><div id=\"panel-283-1-0-0\" class=\"so-panel widget widget_text panel-first-child panel-last-child\" data-index=\"1\" >\t\t\t<div class=\"textwidget\"><\/div>\n\t\t<\/div><\/div><\/div><div id=\"pg-283-2\"  class=\"panel-grid panel-no-style\" ><div id=\"pgc-283-2-0\"  class=\"panel-grid-cell\" ><div id=\"panel-283-2-0-0\" class=\"so-panel widget widget_text panel-first-child panel-last-child\" data-index=\"2\" >\t\t\t<div class=\"textwidget\"><p>Eine reiche Sammlung von Dekorationen f\u00fcr den Garten, unverzichtbare Accessoires, um die Gartenm\u00f6bel zu verfeinern und zu bereichern. Unser Zubeh\u00f6r hilft, die Lebensf\u00e4higkeit und das Aussehen Ihres Gartens zu verbessern. Dazu geh\u00f6ren Natursteinbrunnen in verschiedenen Formen, Farben und Ausf\u00fchrungen, Granitvasen, ideal f\u00fcr G\u00e4rten und Terrassen, handgefertigte Kalksteinstatuen, Laternen und Kugeln japanischen Geschmacks, steinerne B\u00e4nke, die f\u00fcr st\u00e4dtische Umgebungen verwendet wurden, und Betonb\u00f6den mit Formen antike. Alle unsere Accessoires verleihen Ihrer gr\u00fcnen Oase Charakter und Pers\u00f6nlichkeit. Wenn Sie versuchen, einen Garten im klassischen Stil zu dekorieren, k\u00f6nnen Sie B\u00fcsten oder Statuen, die griechische G\u00f6tter darstellen, wie den Amazonas und die Diana, verwenden, die einen Akzent von gelehrter Gelehrsamkeit und Eleganz geben. F\u00fcr einen Zen-Garten mit einer typisch orientalischen Atmosph\u00e4re werden Sie jedoch mehrere Bereiche haben, sowie die sch\u00f6nen Rankei und Rokkaku Yukimi Lampen. In Ihrer kleinen Wohlf\u00fchloase werden Sie nicht einmal sch\u00f6ne Travertinbrunnen und Granitvasen voller farbenfroher Blumen vermissen. Die Dekorationen f\u00fcr den Garten Zandobbio Granulati sind aus hochwertigen Materialien gefertigt, besonders widerstandsf\u00e4hig gegen Witterungseinfl\u00fcsse und behalten ihre Farbe im Laufe der Zeit unver\u00e4ndert.<\/p>\n<\/div>\n\t\t<\/div><\/div><\/div><div id=\"pg-283-3\"  class=\"panel-grid panel-no-style\" ><div id=\"pgc-283-3-0\"  class=\"panel-grid-cell\" ><div id=\"panel-283-3-0-0\" class=\"so-panel widget widget_text panel-first-child panel-last-child\" data-index=\"3\" >\t\t\t<div class=\"textwidget\"><p><a href=\"https:\/\/www.granulati.it\/de\/produkte\/zusatzprodukte-fur-haus-und-garten\/fontane\/\" target=\"blank\" rel=\"noopener\"><img loading=\"lazy\" class=\"alignnone size-medium wp-image-23031 colorbox-283\" src=\"http:\/\/www.granulati.it\/wp-content\/uploads\/2022\/02\/fontane.jpg\" alt=\"\" width=\"300\" height=\"200\" \/><\/a><\/p>\n<h1 style=\"font-size: 25px; color: #006785;\"><strong>BRUNNEN<\/strong><\/h1>\n<hr \/>\n<p style=\"text-align: justify;\"><span style=\"font-family: 'Lucida Grande', Verdana, Arial, Helvetica, sans-serif;\">Natursteinbrunnen in unterschiedlichen Formen, Farben und Feinbearbeitungen.<\/span><\/p>\n<p><a href=\"https:\/\/www.granulati.it\/de\/produkte\/zusatzprodukte-fur-haus-und-garten\/fontane\/\" target=\"blank\" rel=\"noopener\"><input style=\"color: white; background-color: #006785;\" name=\"button\" type=\"submit\" value=\"FINDE MEHR HERAUS\" \/><\/a><\/p>\n<\/div>\n\t\t<\/div><\/div><div id=\"pgc-283-3-1\"  class=\"panel-grid-cell\" ><div id=\"panel-283-3-1-0\" class=\"so-panel widget widget_text panel-first-child panel-last-child\" data-index=\"4\" >\t\t\t<div class=\"textwidget\"><p><a href=\"https:\/\/www.granulati.it\/de\/produkte\/zusatzprodukte-fur-haus-und-garten\/granitgefase\/\" target=\"blank\" rel=\"noopener\"><img loading=\"lazy\" class=\"alignnone size-medium wp-image-23031 colorbox-283\" src=\"https:\/\/www.granulati.it\/wp-content\/uploads\/2020\/07\/elementi-granito.jpg\" alt=\"\" width=\"300\" height=\"200\" \/><\/a><\/p>\n<h1 style=\"font-size: 25px; color: #006785;\"><strong>GRANITGEF\u00c4\u00dfE<\/strong><\/h1>\n<hr \/>\n<p style=\"text-align: justify;\"><span style=\"font-family: 'Lucida Grande', Verdana, Arial, Helvetica, sans-serif;\">Granitgef\u00e4\u00dfe in klassischen Formen. Der Granit geh\u00f6rt zu den widerstandsf\u00e4higsten Materialien.<\/span><\/p>\n<p><a href=\"https:\/\/www.granulati.it\/de\/produkte\/zusatzprodukte-fur-haus-und-garten\/granitgefase\/\" target=\"blank\" rel=\"noopener\"><input style=\"color: white; background-color: #006785;\" name=\"button\" type=\"submit\" value=\"FINDE MEHR HERAUS\" \/><\/a><\/p>\n<\/div>\n\t\t<\/div><\/div><div id=\"pgc-283-3-2\"  class=\"panel-grid-cell\" ><div id=\"panel-283-3-2-0\" class=\"so-panel widget widget_text panel-first-child panel-last-child\" data-index=\"5\" >\t\t\t<div class=\"textwidget\"><p><a href=\"https:\/\/www.granulati.it\/de\/produkte\/zusatzprodukte-fur-haus-und-garten\/lanterne-e-sfere\/\" target=\"blank\" rel=\"noopener\"><img loading=\"lazy\" class=\"alignnone size-medium wp-image-23031 colorbox-283\" src=\"https:\/\/www.granulati.it\/wp-content\/uploads\/2018\/06\/lanterne.jpg\" alt=\"\" width=\"300\" height=\"200\" \/><\/a><\/p>\n<h1 style=\"font-size: 25px; color: #006785;\"><strong>LATERNEN UND KUGELN<\/strong><\/h1>\n<hr \/>\n<p style=\"text-align: justify;\"><span style=\"font-family: 'Lucida Grande', Verdana, Arial, Helvetica, sans-serif;\">Ein Hauch von Orient, um Bereiche und Einblicke in Ihren Garten zu schaffen..<\/span><\/p>\n<p><a href=\"https:\/\/www.granulati.it\/de\/produkte\/zusatzprodukte-fur-haus-und-garten\/lanterne-e-sfere\/\" target=\"blank\" rel=\"noopener\"><input style=\"color: white; background-color: #006785;\" name=\"button\" type=\"submit\" value=\"FINDE MEHR HERAUS\" \/><\/a><\/p>\n<\/div>\n\t\t<\/div><\/div><\/div><div id=\"pg-283-4\"  class=\"panel-grid panel-no-style\" ><div id=\"pgc-283-4-0\"  class=\"panel-grid-cell\" ><div id=\"panel-283-4-0-0\" class=\"so-panel widget widget_text panel-first-child panel-last-child\" data-index=\"6\" >\t\t\t<div class=\"textwidget\"><p><a href=\"https:\/\/www.granulati.it\/en\/products\/accessories-for-house-and-garden\/art-garden-limestone-statues\/\" target=\"blank\" rel=\"noopener\"><img loading=\"lazy\" class=\"alignnone size-medium wp-image-23031 colorbox-283\" src=\"https:\/\/www.granulati.it\/wp-content\/uploads\/2018\/06\/statue.jpg\" alt=\"\" width=\"300\" height=\"200\" \/><\/a><\/p>\n<h1 style=\"font-size: 25px; color: #006785;\"><strong>ART GARDEN, KALKSTEINSTATUEN<\/strong><\/h1>\n<hr \/>\n<p style=\"text-align: justify;\"><span style=\"font-family: 'Lucida Grande', Verdana, Arial, Helvetica, sans-serif;\">Eine Auswahl von Natursteinskulpturen von besonderer Sch\u00f6nheit.<\/span><\/p>\n<p><a href=\"https:\/\/www.granulati.it\/en\/products\/accessories-for-house-and-garden\/art-garden-limestone-statues\/\" target=\"blank\" rel=\"noopener\"><input style=\"color: white; background-color: #006785;\" name=\"button\" type=\"submit\" value=\"FINDE MEHR HERAUS\" \/><\/a><\/p>\n<\/div>\n\t\t<\/div><\/div><div id=\"pgc-283-4-1\"  class=\"panel-grid-cell panel-grid-cell-mobile-last\" ><div id=\"panel-283-4-1-0\" class=\"so-panel widget widget_text panel-first-child panel-last-child\" data-index=\"7\" >\t\t\t<div class=\"textwidget\"><p><a href=\"https:\/\/www.granulati.it\/it\/prodotti\/complementi-per-il-giardino-e-la-casa\/creative-beton\/\" target=\"blank\" rel=\"noopener\"><img loading=\"lazy\" class=\"alignnone size-medium wp-image-23031 colorbox-283\" src=\"http:\/\/www.granulati.it\/wp-content\/uploads\/2022\/02\/gradoni.jpg\" alt=\"\" width=\"300\" height=\"200\" \/><\/a><\/p>\n<h1 style=\"font-size: 25px; color: #006785;\"><strong>CREATIVE BETON<\/strong><\/h1>\n<hr \/>\n<p style=\"text-align: justify;\"><span style=\"font-family: 'Lucida Grande', Verdana, Arial, Helvetica, sans-serif;\">Gro\u00dfe Auswahl an Betonelementen f\u00fcr Garten- und Stadtm\u00f6bel. Ein widerstandsf\u00e4higes, solides Material, das f\u00fcr eine lange Lebensdauer geschaffen wurde, wird wieder zeitgem\u00e4\u00df und zum Protagonisten des Designs.<\/span><\/p>\n<p><a href=\"https:\/\/www.granulati.it\/it\/prodotti\/complementi-per-il-giardino-e-la-casa\/creative-beton\/\" target=\"blank\" rel=\"noopener\"><input style=\"color: white; background-color: #006785;\" name=\"button\" type=\"submit\" value=\"FINDE MEHR HERAUS\" \/><\/a><\/p>\n<\/div>\n\t\t<\/div><\/div><div id=\"pgc-283-4-2\"  class=\"panel-grid-cell panel-grid-cell-empty\" ><\/div><\/div><\/div>","protected":false},"excerpt":{"rendered":"<p>ZUSATZPRODUKTE F\u00dcR HAUS UND GARTEN<\/p>\n","protected":false},"author":1,"featured_media":5190,"parent":32,"menu_order":36,"comment_status":"open","ping_status":"open","template":"page-cat_prodotti.php","meta":{"_links_to":"","_links_to_target":""},"aioseo_notices":[],"_links":{"self":[{"href":"https:\/\/www.granulati.it\/de\/wp-json\/wp\/v2\/pages\/283"}],"collection":[{"href":"https:\/\/www.granulati.it\/de\/wp-json\/wp\/v2\/pages"}],"about":[{"href":"https:\/\/www.granulati.it\/de\/wp-json\/wp\/v2\/types\/page"}],"author":[{"embeddable":true,"href":"https:\/\/www.granulati.it\/de\/wp-json\/wp\/v2\/users\/1"}],"replies":[{"embeddable":true,"href":"https:\/\/www.granulati.it\/de\/wp-json\/wp\/v2\/comments?post=283"}],"version-history":[{"count":28,"href":"https:\/\/www.granulati.it\/de\/wp-json\/wp\/v2\/pages\/283\/revisions"}],"predecessor-version":[{"id":80586,"href":"https:\/\/www.granulati.it\/de\/wp-json\/wp\/v2\/pages\/283\/revisions\/80586"}],"up":[{"embeddable":true,"href":"https:\/\/www.granulati.it\/de\/wp-json\/wp\/v2\/pages\/32"}],"wp:featuredmedia":[{"embeddable":true,"href":"https:\/\/www.granulati.it\/de\/wp-json\/wp\/v2\/media\/5190"}],"wp:attachment":[{"href":"https:\/\/www.granulati.it\/de\/wp-json\/wp\/v2\/media?parent=283"}],"curies":[{"name":"wp","href":"https:\/\/api.w.org\/{rel}","templated":true}]}}