{"id":281,"date":"2013-06-07T16:21:00","date_gmt":"2013-06-07T14:21:00","guid":{"rendered":"http:\/\/www.granulati.it\/it\/?page_id=281"},"modified":"2025-08-01T17:58:24","modified_gmt":"2025-08-01T15:58:24","slug":"muretti-e-rivestimenti-da-giardino","status":"publish","type":"page","link":"https:\/\/www.granulati.it\/de\/produkte\/mauern-steinblocke-und-verkleidungen\/","title":{"rendered":"Mauern, Steinbl\u00f6cke und Verkleidungen"},"content":{"rendered":"<div id=\"pl-281\"  class=\"panel-layout\" ><div id=\"pg-281-0\"  class=\"panel-grid panel-no-style\" ><div id=\"pgc-281-0-0\"  class=\"panel-grid-cell\" ><div id=\"panel-281-0-0-0\" class=\"so-panel widget widget_text panel-first-child panel-last-child\" data-index=\"0\" >\t\t\t<div class=\"textwidget\"><div style=\"background-color: #006785; height: 50px; padding-left: 20px;\">\n<h1 style=\"padding-top: 10px;\"><span style=\"color: white;\">MAUERN, STEINBL\u00d6CKE UND VERKLEIDUNGEN<\/span><\/h1>\n<\/div>\n<\/div>\n\t\t<\/div><\/div><\/div><div id=\"pg-281-1\"  class=\"panel-grid panel-no-style\" ><div id=\"pgc-281-1-0\"  class=\"panel-grid-cell\" ><div id=\"panel-281-1-0-0\" class=\"so-panel widget widget_text panel-first-child panel-last-child\" data-index=\"1\" >\t\t\t<div class=\"textwidget\"><\/div>\n\t\t<\/div><\/div><\/div><div id=\"pg-281-2\"  class=\"panel-grid panel-no-style\" ><div id=\"pgc-281-2-0\"  class=\"panel-grid-cell\" ><div id=\"panel-281-2-0-0\" class=\"so-panel widget widget_text panel-first-child panel-last-child\" data-index=\"2\" >\t\t\t<div class=\"textwidget\"><p>Eine Palette modularer kleiner Elemente , die sehr flexibel einsetzbar sind f\u00fcr die Abst\u00fctzung kleiner B\u00f6schungen und Erdw\u00e4lle, zur Begrenzung von Gr\u00fcnfl\u00e4chen und zur Verkleidung und Versch\u00f6nerung von Betonw\u00e4nden. All diese Elemente besitzen einen hohen \u00e4sthetischen Wert, dank einer gro\u00dfen Auswahl an Farbt\u00f6nen und hochwertigen Feinbearbeitungen, z.B. in spaltrauer Ausf\u00fchrung, die an die Trockenmauern von einst erinnert und die nat\u00fcrliche Beschaffenheit der Oberfl\u00e4che betont.<br \/>\nDie Elemente eignen sich auch zur Anwendung in \u00f6ffentlichen und privaten Gr\u00fcnzonen. Die Palisaden bieten hingegen eine modernere Option zur Begrenzung von Bereichen jeder Art durch architektonische Elemente mit starker Vertikalit\u00e4t.<\/p>\n<\/div>\n\t\t<\/div><\/div><\/div><div id=\"pg-281-3\"  class=\"panel-grid panel-no-style\" ><div id=\"pgc-281-3-0\"  class=\"panel-grid-cell\" ><div id=\"panel-281-3-0-0\" class=\"so-panel widget widget_text panel-first-child panel-last-child\" data-index=\"3\" >\t\t\t<div class=\"textwidget\"><p><a href=\"https:\/\/www.granulati.it\/de\/idea-pietra\/\" target=\"blank;\" rel=\"noopener\"><img loading=\"lazy\" class=\"alignnone size-medium wp-image-23031 colorbox-281\" src=\"https:\/\/www.granulati.it\/wp-content\/uploads\/2025\/08\/Idea-Pietra.jpg\" alt=\"\" width=\"300\" height=\"200\" \/><\/a><\/p>\n<h1 style=\"font-size: 25px; color: #006785;\"><strong>IDEA PIETRA<\/strong><\/h1>\n<h2 style=\"font-size: 25px; color: #006785;\">Wand- und Fassadenverkleidungen.<\/h2>\n<hr \/>\n<p style=\"text-align: justify;\"><span style=\"font-family: 'Lucida Grande', Verdana, Arial, Helvetica, sans-serif;\">Entdecken Sie Kollektionen mit Stein-, Block- und Ziegeloptik \u2013 ideal f\u00fcr individuelle Wandgestaltungen. W\u00e4hlen Sie aus verschiedenen Texturen, Formen und Farben, mit oder ohne Fuge.<\/span><\/p>\n<p><a href=\"https:\/\/www.granulati.it\/de\/idea-pietra\/\" target=\"blank;\" rel=\"noopener\"><input style=\"color: white; background-color: #006785;\" name=\"button\" type=\"submit\" value=\"VIEW MORE\" \/><\/a><\/p>\n<\/div>\n\t\t<\/div><\/div><div id=\"pgc-281-3-1\"  class=\"panel-grid-cell\" ><div id=\"panel-281-3-1-0\" class=\"so-panel widget widget_text panel-first-child panel-last-child\" data-index=\"4\" >\t\t\t<div class=\"textwidget\"><p><a href=\"https:\/\/www.stonebox.it\/it\/\" target=\"blank;\" rel=\"noopener\"><img loading=\"lazy\" class=\"alignnone size-medium wp-image-23031 colorbox-281\" src=\"https:\/\/www.granulati.it\/wp-content\/uploads\/2020\/07\/natural-stone-box-gabbioni-granulati-zandobbio.jpg\" alt=\"\" width=\"300\" height=\"200\" \/><\/a><\/p>\n<h1 style=\"font-size: 25px; color: #006785;\"><strong>NATURAL STONE BOX<\/strong><\/h1>\n<h2 style=\"font-size: 25px; color: #006785;\">gabions de cl\u00f4ture<\/h2>\n<hr \/>\n<p style=\"text-align: justify;\"><span style=\"font-family: 'Lucida Grande', Verdana, Arial, Helvetica, sans-serif;\">Granulati Zandobbio hat eine breite Palette von Marmor, Porphyr und Granitsplitt, Natursteine von ausgezeichneter Qualit\u00e4t.<\/span><\/p>\n<p><a href=\"https:\/\/www.stonebox.it\/it\/\" target=\"blank;\" rel=\"noopener\"><input style=\"color: white; background-color: #006785;\" name=\"button\" type=\"submit\" value=\"VIEW MORE\" \/><\/a><\/p>\n<\/div>\n\t\t<\/div><\/div><div id=\"pgc-281-3-2\"  class=\"panel-grid-cell\" ><div id=\"panel-281-3-2-0\" class=\"so-panel widget widget_text panel-first-child panel-last-child\" data-index=\"5\" >\t\t\t<div class=\"textwidget\"><p><a href=\"https:\/\/www.granulati.it\/de\/produkte\/mauern-steinblocke-und-verkleidungen\/verkleidungen\/\" target=\"blank;\" rel=\"noopener\"><img loading=\"lazy\" class=\"alignnone size-medium wp-image-23031 colorbox-281\" src=\"https:\/\/www.granulati.it\/wp-content\/uploads\/2020\/07\/natural-panel-granulati-zandobbio.jpg\" alt=\"\" width=\"300\" height=\"200\" \/><\/a><\/p>\n<h1 style=\"font-size: 25px; color: #006785;\"><strong>NATURAL PANEL<\/strong><\/h1>\n<h2 style=\"font-size: 25px; color: #006785;\">Natursteinverkleidungen<\/h2>\n<hr \/>\n<p style=\"text-align: justify;\"><span style=\"font-family: 'Lucida Grande', Verdana, Arial, Helvetica, sans-serif;\">Kleine Zierleisten, die ein einziges Element mit Oberfl\u00e4che in Spaltoptik bilden.<\/span><\/p>\n<p><a href=\"https:\/\/www.granulati.it\/de\/produkte\/mauern-steinblocke-und-verkleidungen\/verkleidungen\/\" target=\"blank;\" rel=\"noopener\"><input style=\"color: white; background-color: #006785;\" name=\"button\" type=\"submit\" value=\"VIEW MORE\" \/><\/a><\/p>\n<\/div>\n\t\t<\/div><\/div><\/div><div id=\"pg-281-4\"  class=\"panel-grid panel-no-style\" ><div id=\"pgc-281-4-0\"  class=\"panel-grid-cell\" ><div id=\"panel-281-4-0-0\" class=\"so-panel widget widget_text panel-first-child panel-last-child\" data-index=\"6\" >\t\t\t<div class=\"textwidget\"><p><a href=\"https:\/\/www.granulati.it\/de\/produkte\/mauern-steinblocke-und-verkleidungen\/mauern-steinblocke\/\" target=\"blank;\" rel=\"noopener\"><img loading=\"lazy\" class=\"alignnone size-medium wp-image-23031 colorbox-281\" src=\"http:\/\/www.granulati.it\/wp-content\/uploads\/2020\/07\/muretti-granulati-zandobbio.jpg\" alt=\"\" width=\"300\" height=\"200\" \/><\/a><\/p>\n<h1 style=\"font-size: 25px; color: #006785;\"><strong>MAUERN\/STEINBL\u00d6CKE<\/strong><\/h1>\n<hr \/>\n<p style=\"text-align: justify;\"><span style=\"font-family: 'Lucida Grande', Verdana, Arial, Helvetica, sans-serif;\">Viereckige Elemente aus Stein zur Konstruktion von St\u00fctzmauern oder zur Begrenzung von Bereichen des eigenen Gartens.<\/span><\/p>\n<p><a href=\"https:\/\/www.granulati.it\/de\/produkte\/mauern-steinblocke-und-verkleidungen\/mauern-steinblocke\/\" target=\"blank;\" rel=\"noopener\"><input style=\"color: white; background-color: #006785;\" name=\"button\" type=\"submit\" value=\"VIEW MORE\" \/><\/a><\/p>\n<\/div>\n\t\t<\/div><\/div><div id=\"pgc-281-4-1\"  class=\"panel-grid-cell panel-grid-cell-mobile-last\" ><div id=\"panel-281-4-1-0\" class=\"so-panel widget widget_text panel-first-child panel-last-child\" data-index=\"7\" >\t\t\t<div class=\"textwidget\"><p><a href=\"https:\/\/www.granulati.it\/de\/produkte\/mauern-steinblocke-und-verkleidungen\/palisaden\/\" target=\"blank;\" rel=\"noopener\"><img loading=\"lazy\" class=\"alignnone size-medium wp-image-23031 colorbox-281\" src=\"https:\/\/www.granulati.it\/wp-content\/uploads\/2020\/07\/palizzate-granulati-zandobbio.jpg\" alt=\"\" width=\"300\" height=\"200\" \/><\/a><\/p>\n<h1 style=\"font-size: 25px; color: #006785;\"><strong>PALISADEN<\/strong><\/h1>\n<hr \/>\n<p style=\"text-align: justify;\"><span style=\"font-family: 'Lucida Grande', Verdana, Arial, Helvetica, sans-serif;\">Vertikale Elemente zur Raumbegrenzung: gro\u00dfe Platten oder Materialien unterschiedlicher Form zur Umz\u00e4unung und Versch\u00f6nerung Ihres Gartens.<\/span><\/p>\n<p><a href=\"https:\/\/www.granulati.it\/de\/produkte\/mauern-steinblocke-und-verkleidungen\/palisaden\/\" target=\"blank;\" rel=\"noopener\"><input style=\"color: white; background-color: #006785;\" name=\"button\" type=\"submit\" value=\"VIEW MORE\" \/><\/a><\/p>\n<\/div>\n\t\t<\/div><\/div><div id=\"pgc-281-4-2\"  class=\"panel-grid-cell panel-grid-cell-empty\" ><\/div><\/div><\/div>","protected":false},"excerpt":{"rendered":"<p>MAUERN, STEINBL\u00d6CKE UND VERKLEIDUNGEN<\/p>\n","protected":false},"author":1,"featured_media":5283,"parent":32,"menu_order":29,"comment_status":"open","ping_status":"open","template":"page-cat_prodotti.php","meta":{"_links_to":"","_links_to_target":""},"aioseo_notices":[],"_links":{"self":[{"href":"https:\/\/www.granulati.it\/de\/wp-json\/wp\/v2\/pages\/281"}],"collection":[{"href":"https:\/\/www.granulati.it\/de\/wp-json\/wp\/v2\/pages"}],"about":[{"href":"https:\/\/www.granulati.it\/de\/wp-json\/wp\/v2\/types\/page"}],"author":[{"embeddable":true,"href":"https:\/\/www.granulati.it\/de\/wp-json\/wp\/v2\/users\/1"}],"replies":[{"embeddable":true,"href":"https:\/\/www.granulati.it\/de\/wp-json\/wp\/v2\/comments?post=281"}],"version-history":[{"count":41,"href":"https:\/\/www.granulati.it\/de\/wp-json\/wp\/v2\/pages\/281\/revisions"}],"predecessor-version":[{"id":81766,"href":"https:\/\/www.granulati.it\/de\/wp-json\/wp\/v2\/pages\/281\/revisions\/81766"}],"up":[{"embeddable":true,"href":"https:\/\/www.granulati.it\/de\/wp-json\/wp\/v2\/pages\/32"}],"wp:featuredmedia":[{"embeddable":true,"href":"https:\/\/www.granulati.it\/de\/wp-json\/wp\/v2\/media\/5283"}],"wp:attachment":[{"href":"https:\/\/www.granulati.it\/de\/wp-json\/wp\/v2\/media?parent=281"}],"curies":[{"name":"wp","href":"https:\/\/api.w.org\/{rel}","templated":true}]}}