{"id":280,"date":"2013-06-07T16:20:28","date_gmt":"2013-06-07T14:20:28","guid":{"rendered":"http:\/\/www.granulati.it\/it\/?page_id=280"},"modified":"2025-07-14T17:30:37","modified_gmt":"2025-07-14T15:30:37","slug":"pavimentazioni-in-pietra-naturale","status":"publish","type":"page","link":"https:\/\/www.granulati.it\/de\/produkte\/naturstein-bodenbelage\/","title":{"rendered":"Naturstein Bodenbel\u00e4ge"},"content":{"rendered":"<div id=\"pl-280\"  class=\"panel-layout\" ><div id=\"pg-280-0\"  class=\"panel-grid panel-no-style\" ><div id=\"pgc-280-0-0\"  class=\"panel-grid-cell\" ><div id=\"panel-280-0-0-0\" class=\"so-panel widget widget_text panel-first-child panel-last-child\" data-index=\"0\" >\t\t\t<div class=\"textwidget\"><div style=\"background-color: #006785; height: 50px; padding-left:20px\">\n<h1 style=\"padding-top: 10px;\"><span style=\"color: white;\">NATURSTEIN BODENBEL\u00c4GE<\/span><\/h1>\n<\/div>\n<\/div>\n\t\t<\/div><\/div><\/div><div id=\"pg-280-1\"  class=\"panel-grid panel-no-style\" ><div id=\"pgc-280-1-0\"  class=\"panel-grid-cell\" ><div id=\"panel-280-1-0-0\" class=\"so-panel widget widget_text panel-first-child panel-last-child\" data-index=\"1\" >\t\t\t<div class=\"textwidget\"><\/div>\n\t\t<\/div><\/div><\/div><div id=\"pg-280-2\"  class=\"panel-grid panel-no-style\" ><div id=\"pgc-280-2-0\"  class=\"panel-grid-cell\" ><div id=\"panel-280-2-0-0\" class=\"so-panel widget widget_text panel-first-child panel-last-child\" data-index=\"2\" >\t\t\t<div class=\"textwidget\"><p>Ein umfassendes Angebot an Natursteinprodukten f\u00fcr jeden Zweck, mit vielen architektonischen L\u00f6sungen f\u00fcr externe Bodenbel\u00e4ge f\u00fcr jeden Bedarf. Eine Produktpalette mit vielen Formaten, Bearbeitungsformen und originellen Farben. Bodenbel\u00e4ge aus aller Welt f\u00fcr eine gro\u00dfe Auswahl und optimale L\u00f6sungen f\u00fcr Ihr Projekt: Platten mit regelm\u00e4\u00dfiger Form, ideal f\u00fcr Fu\u00dfwege, Bl\u00f6cke mit guter Befahrbarkeit, Opus zur Charakterisierung der Bodenbel\u00e4ge durch Zufallsdesign und trocken verlegte Wegf\u00fchrungen \u00fcber Wiesen und B\u00f6den mit unregelm\u00e4\u00dfigem Verlauf. Bei der Definition eines sch\u00f6nen Bodenbelags m\u00fcssen auch Details ber\u00fccksichtigt werden. Wir bieten Ihnen eine komplette Palette an Zusatzprodukten wie Stufen unterschiedlichen Formats, Palisaden, St\u00fctzmauern, Randsteine u.v.m., mit denen Sie die architektonische Gestaltung und die \u00c4sthetik Ihres Gartens optimieren k\u00f6nnen.<\/p>\n<\/div>\n\t\t<\/div><\/div><\/div><div id=\"pg-280-3\"  class=\"panel-grid panel-no-style\" ><div id=\"pgc-280-3-0\"  class=\"panel-grid-cell\" ><div id=\"panel-280-3-0-0\" class=\"so-panel widget widget_text panel-first-child panel-last-child\" data-index=\"3\" >\t\t\t<div class=\"textwidget\"><p><a href=\"https:\/\/www.granulati.it\/de\/produkte\/bodenbelage-2\/lastre\/\" target=\"blank;\" rel=\"noopener\"><img loading=\"lazy\" class=\"alignnone size-medium wp-image-23031 colorbox-280\" src=\"https:\/\/www.granulati.it\/wp-content\/uploads\/2020\/07\/Lastre-granulati-zandobbio.jpg\" alt=\"\" width=\"300\" height=\"200\" \/><\/a><\/p>\n<h1 style=\"font-size: 25px; color: #006785;\"><strong>PLATTEN<\/strong><\/h1>\n<hr \/>\n<p style=\"text-align: justify;\"><span style=\"font-family: 'Lucida Grande', Verdana, Arial, Helvetica, sans-serif;\">Eine komplette Linie eleganter L\u00f6sungen f\u00fcr die Gestaltung von Innen- und Au\u00dfenbereichen: die mit unterschiedlichen Feinbearbeitungen erh\u00e4ltlichen Produkte sind ideal f\u00fcr jede Art von Fu\u00dfweg.<\/span><\/p>\n<p><a href=\"https:\/\/www.granulati.it\/de\/produkte\/bodenbelage-2\/lastre\/\" target=\"blank;\" rel=\"noopener\"><input style=\"color: white; background-color: #006785;\" name=\"button\" type=\"submit\" value=\"VIEW MORE\" \/><\/a><\/p>\n<\/div>\n\t\t<\/div><\/div><div id=\"pgc-280-3-1\"  class=\"panel-grid-cell\" ><div id=\"panel-280-3-1-0\" class=\"so-panel widget widget_text panel-first-child panel-last-child\" data-index=\"4\" >\t\t\t<div class=\"textwidget\"><p><a href=\"https:\/\/www.granulati.it\/de\/produkte\/bodenbelage-2\/opus\/\" target=\"blank;\" rel=\"noopener\"><img loading=\"lazy\" class=\"alignnone size-medium wp-image-23031 colorbox-280\" src=\"https:\/\/www.granulati.it\/wp-content\/uploads\/2020\/07\/Opus-granulati-zandobbio.jpg\" alt=\"\" width=\"300\" height=\"200\" \/><\/a><\/p>\n<h1 style=\"font-size: 25px; color: #006785;\"><strong>POLYGONALPLATTEN<\/strong><\/h1>\n<hr \/>\n<p style=\"text-align: justify;\"><span style=\"font-family: 'Lucida Grande', Verdana, Arial, Helvetica, sans-serif;\">Kleinformatige Platten mit besonderen Formen, Farben und unregelm\u00e4\u00dfigen Umrissen f\u00fcr Bodenbel\u00e4ge oder Wandverkleidungen.<\/span><\/p>\n<p><a href=\"https:\/\/www.granulati.it\/de\/produkte\/bodenbelage-2\/opus\/\" target=\"blank;\" rel=\"noopener\"><input style=\"color: white; background-color: #006785;\" name=\"button\" type=\"submit\" value=\"VIEW MORE\" \/><\/a><\/p>\n<\/div>\n\t\t<\/div><\/div><div id=\"pgc-280-3-2\"  class=\"panel-grid-cell\" ><div id=\"panel-280-3-2-0\" class=\"so-panel widget widget_text panel-first-child panel-last-child\" data-index=\"5\" >\t\t\t<div class=\"textwidget\"><p><a href=\"https:\/\/www.granulati.it\/de\/produkte\/bodenbelage-2\/cubetti\/\" target=\"blank;\" rel=\"noopener\"><img loading=\"lazy\" class=\"alignnone size-medium wp-image-23031 colorbox-280\" src=\"https:\/\/www.granulati.it\/wp-content\/uploads\/2020\/07\/cubetti-granulati-zandobbio.jpg\" alt=\"\" width=\"300\" height=\"200\" \/><\/a><\/p>\n<h1 style=\"font-size: 25px; color: #006785;\"><strong>WURFEL<\/strong><\/h1>\n<hr \/>\n<p style=\"text-align: justify;\"><span style=\"font-family: 'Lucida Grande', Verdana, Arial, Helvetica, sans-serif;\">Kleine Elemente aus Naturstein, die seit jeher unterschiedliche Anwendung finden, z.B. im st\u00e4dtischen Umfeld, f\u00fcr Stra\u00dfen, Pl\u00e4tze, Gehwege oder in Wohnbereichen.<\/span><\/p>\n<p><a href=\"https:\/\/www.granulati.it\/de\/produkte\/bodenbelage-2\/cubetti\/\" target=\"blank;\" rel=\"noopener\"><input style=\"color: white; background-color: #006785;\" name=\"button\" type=\"submit\" value=\"VIEW MORE\" \/><\/a><\/p>\n<\/div>\n\t\t<\/div><\/div><\/div><div id=\"pg-280-4\"  class=\"panel-grid panel-no-style\" ><div id=\"pgc-280-4-0\"  class=\"panel-grid-cell\" ><div id=\"panel-280-4-0-0\" class=\"so-panel widget widget_text panel-first-child panel-last-child\" data-index=\"6\" >\t\t\t<div class=\"textwidget\"><p><a href=\"https:\/\/www.granulati.it\/de\/produkte\/bodenbelage-2\/camminamenti\/\" target=\"blank;\" rel=\"noopener\"><img loading=\"lazy\" class=\"alignnone size-medium wp-image-23031 colorbox-280\" src=\"https:\/\/www.granulati.it\/wp-content\/uploads\/2020\/07\/camminamenti-granulati-zandobbio.jpg\" alt=\"\" width=\"300\" height=\"200\" \/><\/a><\/p>\n<h1 style=\"font-size: 25px; color: #006785;\"><strong>FUSWEGE<\/strong><\/h1>\n<hr \/>\n<p style=\"text-align: justify;\"><span style=\"font-family: 'Lucida Grande', Verdana, Arial, Helvetica, sans-serif;\">Brammen mit einer abgerundeten oder kreisf\u00f6rmigen Form, die n\u00fctzlich sind, um kleine Wege zu schaffen und mit gro\u00dfer \u00c4sthetik jede Gr\u00fcnfl\u00e4che zu zeichnen.<\/span><\/p>\n<p><a href=\"https:\/\/www.granulati.it\/de\/produkte\/bodenbelage-2\/camminamenti\/\" target=\"blank;\" rel=\"noopener\"><input style=\"color: white; background-color: #006785;\" name=\"button\" type=\"submit\" value=\"VIEW MORE\" \/><\/a><\/p>\n<\/div>\n\t\t<\/div><\/div><div id=\"pgc-280-4-1\"  class=\"panel-grid-cell\" ><div id=\"panel-280-4-1-0\" class=\"so-panel widget widget_text panel-first-child panel-last-child\" data-index=\"7\" >\t\t\t<div class=\"textwidget\"><p><a href=\"https:\/\/www.granulati.it\/de\/produkte\/bodenbelage-2\/gradini\/\" target=\"blank;\" rel=\"noopener\"><img loading=\"lazy\" class=\"alignnone size-medium wp-image-23031 colorbox-280\" src=\"https:\/\/www.granulati.it\/wp-content\/uploads\/2020\/07\/gradini-granulati-zandobbio.jpg\" alt=\"\" width=\"300\" height=\"200\" \/><\/a><\/p>\n<h1 style=\"font-size: 25px; color: #006785;\"><strong>STEPS, BLOCK STEPS and COPING<\/strong><\/h1>\n<hr \/>\n<p style=\"text-align: justify;\"><span style=\"font-family: 'Lucida Grande', Verdana, Arial, Helvetica, sans-serif;\">High thickness elements to create flight of steps with a great aesthetic impact.<\/span><\/p>\n<p><a href=\"https:\/\/www.granulati.it\/de\/produkte\/bodenbelage-2\/gradini\/\" target=\"blank;\" rel=\"noopener\"><input style=\"color: white; background-color: #006785;\" name=\"button\" type=\"submit\" value=\"VIEW MORE\" \/><\/a><\/p>\n<\/div>\n\t\t<\/div><\/div><div id=\"pgc-280-4-2\"  class=\"panel-grid-cell\" ><div id=\"panel-280-4-2-0\" class=\"so-panel widget widget_text panel-first-child panel-last-child\" data-index=\"8\" >\t\t\t<div class=\"textwidget\"><p><a href=\"https:\/\/www.granulati.it\/de\/produkte\/bodenbelage-2\/cordoli\/\" target=\"blank;\" rel=\"noopener\"><img loading=\"lazy\" class=\"alignnone size-medium wp-image-23031 colorbox-280\" src=\"https:\/\/www.granulati.it\/wp-content\/uploads\/2020\/07\/cordoli-granulati-zandobbio.jpg\" alt=\"\" width=\"300\" height=\"200\" \/><\/a><\/p>\n<h1 style=\"font-size: 25px; color: #006785;\"><strong>KERBS AND SMALL BLOCKS<\/strong><\/h1>\n<hr \/>\n<p style=\"text-align: justify;\"><span style=\"font-family: 'Lucida Grande', Verdana, Arial, Helvetica, sans-serif;\">Natural stone kerbs designed to delimit every urban or residential area.<\/span><\/p>\n<p><a href=\"https:\/\/www.granulati.it\/de\/produkte\/bodenbelage-2\/cordoli\/\" target=\"blank;\" rel=\"noopener\"><input style=\"color: white; background-color: #006785;\" name=\"button\" type=\"submit\" value=\"VIEW MORE\" \/><\/a><\/p>\n<\/div>\n\t\t<\/div><\/div><\/div><div id=\"pg-280-5\"  class=\"panel-grid panel-no-style\" ><div id=\"pgc-280-5-0\"  class=\"panel-grid-cell\" ><div id=\"panel-280-5-0-0\" class=\"so-panel widget widget_text panel-first-child panel-last-child\" data-index=\"9\" >\t\t\t<div class=\"textwidget\"><p><a href=\"https:\/\/www.granulati.it\/de\/produkte\/bodenbelage-2\/zoccolini\/\" target=\"blank;\" rel=\"noopener\"><img loading=\"lazy\" class=\"alignnone size-medium wp-image-23031 colorbox-280\" src=\"https:\/\/www.granulati.it\/wp-content\/uploads\/2020\/07\/zoccolini-granulati-zandobbio.jpg\" alt=\"\" width=\"300\" height=\"200\" \/><\/a><\/p>\n<h1 style=\"font-size: 25px; color: #006785;\"><strong>SKIRTING TILES<\/strong><\/h1>\n<hr \/>\n<p style=\"text-align: justify;\"><span style=\"font-family: 'Lucida Grande', Verdana, Arial, Helvetica, sans-serif;\">The classic stone \u201cbaseboard\u201d, whose function is protecting the wall from any impact. It is necessary to complete the finishing of the floor against the wall.<\/span><\/p>\n<p><a href=\"https:\/\/www.granulati.it\/de\/produkte\/bodenbelage-2\/zoccolini\/\" target=\"blank;\" rel=\"noopener\"><input style=\"color: white; background-color: #006785;\" name=\"button\" type=\"submit\" value=\"VIEW MORE\" \/><\/a><\/p>\n<\/div>\n\t\t<\/div><\/div><div id=\"pgc-280-5-1\"  class=\"panel-grid-cell panel-grid-cell-empty panel-grid-cell-mobile-last\" ><\/div><div id=\"pgc-280-5-2\"  class=\"panel-grid-cell panel-grid-cell-empty\" ><\/div><\/div><\/div>","protected":false},"excerpt":{"rendered":"<p>NATURSTEIN BODENBEL\u00c4GE<\/p>\n","protected":false},"author":1,"featured_media":905,"parent":32,"menu_order":3,"comment_status":"open","ping_status":"closed","template":"","meta":{"_links_to":"","_links_to_target":""},"aioseo_notices":[],"_links":{"self":[{"href":"https:\/\/www.granulati.it\/de\/wp-json\/wp\/v2\/pages\/280"}],"collection":[{"href":"https:\/\/www.granulati.it\/de\/wp-json\/wp\/v2\/pages"}],"about":[{"href":"https:\/\/www.granulati.it\/de\/wp-json\/wp\/v2\/types\/page"}],"author":[{"embeddable":true,"href":"https:\/\/www.granulati.it\/de\/wp-json\/wp\/v2\/users\/1"}],"replies":[{"embeddable":true,"href":"https:\/\/www.granulati.it\/de\/wp-json\/wp\/v2\/comments?post=280"}],"version-history":[{"count":29,"href":"https:\/\/www.granulati.it\/de\/wp-json\/wp\/v2\/pages\/280\/revisions"}],"predecessor-version":[{"id":80583,"href":"https:\/\/www.granulati.it\/de\/wp-json\/wp\/v2\/pages\/280\/revisions\/80583"}],"up":[{"embeddable":true,"href":"https:\/\/www.granulati.it\/de\/wp-json\/wp\/v2\/pages\/32"}],"wp:featuredmedia":[{"embeddable":true,"href":"https:\/\/www.granulati.it\/de\/wp-json\/wp\/v2\/media\/905"}],"wp:attachment":[{"href":"https:\/\/www.granulati.it\/de\/wp-json\/wp\/v2\/media?parent=280"}],"curies":[{"name":"wp","href":"https:\/\/api.w.org\/{rel}","templated":true}]}}