{"id":133,"date":"2013-05-20T11:30:19","date_gmt":"2013-05-20T09:30:19","guid":{"rendered":"http:\/\/www.granulati.it\/it\/?page_id=133"},"modified":"2025-10-24T15:05:32","modified_gmt":"2025-10-24T13:05:32","slug":"chi-siamo","status":"publish","type":"page","link":"https:\/\/www.granulati.it\/de\/uber-uns\/","title":{"rendered":"\u00dcBER UNS"},"content":{"rendered":"<p><\/p>\n<div style=\"background-color: #006785; height: 50px;\">\n<h1 style=\"padding-top: 10px;\"><span style=\"color: white; padding-left: 10px;\">\u00dcBER UNS<\/span><\/h1>\n<\/div>\n<p><span style=\"font-family: 'Lucida Grande', Verdana, Arial, Helvetica, sans-serif;\"><img class=\"aligncenter wp-image-40045 size-full colorbox-133\" title=\"granulati zandobbio\" src=\"http:\/\/www.granulati.it\/wp-content\/uploads\/2018\/04\/Sub-header7.jpg\" alt=\"\" width=\"100%\" srcset=\"https:\/\/www.granulati.it\/wp-content\/uploads\/2018\/04\/Sub-header7.jpg 1920w, https:\/\/www.granulati.it\/wp-content\/uploads\/2018\/04\/Sub-header7-118x50.jpg 118w, https:\/\/www.granulati.it\/wp-content\/uploads\/2018\/04\/Sub-header7-300x127.jpg 300w, https:\/\/www.granulati.it\/wp-content\/uploads\/2018\/04\/Sub-header7-768x326.jpg 768w, https:\/\/www.granulati.it\/wp-content\/uploads\/2018\/04\/Sub-header7-1024x434.jpg 1024w\" sizes=\"(max-width: 1920px) 100vw, 1920px\" \/><\/span><\/p>\n<div class=\"shortcode1-2\">\n<img class=\"alignnone wp-image-6966 size-full colorbox-133\" src=\"http:\/\/www.granulati.it\/wp-content\/uploads\/2017\/03\/granulati_logo.png\" alt=\"\" width=\"350\" srcset=\"https:\/\/www.granulati.it\/wp-content\/uploads\/2017\/03\/granulati_logo.png 400w, https:\/\/www.granulati.it\/wp-content\/uploads\/2017\/03\/granulati_logo-133x50.png 133w, https:\/\/www.granulati.it\/wp-content\/uploads\/2017\/03\/granulati_logo-300x113.png 300w\" sizes=\"(max-width: 400px) 100vw, 400px\" \/>\n<\/div>\n<div class=\"shortcode1-2\">\n<h1 style=\"padding-top: 30px;\">L\u00d6SUNGEN F\u00dcR DIE<br \/>\nLANDSCHAFTSARCHITEKTUR<\/h1>\n<\/div>\n<hr \/>\n<div class=\"shortcode1-2\">\n<img loading=\"lazy\" class=\"wp-image-40047 alignleft colorbox-133\" src=\"http:\/\/www.granulati.it\/wp-content\/uploads\/2018\/04\/granulati.jpg\" alt=\"\" width=\"426\" height=\"450\" \/>\n<\/div>\n<div class=\"shortcode1-2\">\n<h2>GRANULATI ZANDOBBIO<\/h2>\n<p style=\"text-align: justify;\"><span style=\"font-family: 'Lucida Grande', Verdana, Arial, Helvetica, sans-serif;\"><br \/>\nGranulati Zandobbio spielt eine zentrale Rolle in der Herstellung und Verteilung einer gro\u03b2en Palette von Produkten f\u00fcr die Landschaftsarchitektur: Feinsteinzeug und Naturstein- Bodenbel\u00e4ge, Wandbel\u00e4ge, Monolithen und Dekosteine f\u00fcr G\u00e4rten und Au\u03b2enbereiche. In Bolgare, Bergamo, ist unsere 8000 m\u00b2 gro\u03b2e Austellung STONE CITY, der h\u00f6chste Ausdruck dieser Produkte. Aktuell arbeitet Granulati Zandobbio zu 70% mit dem Ausland zusammen. Das Unternehmen exportiert in 80 verschiedene L\u00e4nder.<br \/>\n<\/span><\/p>\n<p>&nbsp;<\/p>\n<h2>WAS BIETET GRANULATI ZANDOBBIO<\/h2>\n<p style=\"text-align: justify;\"><span style=\"color: #333333;\"><br \/>\n<span style=\"font-family: 'Lucida Grande', Verdana, Arial, Helvetica, sans-serif;\"><br \/>\n\u2022 <strong>Exclusive Produkte<\/strong><br \/>\n\u2022 <strong>STONE CITY<\/strong>, unsere Ausstellung, die als Inspirationsquelle f\u00fcr jeden Besucher dient<br \/>\n\u2022 Produkte immer am Lager verf\u00fcgbar (das Lager ist 200.000 m\u00b2 gro\u03b2)<br \/>\n\u2022 Weltweiter Handel \u2013 Ausfuhr in 80 L\u00e4nder<br \/>\n\u2022 Zusammenarbeit mit den wichtigsten Lieferanten in ganz Europa<br \/>\n\u2022 Produktionsanlage der neuesten Generation<br \/>\n\u2022 Zertifiziertes Unternehmen ISO 14001:2015 (umweltfreundlich) <a href=\"http:\/\/www.granulati.it\/wp-content\/uploads\/2019\/01\/Z190117_Granulati-Zandobbio_14001.pdf\" class=\"mtli_attachment mtli_pdf\">\u21d3<\/a><br \/>\n\u2022 Zertifiziertes Unternehmen <strong>ISO 9001:2015<\/strong> (Qualit\u00e4t) <a href=\"http:\/\/www.granulati.it\/wp-content\/uploads\/2019\/01\/Z190117_Granulati-Zandobbio_9001.pdf\" class=\"mtli_attachment mtli_pdf\">\u21d3<\/a><br \/>\n<\/span><\/span><\/p>\n<\/div>\n<hr \/>\n<div style=\"background-color: #2b5768; height: 100px; width: 100%; margin-bottom: 30px;\">\n<div class=\"shortcode1-3\">\n<a href=\"https:\/\/www.granulati.it\/de\/chi-siamo\/ambasciatori-d-impresa-2025\/\" target=\"_blank\" rel=\"noopener\"><img loading=\"lazy\" class=\"aligncenter colorbox-133\" style=\"align: center; padding-left: 10px; padding-top: 10px; float: left;\" src=\"http:\/\/www.granulati.it\/wp-content\/uploads\/2025\/10\/AI_logo_header_no_payoff_2.png\" alt=\"\" width=\"918\" height=\"193\" \/><\/a><\/div>\n<div class=\"shortcode2-3\">\n<h2 style=\"margin: 10px; font-size: 24px; color: white; background-color: #2b5768;\"><a href=\"https:\/\/www.granulati.it\/de\/chi-siamo\/ambasciatori-d-impresa-2025\/\" target=\"_blank\" rel=\"noopener\"><strong>Unternehmensbotschafter 2025: eine Auszeichnung, die die menschlichen und innovativen Werte von Granulati Zandobbio w\u00fcrdigt<\/strong><\/a><\/h2>\n<\/div>\n<\/div>\n<hr \/>\n<div style=\"background-color: #ef7d43; height: 100px; width: 100%; margin-bottom: 30px;\">\n<div class=\"shortcode3-4\">\n<h1 style=\"margin: 10px; font-size: 24px; color: white; background-color: #ef7d43;\"><strong>GRANULATI ZANDOBBIO in der speziellen Rangliste &#8220;500 Champions 2018, 2019, 2020, 2021, 2022 und 2023&#8221; <\/strong><\/h1>\n<h3 style=\"font-size: 16px; margin: 10px; color: white; background-color: #ef7d43;\">eines der Unternehmen, das die Krise besiegt, sein Gesch\u00e4ft ausgebaut und Mitarbeiter eingestellt hat<\/h3>\n<\/div>\n<div class=\"shortcode1-4\">\n<img class=\"colorbox-133\"  style=\"align: center; padding-left: 25%; float: left;\" src=\"http:\/\/www.granulati.it\/wp-content\/uploads\/2021\/05\/Badge_Quadrato-288x300-1.jpg\" width=\"90\" \/><\/div>\n<\/div>\n<hr \/>\n<div class=\"shortcode1-3\">\n<img class=\"colorbox-133\"  style=\"width: 300px; align: center;\" src=\"http:\/\/www.granulati.it\/wp-content\/uploads\/2021\/03\/Best-performance-award-Granulati-Zandobbio.jpg\" width=\"150\" \/>\n<\/div>\n<div class=\"shortcode2-3\">\n<h1 style=\"font-size: 24px;\"><strong>BEST PERFORMANCE AWARD 2020\/2021\/2022\/2023<\/strong><\/h1>\n<h3 style=\"font-size: 16px;\">Ausgehend von einer Datenbank mit 500.000 Abschl\u00fcssen geh\u00f6rt Granulati Zandobbio zu den 87 Unternehmen, die f\u00fcr die Teilnahme am Best Performing Award 2020\/2021\/2022\/2023 ausgew\u00e4hlt wurden, einer Initiative von SDA Bocconi, die sich wirtschaftlich hervorragenden italienischen Unternehmen widmet, die sich auf \u00f6kologische, soziale und Governance-Nachhaltigkeit konzentrieren.<\/h3>\n<\/div>\n<hr \/>\n<div class=\"shortcode2-3\">\n<a href=\"https:\/\/www.stonecity.it\/it\/\"><img class=\"colorbox-133\"  src=\"http:\/\/www.granulati.it\/wp-content\/uploads\/2018\/03\/STONECITY-marchio.jpg\" alt=\"stone-city\" width=\"350px;\" \/><\/a><\/p>\n<h2>DIE PERFEKTE KOMBINATION ZWISCHEN NATUR,<br \/>\nDEKORATION UND KULTUR DER LANDSCHAFTSARCHITEKTUR IN ALL IHREN FORMEN<\/h2>\n<p style=\"text-align: justify;\"><span style=\"color: #333333; font-family: 'Lucida Grande', Verdana, Arial, Helvetica, sans-serif;\"><br \/>\nSTONE CITY ist ein zauberhafter und faszinierender Ort, eine Inspirationsquelle f\u00fcr Lanschaftsarchitekturliebhaber: Hier k\u00f6nnen Sie die besten, mit Granulati Zandobbio Produkte geschafftenen L\u00f6sungen, der Architektur des Au\u03b2enbereiches sehen. Das Projekt STONE CITY \u00fcbersteigt alle Erwartungen an einen Showroom im Freien.<br \/>\n<\/span><\/p>\n<p style=\"text-align: justify;\"><span style=\"color: #333333; font-family: 'Lucida Grande', Verdana, Arial, Helvetica, sans-serif;\"><br \/>\nViele wertvolle Pflanzen und Essenzen werten dieses Gebiet aus, wo die Rolle des Wassers, des Lichts und der Kl\u00e4nge immer wichtiger in der modernen Dekoration des Au\u03b2enbereiches wird.<\/span><\/p>\n<p>&nbsp;<\/p>\n<p><a style=\"background-color: #006785; color: #ffffff; padding: 10px; margin-top: 10px; margin-button: 10px;\" href=\"https:\/\/www.stonecity.it\/de\/\" target=\"_blank\" rel=\"noopener noreferrer\"><strong>Finde mehr heraus<\/strong><\/a><br \/>\n&nbsp;<\/p>\n<\/div>\n<p>[\/column]<\/p>\n<div class=\"shortcode1-3\">\n<p><img loading=\"lazy\" class=\"wp-image-40049 size-full alignright colorbox-133\" src=\"http:\/\/www.granulati.it\/wp-content\/uploads\/2018\/04\/stonecity.jpg\" alt=\"\" width=\"460\" height=\"400\" srcset=\"https:\/\/www.granulati.it\/wp-content\/uploads\/2018\/04\/stonecity.jpg 460w, https:\/\/www.granulati.it\/wp-content\/uploads\/2018\/04\/stonecity-58x50.jpg 58w, https:\/\/www.granulati.it\/wp-content\/uploads\/2018\/04\/stonecity-300x261.jpg 300w\" sizes=\"(max-width: 460px) 100vw, 460px\" \/>\n<\/div>\n<p><a href=\"http:\/\/www.stonecity.it\/it\/\"><img class=\"alignnone wp-image-40048 size-full colorbox-133\" src=\"http:\/\/www.granulati.it\/wp-content\/uploads\/2018\/04\/La-Casa-in-Legno-StoneCity-stonecity-st_v_5207_5298_s.jpg\" alt=\"\" width=\"100%\" srcset=\"https:\/\/www.granulati.it\/wp-content\/uploads\/2018\/04\/La-Casa-in-Legno-StoneCity-stonecity-st_v_5207_5298_s.jpg 1280w, https:\/\/www.granulati.it\/wp-content\/uploads\/2018\/04\/La-Casa-in-Legno-StoneCity-stonecity-st_v_5207_5298_s-104x50.jpg 104w, https:\/\/www.granulati.it\/wp-content\/uploads\/2018\/04\/La-Casa-in-Legno-StoneCity-stonecity-st_v_5207_5298_s-300x145.jpg 300w, https:\/\/www.granulati.it\/wp-content\/uploads\/2018\/04\/La-Casa-in-Legno-StoneCity-stonecity-st_v_5207_5298_s-768x371.jpg 768w, https:\/\/www.granulati.it\/wp-content\/uploads\/2018\/04\/La-Casa-in-Legno-StoneCity-stonecity-st_v_5207_5298_s-1024x494.jpg 1024w\" sizes=\"(max-width: 1280px) 100vw, 1280px\" \/><\/a><\/p>\n<hr \/>\n<p>&nbsp;<\/p>\n<h2>UNTERNEHMENSGESCHICHTE<\/h2>\n<h3>90 JAHRE ERFAHRUNG<\/h3>\n<h5>Seit 1929 arbeiten vier Generationen von Unternehmern im Unternehmen in der Gemeinde Zandobbio in der Provinz Bergamo. Produktion und Lagerung erfolgen an 5 verschiedenen Standorten auf mehr als 200.000 m<sup>2<\/sup>.<\/h5>\n<p>&nbsp;<\/p>\n<div class=\"shortcode1-4\">\n<ul>\n<li>\n<h4>1929<\/h4>\n<p>Gino Sottocornola, der Urgro\u00dfvater der derzeitigen Inhaber, Direktor des Zementwerks des oberen Brembotals macht sich nach der Schlie\u00dfung des Werks selbstst\u00e4ndig und er\u00f6ffnet 1929 im Zentrum von Bergamo, in Via Borgo Palazzo, ein Lager f\u00fcr Zuschlagstoffe. Er beginnt Zuschlagstoffe f\u00fcr \u00f6rtliche Zementierer herzustellen und zu vertreiben.<\/li>\n<\/ul>\n<p>&nbsp;<\/p>\n<ul>\n<li>\n<h4>1934<\/h4>\n<p>Die Unternehmenst\u00e4tigkeit wird nach Zanobbio verlagert, in die N\u00e4he des Ortszentrums (Mulino). An diesem Ort entsteht der erste Steinbruch von Zanobbio f\u00fcr die Granulatproduktion des Zanobbio-Marmors.<\/li>\n<\/ul>\n<p>&nbsp;<\/p>\n<ul>\n<li>\n<h4>1950<\/h4>\n<p>Die T\u00e4tigkeit wird vom Ortszentrum zum Ortsteil \u201eSelva di Zandobbio\u201c (S.Anna) verlagert, wo aktuell noch immer Stein abgebaut wird.<\/li>\n<\/ul>\n<p>&nbsp;<\/p>\n<ul>\n<li>\n<h4>1955-1960<\/h4>\n<p>Er\u00f6ffnung von zwei weiteren Produktionsst\u00e4tten in Zandobbio (Ortschaft \u201eCarecchio\u201c und Ortschaft \u201eMadonne della Neve\u201c) zum Zermahlen von farbigem Marmor f\u00fcr die Herstellung von Zementfliesen.<\/li>\n<\/ul>\n<ul>\n<li>\n<h4>1970-1980<\/h4>\n<p>Erwerb von drei kleinen Steinbr\u00fcchen in der N\u00e4he des bereits aktiven Steinbruchs von S. Anna Auf diese Weise entsteht ein einziger gro\u00dfer Steinbruch, der noch heute verwendet wird.<\/li>\n<\/ul>\n<\/div>\n<div class=\"shortcode1-4\">\n<ul>\n<li>\n<h4>1972<\/h4>\n<p>Installation der ersten modernen Mahlanlage, um die wachsende industrielle Nachfrage der Glas-, Verputz- und Klebstoffbranche zu befriedigen.<\/li>\n<\/ul>\n<p>&nbsp;<\/p>\n<ul>\n<li>\n<h4>1980<\/h4>\n<p>Granulati Zandobbio srl tritt anstelle des urspr\u00fcnglichen historischen Familienunternehmens Sottocornola G. snc<\/li>\n<\/ul>\n<p>&nbsp;<\/p>\n<ul>\n<li>\n<h4>1985<\/h4>\n<p>Alle alten Anlagen werden demontiert, um eine einzige technisch fortschrittliche Anlage zu schaffen; das neue Werk wird im unteren Teil des Steinbruchs, einem wegen der visuellen und akustischen Wirkung strategischen Gebiet, angesiedelt.<\/li>\n<\/ul>\n<p>&nbsp;<\/p>\n<ul>\n<li>\n<h4>1990-1995<\/h4>\n<p>Die Anlage f\u00fcr die Marmorgranulatproduktion wird erneuert und das erste Kiesproduktionswerk errichtet.<\/li>\n<\/ul>\n<p>&nbsp;<\/p>\n<ul>\n<li>\n<h4>2000<\/h4>\n<p>Erneuerung des Kiesproduktionswerks, das heute noch in ganz Europa einmalige und avantgardistische Merkmale besitzt.<\/li>\n<\/ul>\n<p>&nbsp;<\/p>\n<ul>\n<li>\n<h4>2003-2006<\/h4>\n<p>Die Lager \u00fcfr Rohstoffe und Endprodukte in Zanobbio werden von 20.000 Quadratmetern auf eine Fl\u00e4che von 50.000 m\u00b2 erweitert.<\/li>\n<\/ul>\n<\/div>\n<div class=\"shortcode1-4\">\n<ul>\n<li>\n<h4>2006<\/h4>\n<p>Ab dem 1. Januar 2006 wird die Granulati Zandobbio srl zur Aktiengesellschaft.<\/li>\n<\/ul>\n<p>&nbsp;<\/p>\n<ul>\n<li>\n<h4>2008<\/h4>\n<p>Erwerb von Piazzale di Marmi Mecca (in den 60er-Jahren das weltweit bedeutendste Produktionsunternehmen von Marmorgranulat): 50.000 m\u00b2 in strategischer Lage an der Autobahn A4 Mailand-Venedig.<\/li>\n<\/ul>\n<p>&nbsp;<\/p>\n<ul>\n<li>\n<h4>2012<\/h4>\n<p>Entstehung von StoneCity, einem 3000 m\u00b2 gro\u00dfen permanenten Ausstellungspark, der die besten mit den Natursteinprodukten von Granulati Zandobbio geschaffenen Ambiente pr\u00e4sentiert. Ein in seiner Art weltweit einmaliges Gebiet.<\/li>\n<\/ul>\n<p>&nbsp;<\/p>\n<ul>\n<li>\n<h4>2013-2014<\/h4>\n<p>Errichtung des Kiesproduktionswerks dritter Generation, komplett automatisiert und mit nachhaltigen Eigenschaften in Bezug auf Umwelt- und Arbeitsschutz entwickelt.<\/li>\n<\/ul>\n<p>&nbsp;<\/p>\n<ul>\n<li>\n<h4>2015<\/h4>\n<p><strong>STONE CITY<\/strong> es gibt ein gro\u00dfartiges Marketing- und Kommunikationswerkzeug und es wird zu einer Mehrzweckstruktur von 5000 Quadratmetern, die jetzt in der Lage ist, ihren Kunden und Besuchern einen immer effizienteren Service zu bieten und jede Art von Veranstaltung zu veranstalten. L\u2019ALTRA PIETRA ist die Marke mit der eingetragenen Marke f\u00fcr Outdoor-Feinsteinzeugb\u00f6den mit der gr\u00f6\u00dften Auswahl auf dem Markt in dieser Kategorie.<\/li>\n<\/ul>\n<\/div>\n<div class=\"shortcode1-4\">\n<ul>\n<li>\n<h4>2016<\/h4>\n<p>Der restliche Teil des Platzes des ehemaligen Marmi Mekka wird erworben. Der Standort Bolgare, der heute 120.000 Quadratmeter umfasst, soll das logistische Herz des Unternehmens werden. STONE CITY wird zweiter Sponsor von Atalanta Bergamasca Calcio.<\/li>\n<\/ul>\n<p>&nbsp;<\/p>\n<ul>\n<li>\n<h4>2017<\/h4>\n<p>Granulati Zandobbio \u00f6ffnet eine Ausschreibung, um ein exklusives Projekt f\u00fcr den neuen Firmensitz zu finden, der auf dem Ausstellungsgel\u00e4nde von STONE CITY gebaut werden soll.<br \/>\n<a href=\"https:\/\/www.granulati.it\/de\/stone-city-hq\/\" target=\"_blank\" rel=\"noopener noreferrer\">&lt;buttontype=\u201dbutton\u201d style=&#8221;padding:4px; background-color:#95ad0d; color:white;&#8221;&gt;<strong>FINDE MEHR HERAUS<\/strong><\/a><\/li>\n<\/ul>\n<p>&nbsp;<\/p>\n<ul>\n<li>\n<h4>2018<\/h4>\n<p>+ 3000 m<sup>2<\/sup> Ausstellung von Feinsteinzeug pflaster.<\/li>\n<\/ul>\n<p>&nbsp;<\/p>\n<ul>\n<li>\n<h4>2019<\/h4>\n<p>Bau der neuen Unternehmenszentrale in Bolgare nach einem Projekt des Architekten, der den internationalen Wettbewerb 2017 gewonnen hat.<\/li>\n<\/ul>\n<\/div>\n<hr \/>\n<p>&nbsp;<\/p>\n<h2 style=\"font-size: 40px; font-weight: bold;\">MADE IN ITALY<\/h2>\n<p style=\"font-size: 14px;\">Die meisten unserer Natursteine \u200b\u200bstammen aus italienischen Steinbr\u00fcchen: Unser Territorium ist bekannt f\u00fcr die F\u00fclle an Materialien und Gesteinen unterschiedlicher Natur, die geologisch stark gepr\u00e4gt sind und immer f\u00fcr ihre \u00e4sthetischen Qualit\u00e4ten gesch\u00e4tzt werden.<\/p>\n<p>Wir sind spezialisiert auf die Herstellung und Verarbeitung feinster italienischer Murmeln (aber auch weltweiter Herkunft), um sie anschlie\u00dfend in dekorative Produkte f\u00fcr G\u00e4rten umzuwandeln.<\/p>\n<p>Die Zusammenarbeit mit den besten italienischen und ausl\u00e4ndischen Steinbr\u00fcchen garantiert Kunden und Betreibern daher die M\u00f6glichkeit, aus einer Vielzahl von Steinen, Murmeln, Graniten und Onyx mit einer F\u00fclle von Farben und Steinmaterialien zu w\u00e4hlen, die nur ein qualifizierter Partner wie Granulati Zandobbio bietet Kann anbieten.<\/p>\n<p><a href=\"http:\/\/www.granulati.it\/wp-content\/uploads\/2013\/06\/made-in-italy-cave1.jpg\"><img class=\"colorbox-133\"  src=\"http:\/\/www.granulati.it\/wp-content\/uploads\/2013\/06\/made-in-italy-cave1.jpg\" width=\"100%\" \/><\/a><\/p>\n<p>&nbsp;<\/p>\n<h4 style=\"text-align: center;\">Mitglied von:<\/h4>\n<p><img loading=\"lazy\" class=\"size-medium wp-image-42494 aligncenter colorbox-133\" src=\"http:\/\/www.granulati.it\/wp-content\/uploads\/2018\/07\/Logo_Member_of_CONFINDUSTRIA_MARMOMACCHINE_CLASSICO-300x112.jpg\" alt=\"\" width=\"300\" height=\"112\" srcset=\"https:\/\/www.granulati.it\/wp-content\/uploads\/2018\/07\/Logo_Member_of_CONFINDUSTRIA_MARMOMACCHINE_CLASSICO-300x112.jpg 300w, https:\/\/www.granulati.it\/wp-content\/uploads\/2018\/07\/Logo_Member_of_CONFINDUSTRIA_MARMOMACCHINE_CLASSICO-134x50.jpg 134w, https:\/\/www.granulati.it\/wp-content\/uploads\/2018\/07\/Logo_Member_of_CONFINDUSTRIA_MARMOMACCHINE_CLASSICO-768x286.jpg 768w, https:\/\/www.granulati.it\/wp-content\/uploads\/2018\/07\/Logo_Member_of_CONFINDUSTRIA_MARMOMACCHINE_CLASSICO-1024x381.jpg 1024w\" sizes=\"(max-width: 300px) 100vw, 300px\" \/><\/p>","protected":false},"excerpt":{"rendered":"<p>\u00dcBER UNS [\/column] &nbsp; UNTERNEHMENSGESCHICHTE 90 JAHRE ERFAHRUNG Seit 1929 arbeiten vier Generationen von Unternehmern im Unternehmen in der Gemeinde Zandobbio in der Provinz Bergamo. Produktion und Lagerung erfolgen an 5 verschiedenen Standorten auf mehr als 200.000 m2. &nbsp; &nbsp; MADE IN ITALY Die meisten unserer Natursteine \u200b\u200bstammen aus italienischen Steinbr\u00fcchen: Unser Territorium ist bekannt f\u00fcr die F\u00fclle an Materialien und Gesteinen unterschiedlicher Natur, die geologisch stark gepr\u00e4gt sind und immer f\u00fcr ihre \u00e4sthetischen Qualit\u00e4ten gesch\u00e4tzt werden. Wir sind spezialisiert auf die Herstellung und Verarbeitung feinster italienischer Murmeln (aber auch weltweiter Herkunft), um sie anschlie\u00dfend in dekorative Produkte f\u00fcr G\u00e4rten umzuwandeln. Die Zusammenarbeit mit den besten italienischen und ausl\u00e4ndischen Steinbr\u00fcchen garantiert Kunden und Betreibern daher die M\u00f6glichkeit, aus einer Vielzahl von Steinen, Murmeln, Graniten und Onyx mit einer F\u00fclle von Farben und Steinmaterialien zu w\u00e4hlen, die nur ein qualifizierter Partner wie Granulati Zandobbio bietet Kann anbieten. &nbsp; Mitglied von:<\/p>\n","protected":false},"author":1,"featured_media":0,"parent":0,"menu_order":0,"comment_status":"closed","ping_status":"closed","template":"chi_siamo2.php","meta":{"_links_to":"","_links_to_target":""},"aioseo_notices":[],"_links":{"self":[{"href":"https:\/\/www.granulati.it\/de\/wp-json\/wp\/v2\/pages\/133"}],"collection":[{"href":"https:\/\/www.granulati.it\/de\/wp-json\/wp\/v2\/pages"}],"about":[{"href":"https:\/\/www.granulati.it\/de\/wp-json\/wp\/v2\/types\/page"}],"author":[{"embeddable":true,"href":"https:\/\/www.granulati.it\/de\/wp-json\/wp\/v2\/users\/1"}],"replies":[{"embeddable":true,"href":"https:\/\/www.granulati.it\/de\/wp-json\/wp\/v2\/comments?post=133"}],"version-history":[{"count":269,"href":"https:\/\/www.granulati.it\/de\/wp-json\/wp\/v2\/pages\/133\/revisions"}],"predecessor-version":[{"id":84030,"href":"https:\/\/www.granulati.it\/de\/wp-json\/wp\/v2\/pages\/133\/revisions\/84030"}],"wp:attachment":[{"href":"https:\/\/www.granulati.it\/de\/wp-json\/wp\/v2\/media?parent=133"}],"curies":[{"name":"wp","href":"https:\/\/api.w.org\/{rel}","templated":true}]}}