{"id":131,"date":"2013-05-20T11:29:51","date_gmt":"2013-05-20T09:29:51","guid":{"rendered":"http:\/\/www.granulati.it\/it\/?page_id=131"},"modified":"2025-07-30T16:20:22","modified_gmt":"2025-07-30T14:20:22","slug":"storia","status":"publish","type":"page","link":"https:\/\/www.granulati.it\/de\/unternehmensgeschichte\/","title":{"rendered":"Unternehmensgeschichte"},"content":{"rendered":"<p><\/p>\n<h3 style=\"text-align: justify;\">\n<div class=\"shortcode1\"><\/div>\n<\/h3>\n<h1 style=\"text-align: left;\">80 Jahre Erfahrung in der Herstellung und Vermarktung von Kies und Granulaten<\/h1>\n<h6 style=\"text-align: justify;\">Vier Generationen von Unternehmern f\u00fchren nunmehr seit 1929 das in Zandobbio, Provinz Bergamo, in der Steinbranche t\u00e4tige Unternehmen. Produktion und Lagerung erfolgen in 5 verschiedenen Niederlassungen des Unternehmens auf einer Gesamtfl\u00e4che von 200.000 Quadratmetern.<\/h6>\n<\/div>\n<div style='clear:both; height:10px' ><\/div>\n<h5 style=\"text-align: justify;\">\n<div style='clear:both; height:10px' ><\/div>\n<\/h5>\n<div class=\"shortcode1-2\">\n<h5 style=\"text-align: justify;\"><strong>1929<\/strong><\/h5>\n<p style=\"text-align: justify;\">Gino Sottocornola, der Urgro\u00dfvater der derzeitigen Inhaber, Direktor des Zementwerks des oberen Brembotals macht sich nach der Schlie\u00dfung des Werks selbstst\u00e4ndig und er\u00f6ffnet 1929 im Zentrum von Bergamo, in Via Borgo Palazzo, ein Lager f\u00fcr Zuschlagstoffe. Er beginnt Zuschlagstoffe f\u00fcr \u00f6rtliche Zementierer herzustellen und zu vertreiben.<\/p>\n<p>&nbsp;<\/p>\n<h5 style=\"text-align: justify;\"><strong>1934<\/strong><\/h5>\n<p style=\"text-align: justify;\">Die Unternehmenst\u00e4tigkeit wird nach Zanobbio verlagert, in die N\u00e4he des Ortszentrums (Mulino). An diesem Ort entsteht der erste Steinbruch von Zanobbio f\u00fcr die Granulatproduktion des Zanobbio-Marmors.<\/p>\n<p>&nbsp;<\/p>\n<h5 style=\"text-align: justify;\"><strong>1950<\/strong><\/h5>\n<p style=\"text-align: justify;\">Die T\u00e4tigkeit wird vom Ortszentrum zum Ortsteil \u201eSelva di Zandobbio\u201c (S.Anna) verlagert, wo aktuell noch immer Stein abgebaut wird.<\/p>\n<p>&nbsp;<\/p>\n<h5 style=\"text-align: justify;\"><strong>1955-1960<\/strong><\/h5>\n<p style=\"text-align: justify;\">Er\u00f6ffnung von zwei weiteren Produktionsst\u00e4tten in Zandobbio (Ortschaft \u201eCarecchio\u201c und Ortschaft \u201eMadonne della Neve\u201c) zum Zermahlen von farbigem Marmor f\u00fcr die Herstellung von Zementfliesen.<\/p>\n<p style=\"text-align: justify;\">\n<div style='clear:both; height:10px' ><\/div>\n<\/p>\n<p>&nbsp;<\/p>\n<h5 style=\"text-align: justify;\"><strong>1970-1980<\/strong><\/h5>\n<p style=\"text-align: justify;\">Erwerb von drei kleinen Steinbr\u00fcchen in der N\u00e4he des bereits aktiven Steinbruchs von S. Anna Auf diese Weise entsteht ein einziger gro\u00dfer Steinbruch, der noch heute verwendet wird.<\/p>\n<p>&nbsp;<\/p>\n<h5 style=\"text-align: justify;\"><strong>1972<\/strong><\/h5>\n<p style=\"text-align: justify;\">Installation der ersten modernen Mahlanlage, um die wachsende industrielle Nachfrage der Glas-, Verputz- und Klebstoffbranche zu befriedigen.<\/p>\n<p>&nbsp;<\/p>\n<h5 style=\"text-align: justify;\"><strong>1980<\/strong><\/h5>\n<p style=\"text-align: justify;\">Granulati Zandobbio srl tritt anstelle des urspr\u00fcnglichen historischen Familienunternehmens Sottocornola G. snc<\/p>\n<p>&nbsp;<\/p>\n<h5 style=\"text-align: justify;\"><strong>1985<\/strong><\/h5>\n<p style=\"text-align: justify;\">Alle alten Anlagen werden demontiert, um eine einzige technisch fortschrittliche Anlage zu schaffen; das neue Werk wird im unteren Teil des Steinbruchs, einem wegen der visuellen und akustischen Wirkung strategischen Gebiet, angesiedelt.<\/p>\n<p>&nbsp;<\/p>\n<h5 style=\"text-align: justify;\"><strong>1990-1995<\/strong><\/h5>\n<p style=\"text-align: justify;\">Die Anlage f\u00fcr die Marmorgranulatproduktion wird erneuert und das erste Kiesproduktionswerk errichtet.<\/p>\n<h5><\/div>\n<\/h5>\n<h5>\n<div class=\"shortcode1-2\"><\/h5>\n<h5 style=\"text-align: justify;\"><strong>2000<\/strong><\/h5>\n<p style=\"text-align: justify;\">Erneuerung des Kiesproduktionswerks, das heute noch in ganz Europa einmalige und avantgardistische Merkmale besitzt.<\/p>\n<p>&nbsp;<\/p>\n<h5 style=\"text-align: justify;\"><strong>2003-2006\u00a0<\/strong><\/h5>\n<p style=\"text-align: justify;\">Die Lager \u00fcfr Rohstoffe und Endprodukte in Zanobbio werden von 20.000 Quadratmetern auf eine Fl\u00e4che von 50.000 m\u00b2 erweitert.<\/p>\n<p>&nbsp;<\/p>\n<h5 style=\"text-align: justify;\"><strong>2006<\/strong><\/h5>\n<p style=\"text-align: justify;\">Ab dem 1. Januar 2006 wird die Granulati Zandobbio srl zur Aktiengesellschaft.<\/p>\n<p>&nbsp;<\/p>\n<h5 style=\"text-align: justify;\"><strong>2008<\/strong><\/h5>\n<p style=\"text-align: justify;\">Erwerb von Piazzale di Marmi Mecca (in den 60er-Jahren das weltweit bedeutendste Produktionsunternehmen von Marmorgranulat): 50.000 m\u00b2 in strategischer Lage an der Autobahn A4 Mailand-Venedig.<\/p>\n<p>&nbsp;<\/p>\n<h5 style=\"text-align: justify;\"><strong>2012<\/strong><\/h5>\n<p style=\"text-align: justify;\">Entstehung von StoneCity, einem 3000 m\u00b2 gro\u00dfen permanenten Ausstellungspark, der die besten mit den Natursteinprodukten von Granulati Zandobbio geschaffenen Ambiente pr\u00e4sentiert. Ein in seiner Art weltweit einmaliges Gebiet.<\/p>\n<p>&nbsp;<\/p>\n<h5 style=\"text-align: justify;\"><strong>2013-2014<\/strong><\/h5>\n<p style=\"text-align: justify;\">Errichtung des Kiesproduktionswerks dritter Generation, komplett automatisiert und mit nachhaltigen Eigenschaften in Bezug auf Umwelt- und Arbeitsschutz entwickelt.<\/p>\n<p>&nbsp;<\/p>\n<h5 style=\"text-align: justify;\"><strong>2015<\/strong><\/h5>\n<p style=\"text-align: justify;\"><strong style=\"font-size: 16px;\">STONE CITY<\/strong><span style=\"font-size: 16px;\">\u00a0<\/span>es gibt ein gro\u00dfartiges Marketing- und Kommunikationswerkzeug und es wird zu einer Mehrzweckstruktur von 5000 Quadratmetern, die jetzt in der Lage ist, ihren Kunden und Besuchern einen immer effizienteren Service zu bieten und jede Art von Veranstaltung zu veranstalten. L&#8217;ALTRA PIETRA ist die Marke mit der eingetragenen Marke f\u00fcr Outdoor-Feinsteinzeugb\u00f6den mit der gr\u00f6\u00dften Auswahl auf dem Markt in dieser Kategorie.<\/p>\n<p>&nbsp;<\/p>\n<h5 style=\"text-align: justify;\"><strong>2016<\/strong><\/h5>\n<p style=\"text-align: justify;\">Der restliche Teil des Platzes des ehemaligen Marmi Mekka wird erworben. Der Standort Bolgare, der heute 120.000 Quadratmeter umfasst, soll das logistische Herz des Unternehmens werden. STONE CITY wird zweiter Sponsor von Atalanta Bergamasca Calcio.<\/p>\n<p>&nbsp;<br \/>\n&nbsp;<\/p>\n<hr \/>\n<h2 style=\"text-align: left;\">Das Unternehmen ist zertifiziert:<\/h2>\n<div style=\"float: left; padding: 15px;\">\n<p style=\"text-align: center;\">ISO 9001:2015<br \/>\n(Qualit\u00e4t)<\/p>\n<p style=\"text-align: center;\"><img class=\"wp-image-39613 aligncenter colorbox-131\" src=\"http:\/\/www.granulati.it\/wp-content\/uploads\/2018\/03\/IQNet-50x50.jpg\" alt=\"\" width=\"130\" srcset=\"https:\/\/www.granulati.it\/wp-content\/uploads\/2018\/03\/IQNet-50x50.jpg 50w, https:\/\/www.granulati.it\/wp-content\/uploads\/2018\/03\/IQNet-300x300.jpg 300w, https:\/\/www.granulati.it\/wp-content\/uploads\/2018\/03\/IQNet-472x472.jpg 472w, https:\/\/www.granulati.it\/wp-content\/uploads\/2018\/03\/IQNet-150x150.jpg 150w, https:\/\/www.granulati.it\/wp-content\/uploads\/2018\/03\/IQNet.jpg 618w\" sizes=\"(max-width: 50px) 100vw, 50px\" \/><\/p>\n<\/div>\n<div style=\"float: left; padding: 15px; text-align: center;\">\n<p style=\"text-align: center;\">ISO 14001:2015<br \/>\n(\u00f6kologische Nachhaltigkeit)<\/p>\n<p><img class=\"wp-image-39619 aligncenter colorbox-131\" src=\"http:\/\/www.granulati.it\/wp-content\/uploads\/2018\/03\/iso-14001-environmental-management-system-500x500-1-50x50.png\" alt=\"\" width=\"130\" srcset=\"https:\/\/www.granulati.it\/wp-content\/uploads\/2018\/03\/iso-14001-environmental-management-system-500x500-1-50x50.png 50w, https:\/\/www.granulati.it\/wp-content\/uploads\/2018\/03\/iso-14001-environmental-management-system-500x500-1-300x300.png 300w, https:\/\/www.granulati.it\/wp-content\/uploads\/2018\/03\/iso-14001-environmental-management-system-500x500-1-472x472.png 472w, https:\/\/www.granulati.it\/wp-content\/uploads\/2018\/03\/iso-14001-environmental-management-system-500x500-1-150x150.png 150w, https:\/\/www.granulati.it\/wp-content\/uploads\/2018\/03\/iso-14001-environmental-management-system-500x500-1.png 476w\" sizes=\"(max-width: 50px) 100vw, 50px\" \/><\/p>\n<\/div>\n<div style=\"float: left; padding: 15px;\">\n<p style=\"text-align: center;\">Confindustria Marmomacchine<\/p>\n<p><img class=\"alignnone wp-image-39613 aligncenter colorbox-131\" src=\"http:\/\/www.granulati.it\/wp-content\/uploads\/2018\/03\/CMM.png\" alt=\"\" width=\"130\" \/><\/p>\n<\/div>\n<p><\/p>","protected":false},"excerpt":{"rendered":"<p>Leider ist der Eintrag nur auf Italienisch verf\u00fcgbar.<\/p>\n","protected":false},"author":1,"featured_media":0,"parent":0,"menu_order":0,"comment_status":"open","ping_status":"closed","template":"","meta":{"_links_to":"","_links_to_target":""},"aioseo_notices":[],"_links":{"self":[{"href":"https:\/\/www.granulati.it\/de\/wp-json\/wp\/v2\/pages\/131"}],"collection":[{"href":"https:\/\/www.granulati.it\/de\/wp-json\/wp\/v2\/pages"}],"about":[{"href":"https:\/\/www.granulati.it\/de\/wp-json\/wp\/v2\/types\/page"}],"author":[{"embeddable":true,"href":"https:\/\/www.granulati.it\/de\/wp-json\/wp\/v2\/users\/1"}],"replies":[{"embeddable":true,"href":"https:\/\/www.granulati.it\/de\/wp-json\/wp\/v2\/comments?post=131"}],"version-history":[{"count":67,"href":"https:\/\/www.granulati.it\/de\/wp-json\/wp\/v2\/pages\/131\/revisions"}],"predecessor-version":[{"id":39673,"href":"https:\/\/www.granulati.it\/de\/wp-json\/wp\/v2\/pages\/131\/revisions\/39673"}],"wp:attachment":[{"href":"https:\/\/www.granulati.it\/de\/wp-json\/wp\/v2\/media?parent=131"}],"curies":[{"name":"wp","href":"https:\/\/api.w.org\/{rel}","templated":true}]}}