{"id":128,"date":"2013-05-20T11:29:08","date_gmt":"2013-05-20T09:29:08","guid":{"rendered":"http:\/\/www.granulati.it\/it\/?page_id=128"},"modified":"2026-04-21T09:22:37","modified_gmt":"2026-04-21T07:22:37","slug":"home","status":"publish","type":"page","link":"https:\/\/www.granulati.it\/de\/","title":{"rendered":"Home"},"content":{"rendered":"<div id=\"pl-128\"  class=\"panel-layout\" ><div id=\"pg-128-0\"  class=\"panel-grid panel-has-style\" ><div class=\"siteorigin-panels-stretch panel-row-style panel-row-style-for-128-0\" data-stretch-type=\"full-width-stretch\" ><div id=\"pgc-128-0-0\"  class=\"panel-grid-cell\" ><div id=\"panel-128-0-0-0\" class=\"widget_text so-panel widget widget_custom_html panel-first-child panel-last-child\" data-index=\"0\" ><div class=\"widget_text panel-widget-style panel-widget-style-for-128-0-0-0\" ><div class=\"textwidget custom-html-widget\"><\/div><\/div><\/div><\/div><\/div><\/div><div id=\"pg-128-1\"  class=\"panel-grid panel-has-style\" ><div class=\"panel-row-style panel-row-style-for-128-1\" ><div id=\"pgc-128-1-0\"  class=\"panel-grid-cell\" ><div id=\"panel-128-1-0-0\" class=\"widget_text so-panel widget widget_custom_html panel-first-child panel-last-child\" data-index=\"1\" ><div class=\"textwidget custom-html-widget\"><h1 style = \"text-align: center;\">\nREFERENZPUNKT IN DER PRODUKTION UND DEM VERTRIEB VON PRODUKTEN DER LANDSCHAFTSARCHITEKTUR\n<\/h1>\n<h2 style=\"text-align:center; font-size:20px;\">\n\t<strong>Kieselsteine, Granulate, Monolithe, B\u00f6den und W\u00e4nde aus Natur- und Sinterstein<\/strong>, aber auch <strong>Garteneinfassungen<\/strong> aus verschiedenen Materialien oder <strong>dekorative und funktionelle Gabionen<\/strong> f\u00fcr den Garten. \n<\/h2><\/div><\/div><\/div><\/div><\/div><div id=\"pg-128-2\"  class=\"panel-grid panel-has-style\" ><div class=\"panel-row-style panel-row-style-for-128-2\" ><div id=\"pgc-128-2-0\"  class=\"panel-grid-cell\" ><div id=\"panel-128-2-0-0\" class=\"widget_text so-panel widget widget_custom_html panel-first-child panel-last-child\" data-index=\"2\" ><div class=\"widget_text panel-widget-style panel-widget-style-for-128-2-0-0\" ><div class=\"textwidget custom-html-widget\"><img class=\"colorbox-128\"  style=\"width:100px; margin:0 auto; align:center\" src=\"http:\/\/www.granulati.it\/wp-content\/uploads\/2022\/08\/80paesi.jpg\"\/>\n\n\n\n\n\n\n<h4 style=\"text-align:center;\">\n\tExportl\u00e4nder\n<\/h4><\/div><\/div><\/div><\/div><div id=\"pgc-128-2-1\"  class=\"panel-grid-cell\" ><div id=\"panel-128-2-1-0\" class=\"widget_text so-panel widget widget_custom_html panel-first-child panel-last-child\" data-index=\"3\" ><div class=\"textwidget custom-html-widget\"><img class=\"colorbox-128\"  style=\"width:100px; margin:0 auto; align:center\" src=\"http:\/\/www.granulati.it\/wp-content\/uploads\/2022\/08\/10.000.jpg\"\/>\n\n\n\n\n\n\n<h4 style=\"text-align:center;\">\n\tVerf\u00fcgbare Produkte\n<\/h4><\/div><\/div><\/div><div id=\"pgc-128-2-2\"  class=\"panel-grid-cell\" ><div id=\"panel-128-2-2-0\" class=\"widget_text so-panel widget widget_custom_html panel-first-child panel-last-child\" data-index=\"4\" ><div class=\"widget_text panel-widget-style panel-widget-style-for-128-2-2-0\" ><div class=\"textwidget custom-html-widget\"><img class=\"colorbox-128\"  style=\"width:100px; margin:0 auto; align:center\" src=\"http:\/\/www.granulati.it\/wp-content\/uploads\/2022\/08\/90esperienza.jpg\"\/>\n\n\n\n\n\n\n<h4 style=\"text-align:center;\">\n\tLangj\u00e4hrige Erfahrung\n<\/h4><\/div><\/div><\/div><\/div><\/div><\/div><div id=\"pg-128-3\"  class=\"panel-grid panel-has-style\" ><div class=\"panel-row-style panel-row-style-for-128-3\" ><div id=\"pgc-128-3-0\"  class=\"panel-grid-cell\" ><div id=\"panel-128-3-0-0\" class=\"widget_text so-panel widget widget_custom_html panel-first-child panel-last-child\" data-index=\"5\" ><div class=\"widget_text panel-widget-style panel-widget-style-for-128-3-0-0\" ><div class=\"textwidget custom-html-widget\"><hr style=\"margin:0px;\">\n\n\n\n\n\n<h4 style=\"margin:0px; font-size:30px; text-align:center;\">\n<strong>\tSIND SIE EIN DESIGNER <br\/>ODER EIN EINZELH\u00c4NDLER?<\/strong>\t\n<\/h4>\n\n\n\n<hr style=\"margin:0px;\"><\/div><\/div><\/div><\/div><div id=\"pgc-128-3-1\"  class=\"panel-grid-cell\" ><div id=\"panel-128-3-1-0\" class=\"widget_text so-panel widget widget_custom_html panel-first-child panel-last-child\" data-index=\"6\" ><div class=\"textwidget custom-html-widget\"><a target=\"blank\" href=\"https:\/\/www.granulati.it\/de\/kontakte\/\" rel=\"noopener\"><img class=\"colorbox-128\"  style=\"width:100%; margin:0 auto; align:center;\" src=\"http:\/\/www.granulati.it\/wp-content\/uploads\/2022\/08\/GZ-bottone-DE.jpg\"\/><\/a><\/div><\/div><\/div><\/div><\/div><div id=\"pg-128-4\"  class=\"panel-grid panel-no-style\" ><div id=\"pgc-128-4-0\"  class=\"panel-grid-cell\" ><div id=\"panel-128-4-0-0\" class=\"widget_text so-panel widget widget_custom_html panel-first-child\" data-index=\"7\" ><div class=\"textwidget custom-html-widget\"><a href=\"http:\/\/www.granulati.it\/de\/produkte\/pebbles\/\" target=\"blank\" rel=\"noopener\"><img class=\"colorbox-128\"  src=\"https:\/\/www.granulati.it\/wp-content\/uploads\/2022\/08\/ciottoli-1.gif\"\/><\/a><\/div><\/div><div id=\"panel-128-4-0-1\" class=\"widget_text so-panel widget widget_custom_html\" data-index=\"8\" ><div class=\"textwidget custom-html-widget\"><h2 style=\"text-align:center;\"><strong>KIES<\/strong><\/h2><\/div><\/div><div id=\"panel-128-4-0-2\" class=\"widget_text so-panel widget widget_custom_html\" data-index=\"9\" ><div class=\"textwidget custom-html-widget\"><a href=\"https:\/\/www.granulati.it\/de\/produkte\/gravels\/\" target=\"blank\" rel=\"noopener\"><img class=\"colorbox-128\"  src=\"https:\/\/www.granulati.it\/wp-content\/uploads\/2022\/08\/granulati-1.gif\"\/><\/a><\/div><\/div><div id=\"panel-128-4-0-3\" class=\"widget_text so-panel widget widget_custom_html\" data-index=\"10\" ><div class=\"textwidget custom-html-widget\"><h2 style=\"text-align:center;\"><strong>SPLITT<\/strong><\/h2><\/div><\/div><div id=\"panel-128-4-0-4\" class=\"widget_text so-panel widget widget_custom_html\" data-index=\"11\" ><div class=\"textwidget custom-html-widget\"><a href=\"http:\/\/www.sinteredstone.it\/de\/\" target=\"blank\" rel=\"noopener\"><img class=\"colorbox-128\"  src=\"http:\/\/www.granulati.it\/wp-content\/uploads\/2022\/08\/pietra-sinterizzata-1.gif\"\/><\/a><\/div><\/div><div id=\"panel-128-4-0-5\" class=\"widget_text so-panel widget widget_custom_html\" data-index=\"12\" ><div class=\"textwidget custom-html-widget\"><h2 style=\"text-align:center;\"><strong>FEINSTEINZEUG<\/strong><\/h2><\/div><\/div><div id=\"panel-128-4-0-6\" class=\"widget_text so-panel widget widget_custom_html\" data-index=\"13\" ><div class=\"textwidget custom-html-widget\"><a href=\"https:\/\/www.granulati.it\/de\/produkte\/monoliths\/\" target=\"blank\" rel=\"noopener\"><img class=\"colorbox-128\"  src=\"http:\/\/www.granulati.it\/wp-content\/uploads\/2022\/08\/monoliti.gif\"\/><\/a><\/div><\/div><div id=\"panel-128-4-0-7\" class=\"widget_text so-panel widget widget_custom_html\" data-index=\"14\" ><div class=\"textwidget custom-html-widget\"><h2 style=\"text-align:center;\"><strong>MONOLITHE<\/strong><\/h2><\/div><\/div><div id=\"panel-128-4-0-8\" class=\"widget_text so-panel widget widget_custom_html\" data-index=\"15\" ><div class=\"textwidget custom-html-widget\"><a href=\"https:\/\/www.granulati.it\/de\/produkte\/zusatzprodukte-fur-haus-und-garten\/\" target=\"blank\" rel=\"noopener\"><img class=\"colorbox-128\"  src=\"http:\/\/www.granulati.it\/wp-content\/uploads\/2022\/08\/garden.gif\"\/><\/a><\/div><\/div><div id=\"panel-128-4-0-9\" class=\"widget_text so-panel widget widget_custom_html panel-last-child\" data-index=\"16\" ><div class=\"textwidget custom-html-widget\"><h2 style=\"text-align:center; margin-bottom:3px;\"><strong>GARTENM\u00d6BEL<\/strong><\/h2><\/div><\/div><\/div><div id=\"pgc-128-4-1\"  class=\"panel-grid-cell\" ><div id=\"panel-128-4-1-0\" class=\"widget_text so-panel widget widget_custom_html panel-first-child\" data-index=\"17\" ><div class=\"textwidget custom-html-widget\"><a href=\"https:\/\/www.granulati.it\/de\/easi-hold\/\" target=\"blank\" rel=\"noopener\"><img class=\"colorbox-128\"  src=\"http:\/\/www.granulati.it\/wp-content\/uploads\/2025\/05\/easihold.gif\"\/><\/a><\/div><\/div><div id=\"panel-128-4-1-1\" class=\"widget_text so-panel widget widget_custom_html\" data-index=\"18\" ><div class=\"textwidget custom-html-widget\"><h2 style=\"text-align:center; margin-bottom:3px;\"><strong>EASIHOLD<\/strong><\/h2><\/div><\/div><div id=\"panel-128-4-1-2\" class=\"widget_text so-panel widget widget_custom_html\" data-index=\"19\" ><div class=\"textwidget custom-html-widget\"><a href=\"https:\/\/www.granulati.it\/de\/produkte\/naturstein-bodenbelage\/\" target=\"blank\" rel=\"noopener\"><img class=\"colorbox-128\"  src=\"http:\/\/www.granulati.it\/wp-content\/uploads\/2022\/08\/pavimenti-pietra-naturale-1.gif\"\/><\/a><\/div><\/div><div id=\"panel-128-4-1-3\" class=\"widget_text so-panel widget widget_custom_html\" data-index=\"20\" ><div class=\"textwidget custom-html-widget\"><h2 style=\"text-align:center;\"><strong>NAT\u00dcRLICHE STEINBAUERUNG<\/strong><\/h2><\/div><\/div><div id=\"panel-128-4-1-4\" class=\"widget_text so-panel widget widget_custom_html\" data-index=\"21\" ><div class=\"textwidget custom-html-widget\"><a href=\"https:\/\/www.fastbase.it\/\" target=\"blank\" rel=\"noopener\"><img class=\"colorbox-128\"  src=\"http:\/\/www.granulati.it\/wp-content\/uploads\/2025\/05\/fastbase.gif\"\/><\/a><\/div><\/div><div id=\"panel-128-4-1-5\" class=\"widget_text so-panel widget widget_custom_html\" data-index=\"22\" ><div class=\"textwidget custom-html-widget\"><h2 style=\"text-align:center; margin-bottom:3px;\"><strong>FASTBASE<\/strong><\/h2><\/div><\/div><div id=\"panel-128-4-1-6\" class=\"widget_text so-panel widget widget_custom_html\" data-index=\"23\" ><div class=\"textwidget custom-html-widget\"><a href=\"https:\/\/www.granulati.it\/de\/produkte\/mauern-steinblocke-und-verkleidungen\/\" target=\"blank\" rel=\"noopener\"><img class=\"colorbox-128\"  src=\"http:\/\/www.granulati.it\/wp-content\/uploads\/2022\/08\/muretti-2.gif\"\/><\/a><\/div><\/div><div id=\"panel-128-4-1-7\" class=\"widget_text so-panel widget widget_custom_html\" data-index=\"24\" ><div class=\"textwidget custom-html-widget\"><h2 style=\"text-align:center;\"><strong>W\u00c4NDE UND VERKLEIDUNGEN<\/strong><\/h2><\/div><\/div><div id=\"panel-128-4-1-8\" class=\"widget_text so-panel widget widget_custom_html\" data-index=\"25\" ><div class=\"textwidget custom-html-widget\"><a href=\"https:\/\/www.granulati.it\/de\/produkte\/accessory-products-2\/\" target=\"blank\" rel=\"noopener\"><img class=\"colorbox-128\"  src=\"http:\/\/www.granulati.it\/wp-content\/uploads\/2022\/08\/prodotti-complementari.gif\"\/><\/a><\/div><\/div><div id=\"panel-128-4-1-9\" class=\"widget_text so-panel widget widget_custom_html panel-last-child\" data-index=\"26\" ><div class=\"textwidget custom-html-widget\"><h2 style=\"text-align:center; margin-bottom:3px;\"><strong>ERG\u00c4NZENDE PRODUKTE<\/strong><\/h2><\/div><\/div><\/div><\/div><div id=\"pg-128-5\"  class=\"panel-grid panel-no-style\" ><div id=\"pgc-128-5-0\"  class=\"panel-grid-cell\" ><div id=\"panel-128-5-0-0\" class=\"widget_text so-panel widget widget_custom_html panel-first-child panel-last-child\" data-index=\"27\" ><div class=\"textwidget custom-html-widget\"><hr><\/div><\/div><\/div><\/div><div id=\"pg-128-6\"  class=\"panel-grid panel-no-style\" ><div id=\"pgc-128-6-0\"  class=\"panel-grid-cell\" ><div id=\"panel-128-6-0-0\" class=\"widget_text so-panel widget widget_custom_html panel-first-child panel-last-child\" data-index=\"28\" ><div class=\"textwidget custom-html-widget\"><h2 style=\"color:#006181;\"><strong>GRANULATI ZANDOBBIO<\/strong><\/h2>\n<p style=\"font-size:14px;\">\n\tDer Bezugspunkt bei der Herstellung und dem Vertrieb einer breiten Palette von Produkten rund um die Welt der Landschaftsarchitektur: Fu\u00dfb\u00f6den aus Feinsteinzeug, Feinsteinzeug und Naturstein, Beschichtungen, Monolithe und dekorative Produkte f\u00fcr die Einrichtung von G\u00e4rten und Au\u00dfenbereichen, die zu finden sind ihren besten Ausdruck in STONE CITY.\n<\/p>\n<br\/>\n<form action=\"https:\/\/www.granulati.it\/it\/azienda\/chi-siamo\/\">\n  <button style=\"font-size:15px; background-color:#006181; color:white;\" type=\"submit\">\n    Finde mehr heraus \u279f\n  <\/button>  \n<\/form><\/div><\/div><\/div><div id=\"pgc-128-6-1\"  class=\"panel-grid-cell\" ><div id=\"panel-128-6-1-0\" class=\"so-panel widget widget_media_image panel-first-child panel-last-child\" data-index=\"29\" ><img width=\"1920\" height=\"814\" src=\"https:\/\/www.granulati.it\/wp-content\/uploads\/2022\/08\/Sub-header7.jpg\" class=\"image wp-image-76723  attachment-full size-full colorbox-128 \" alt=\"\" loading=\"lazy\" style=\"max-width: 100%; height: auto;\" srcset=\"https:\/\/www.granulati.it\/wp-content\/uploads\/2022\/08\/Sub-header7.jpg 1920w, https:\/\/www.granulati.it\/wp-content\/uploads\/2022\/08\/Sub-header7-300x127.jpg 300w, https:\/\/www.granulati.it\/wp-content\/uploads\/2022\/08\/Sub-header7-1024x434.jpg 1024w, https:\/\/www.granulati.it\/wp-content\/uploads\/2022\/08\/Sub-header7-118x50.jpg 118w, https:\/\/www.granulati.it\/wp-content\/uploads\/2022\/08\/Sub-header7-768x326.jpg 768w, https:\/\/www.granulati.it\/wp-content\/uploads\/2022\/08\/Sub-header7-1536x651.jpg 1536w\" sizes=\"(max-width: 1920px) 100vw, 1920px\" \/><\/div><\/div><\/div><div id=\"pg-128-7\"  class=\"panel-grid panel-has-style\" ><div class=\"panel-row-style panel-row-style-for-128-7\" ><div id=\"pgc-128-7-0\"  class=\"panel-grid-cell\" ><div id=\"panel-128-7-0-0\" class=\"widget_text so-panel widget widget_custom_html panel-first-child panel-last-child\" data-index=\"30\" ><div class=\"widget_text panel-widget-style panel-widget-style-for-128-7-0-0\" ><div class=\"textwidget custom-html-widget\"><hr style=\"margin-bottom:0px;\"\/><\/div><\/div><\/div><\/div><\/div><\/div><div id=\"pg-128-8\"  class=\"panel-grid panel-no-style\" ><div id=\"pgc-128-8-0\"  class=\"panel-grid-cell\" ><div id=\"panel-128-8-0-0\" class=\"so-panel widget widget_sow-image panel-first-child panel-last-child\" data-index=\"31\" ><div\n\t\t\t\n\t\t\tclass=\"so-widget-sow-image so-widget-sow-image-default-8b5b6f678277-128\"\n\t\t\t\n\t\t>\n<div class=\"sow-image-container\">\n\t\t\t<a href=\"https:\/\/www.granulati.it\/it\/media\/news\/\"\n\t\t\ttarget=\"_blank\" rel=\"noopener noreferrer\" \t\t>\n\t\t\t<img \n\tsrc=\"http:\/\/www.granulati.it\/wp-content\/uploads\/2022\/03\/newsletter1.jpg\" title=\"NEWSLETTER\" alt=\"Iscriviti alla newsletter\" loading=\"lazy\" \t\tclass=\"so-widget-image\"\/>\n\t\t\t<\/a><\/div>\n\n<\/div><\/div><\/div><div id=\"pgc-128-8-1\"  class=\"panel-grid-cell\" ><div id=\"panel-128-8-1-0\" class=\"so-panel widget widget_text panel-first-child panel-last-child\" data-index=\"32\" >\t\t\t<div class=\"textwidget\"><h3>Abonnieren Sie den Newsletter<\/h3>\n<p>Entdecken Sie alle Neuigkeiten von Granulati Zandobbio. Melden Sie sich f\u00fcr unseren Newsletter an und Sie erhalten eine Vorschau auf neue Produkteinf\u00fchrungen, Neuigkeiten zu bestehenden, neue Projekte und vieles mehr.<\/p>\n<\/div>\n\t\t<\/div><\/div><\/div><div id=\"pg-128-9\"  class=\"panel-grid panel-has-style\" ><div class=\"siteorigin-panels-stretch panel-row-style panel-row-style-for-128-9\" data-stretch-type=\"full-width-stretch\" ><div id=\"pgc-128-9-0\"  class=\"panel-grid-cell\" ><div id=\"panel-128-9-0-0\" class=\"widget_text so-panel widget widget_custom_html panel-first-child panel-last-child\" data-index=\"33\" ><div class=\"widget_text panel-widget-style panel-widget-style-for-128-9-0-0\" ><div class=\"textwidget custom-html-widget\"><\/div><\/div><\/div><\/div><\/div><\/div><div id=\"pg-128-10\"  class=\"panel-grid panel-no-style\" ><div id=\"pgc-128-10-0\"  class=\"panel-grid-cell\" ><div id=\"panel-128-10-0-0\" class=\"widget_text so-panel widget widget_custom_html panel-first-child panel-last-child\" data-index=\"34\" ><div class=\"textwidget custom-html-widget\"><hr><\/div><\/div><\/div><\/div><\/div>","protected":false},"excerpt":{"rendered":"<p>REFERENZPUNKT IN DER PRODUKTION UND DEM VERTRIEB VON PRODUKTEN DER LANDSCHAFTSARCHITEKTUR Kieselsteine, Granulate, Monolithe, B\u00f6den und W\u00e4nde aus Natur- und Sinterstein, aber auch Garteneinfassungen aus verschiedenen Materialien oder dekorative und funktionelle Gabionen f\u00fcr den Garten. Exportl\u00e4nder Verf\u00fcgbare Produkte Langj\u00e4hrige Erfahrung SIND SIE EIN DESIGNER ODER EIN EINZELH\u00c4NDLER? KIESSPLITTFEINSTEINZEUGMONOLITHEGARTENM\u00d6BELEASIHOLDNAT\u00dcRLICHE STEINBAUERUNGFASTBASEW\u00c4NDE UND VERKLEIDUNGENERG\u00c4NZENDE PRODUKTEGRANULATI ZANDOBBIO Der Bezugspunkt bei der Herstellung und dem Vertrieb einer breiten Palette von Produkten rund um die Welt der Landschaftsarchitektur: Fu\u00dfb\u00f6den aus Feinsteinzeug, Feinsteinzeug und Naturstein, Beschichtungen, Monolithe und dekorative Produkte f\u00fcr die Einrichtung von G\u00e4rten und Au\u00dfenbereichen, die zu finden sind ihren besten Ausdruck in STONE CITY. Finde mehr heraus \u279f Abonnieren Sie den Newsletter Entdecken Sie alle Neuigkeiten von Granulati Zandobbio. Melden Sie sich f\u00fcr unseren Newsletter an und Sie erhalten eine Vorschau auf neue Produkteinf\u00fchrungen, Neuigkeiten zu bestehenden, neue Projekte und vieles mehr.<\/p>\n","protected":false},"author":1,"featured_media":0,"parent":0,"menu_order":1,"comment_status":"closed","ping_status":"closed","template":"page-home.php","meta":{"_links_to":"","_links_to_target":""},"aioseo_notices":[],"_links":{"self":[{"href":"https:\/\/www.granulati.it\/de\/wp-json\/wp\/v2\/pages\/128"}],"collection":[{"href":"https:\/\/www.granulati.it\/de\/wp-json\/wp\/v2\/pages"}],"about":[{"href":"https:\/\/www.granulati.it\/de\/wp-json\/wp\/v2\/types\/page"}],"author":[{"embeddable":true,"href":"https:\/\/www.granulati.it\/de\/wp-json\/wp\/v2\/users\/1"}],"replies":[{"embeddable":true,"href":"https:\/\/www.granulati.it\/de\/wp-json\/wp\/v2\/comments?post=128"}],"version-history":[{"count":643,"href":"https:\/\/www.granulati.it\/de\/wp-json\/wp\/v2\/pages\/128\/revisions"}],"predecessor-version":[{"id":84466,"href":"https:\/\/www.granulati.it\/de\/wp-json\/wp\/v2\/pages\/128\/revisions\/84466"}],"wp:attachment":[{"href":"https:\/\/www.granulati.it\/de\/wp-json\/wp\/v2\/media?parent=128"}],"curies":[{"name":"wp","href":"https:\/\/api.w.org\/{rel}","templated":true}]}}